{"id":196,"date":"2024-12-16T15:36:29","date_gmt":"2024-12-16T15:36:29","guid":{"rendered":"https:\/\/neurosurgicalsociety.lu\/about-us\/"},"modified":"2025-01-17T16:44:49","modified_gmt":"2025-01-17T16:44:49","slug":"ueber-uns","status":"publish","type":"page","link":"https:\/\/neurosurgicalsociety.lu\/de\/ueber-uns\/","title":{"rendered":"\u00dcber uns"},"content":{"rendered":"<div class=\"wpb-content-wrapper\"><p>[vc_section full_width=&#8220;stretch_row&#8220; min_height=&#8220;289&#8243; css=&#8220;.vc_custom_1734115520928{background-image: url(https:\/\/neurosurgicalsociety.lu\/wp-content\/uploads\/2024\/12\/Mask-Group-5.jpg?id=2) !important;}&#8220;][vc_row][vc_column][\/vc_column][\/vc_row][\/vc_section][vc_section full_width=&#8220;stretch_row&#8220; content_placement=&#8220;middle&#8220;][vc_row full_width=&#8220;stretch_row_content_no_spaces&#8220; content_placement=&#8220;middle&#8220;][vc_column width=&#8220;1\/2&#8243; css=&#8220;.vc_custom_1734116648319{background-color: #2B8899 !important;}&#8220; el_class=&#8220;max-half-width&#8220;][vc_column_text css=&#8220;&#8220;]<\/p>\n<h1 style=\"color: white; text-align: left;\">\u00dcber uns<\/h1>\n<p>[\/vc_column_text][\/vc_column][vc_column width=&#8220;1\/2&#8243;][\/vc_column][\/vc_row][\/vc_section][vc_section][vc_row css=&#8220;.vc_custom_1734117085525{margin-top: 100px !important;margin-bottom: 50px !important;}&#8220;][vc_column][vc_column_text css=&#8220;&#8220;]Willkommen auf der Website der <strong>Luxemburger Gesellschaft f\u00fcr Neurochirurgie und Wirbels\u00e4ulenchirurgie (SLNCR) ASBL<\/strong>, einer gemeinn\u00fctzigen wissenschaftlichen Organisation, die 2024 mit dem Ziel gegr\u00fcndet wurde, das Fachwissen im Bereich der Neurochirurgie und Wirbels\u00e4ulenpflege in Luxemburg zu harmonisieren. Als wichtiger Akteur bei der F\u00f6rderung der Neurochirurgie und Wirbels\u00e4ulenchirurgie in Luxemburg setzen sich unser wissenschaftliches Komitee und unsere Gesellschaft daf\u00fcr ein, das Fachgebiet voranzubringen und seine Zukunft zu gestalten.<\/p>\n<p>Die SLNCR ASBL hat einen sozial orientierten und gemeinn\u00fctzigen Auftrag mit folgenden Zielen:<\/p>\n<ul>\n<li><strong>F\u00f6rderung und Repr\u00e4sentation <\/strong>der wissenschaftlichen Errungenschaften der luxemburgischen Neurochirurgie, sowohl innerhalb des Landes als auch international;<\/li>\n<li><strong>Aufrechterhaltung der wissenschaftlichen Qualifikation <\/strong>seiner Mitglieder auf h\u00f6chstem Niveau;<\/li>\n<li><strong>F\u00f6rderung der Qualit\u00e4t der <\/strong>neurochirurgischen <strong>Versorgung <\/strong>im Gro\u00dfherzogtum Luxemburg.<\/li>\n<\/ul>\n<p>Bei der Verfolgung dieser Ziele konzentrieren wir uns auf:<\/p>\n<ul>\n<li><strong>F\u00f6rderung der Einbeziehung von Patienten <\/strong>in klinische Studien im Bereich der Neurochirurgie, die auf nationaler und internationaler Ebene durchgef\u00fchrt werden;<\/li>\n<li><strong>Beitrag zur st\u00e4ndigen Weiterbildung <\/strong>der in der Neurochirurgie t\u00e4tigen Fachleute;<\/li>\n<li><strong>Repr\u00e4sentation und Zusammenarbeit <\/strong>mit luxemburgischen Neurochirurgen durch Partnerschaften mit nationalen und internationalen Organisationen, die \u00e4hnliche Ziele verfolgen;<\/li>\n<li><strong>Organisation von Veranstaltungen <\/strong>f\u00fcr Neurochirurgen, Auszubildende in der Fachrichtung Neurochirurgie und Fach\u00e4rzte f\u00fcr Neurowissenschaften, einschlie\u00dflich Kursen &#8211; manchmal in Zusammenarbeit mit Partnern aus der Neurochirurgie;<\/li>\n<li><strong>Durchf\u00fchrung von Veranstaltungen <\/strong>f\u00fcr die breite \u00d6ffentlichkeit, um das Bewusstsein und das Verst\u00e4ndnis f\u00fcr die Neurochirurgie zu f\u00f6rdern;<\/li>\n<li><strong>Schutz und F\u00f6rderung der beruflichen Interessen <\/strong>unserer Mitglieder in Zusammenarbeit mit Berufsverb\u00e4nden.<\/li>\n<\/ul>\n<p>Wir halten die h\u00f6chsten Standards der medizinischen Ethik aufrecht und bieten den Patienten durch <strong>interdisziplin\u00e4re Zusammenarbeit<\/strong> umfassende Unterst\u00fctzung. Dazu geh\u00f6rt die enge Zusammenarbeit mit verwandten Fachgebieten wie der Neuroonkologie und die Behandlung komplexer Wirbels\u00e4ulenprobleme, die eine fortschrittliche, multidisziplin\u00e4re Betreuung erfordern.<\/p>\n<p>Die SLNCR ASBL f\u00f6rdert aktiv den <strong>Wissensaustausch und die Weiterbildung<\/strong> und organisiert Seminare f\u00fcr <strong>Patienten <\/strong>und <strong>medizinisches Fachpersonal<\/strong>. Diese Veranstaltungen richten sich an Allgemeinmediziner, Fach\u00e4rzte und Personen in der Ausbildung, um sicherzustellen, dass medizinische Fachkr\u00e4fte auf allen Ebenen mit den neuesten Kenntnissen und Techniken in der Neurochirurgie und Wirbels\u00e4ulenversorgung ausgestattet sind.<\/p>\n<p>Unsere Gesellschaft hei\u00dft <strong>Neurochirurgen<\/strong> und <strong>Wirbels\u00e4ulenchirurgen<\/strong> als Vollmitglieder willkommen, w\u00e4hrend jeder Arzt und jede Person\/Organisation, die an unserem Fachgebiet oder unseren Aktivit\u00e4ten interessiert ist, als angeschlossenes Mitglied beitreten kann. Dar\u00fcber hinaus wenden wir uns mit einem <strong>Newsletter<\/strong> an die breite \u00d6ffentlichkeit, um die Patienten \u00fcber die neuesten Entwicklungen in ihrer Versorgung und unsere geplanten Veranstaltungen zu informieren.<\/p>\n<p>Mit Blick auf die Zukunft strebt die SLNCR eine <strong>internationale Zusammenarbeit<\/strong> mit der European Society of Neurosurgery (EANS) und medizinischen Organisationen im Bereich der Wirbels\u00e4ule in Europa an. Unser Ziel ist es, die SLNCR als zentrale Drehscheibe f\u00fcr neurochirurgisches Fachwissen in Luxemburg zu positionieren und gleichzeitig unsere Partnerschaften in ganz Europa auszubauen.<\/p>\n<p>Bitte z\u00f6gern Sie nicht, uns zu kontaktieren, wenn Sie weitere Fragen haben.<\/p>\n<p>Zum Wohl,<\/p>\n<p>Die Vorstandskommission der Luxemburger Gesellschaft f\u00fcr Neurochirurgie und Wirbels\u00e4ulenchirurgie (SLNCR) ASBL.[\/vc_column_text][\/vc_column][\/vc_row][\/vc_section][vc_section disable_element=&#8220;yes&#8220;][vc_row css=&#8220;.vc_custom_1737129862640{margin-top: 100px !important;margin-bottom: 50px !important;}&#8220;][vc_column][vc_column_text css=&#8220;&#8220;]Sehr geehrte Kolleginnen und Kollegen!<\/p>\n<p>&nbsp;<\/p>\n<p>wir freuen uns, Ihnen die Gr\u00fcndung der <strong>Soci\u00e9t\u00e9 Luxembourgeoise de Neurochirurgie et de Chirurgie du Rachis ASBL (SLNCR)<\/strong> anzuk\u00fcndigen, die am 9. Juli 2024 mit Unterst\u00fctzung der European Association of Neurosurgery Societies (EANS), der Association des M\u00e9decins et M\u00e9decins-Dentistes (AMMD) und des Coll\u00e8ge M\u00e9dical gegr\u00fcndet wurde.<\/p>\n<p>Ziel der SLNCR ist es, Fach\u00e4rzte f\u00fcr Neurochirurgie und Wirbels\u00e4ulenchirurgie in Luxemburg zusammenzubringen, um den fachlichen und freundschaftlichen Austausch unter Kollegen zu f\u00f6rdern und gleichzeitig eine Plattform f\u00fcr die Interaktion mit der \u00c4rzteschaft, paramedizinischen Berufen, \u00f6ffentlichen Einrichtungen und der breiten \u00d6ffentlichkeit zu bilden.<\/p>\n<p>Unsere Mission ist es, hervorragende Pflege, Bildung und Forschung zu f\u00f6rdern und gleichzeitig die \u00d6ffentlichkeit f\u00fcr die Fortschritte in den entsprechenden Bereichen zu sensibilisieren.<\/p>\n<p>&nbsp;<\/p>\n<p><strong>Bevorstehende Veranstaltungen :<\/strong><\/p>\n<p>Wir freuen uns, Sie zu unserer <strong>ersten Generalversammlung<\/strong> einladen zu k\u00f6nnen :<\/p>\n<ul>\n<li><strong>Datum:<\/strong> Mittwoch, 26. Februar 2025<\/li>\n<li><strong>Uhrzeit:<\/strong> 19.00 Uhr<\/li>\n<li><strong>Ort:<\/strong> Auditorium des Kirchberg-Krankenhauses.<\/li>\n<\/ul>\n<p>&nbsp;<\/p>\n<p><strong>Aktuelle Ziele, die auf der Tagung vorgestellt wurden :<\/strong><\/p>\n<ul>\n<li>F\u00f6rderung einer hervorragenden Versorgung in der Neurochirurgie und Wirbels\u00e4ulenchirurgie in Luxemburg.<\/li>\n<li>Die Zusammenarbeit und den Wissensaustausch zwischen Fachkr\u00e4ften des Gesundheitswesens f\u00f6rdern.<\/li>\n<li>Viertelj\u00e4hrliche Symposien f\u00fcr Angeh\u00f6rige der Gesundheitsberufe, \u00c4rzte und die breite \u00d6ffentlichkeit sowie eine j\u00e4hrliche internationale wissenschaftliche Veranstaltung organisieren.<\/li>\n<li>Patienten \u00fcber unsere im Aufbau befindliche Website<a href=\"http:\/\/www.neurosurgicalsociety.lu\/\"><strong>(neurosurgicalsociety.lu<\/strong><\/a>) Ressourcen und Informationen zu<a href=\"http:\/\/www.neurosurgicalsociety.lu\/\"><strong>neurochirurgischen<\/strong><\/a> Eingriffen zur Verf\u00fcgung zu stellen.<\/li>\n<\/ul>\n<p>&nbsp;<\/p>\n<p>Wir begr\u00fc\u00dfen auch <strong>&#8222;assoziierte Mitglieder&#8220;<\/strong>, die aus allen medizinischen Fachbereichen kommen, Assistenz\u00e4rzte, Medizinstudenten und alle, die sich f\u00fcr Neurochirurgie oder Wirbels\u00e4ulenchirurgie interessieren.<\/p>\n<p>Wir laden alle Angeh\u00f6rigen der Gesundheitsberufe und Akteure des medizinischen und paramedizinischen Sektors ein, der SLNCR beizutreten, um die Zukunft der Neurochirurgie und der Wirbels\u00e4ulenchirurgie in Luxemburg mitzugestalten. Ihre Teilnahme wird es erm\u00f6glichen, eine engagierte interdisziplin\u00e4re Gemeinschaft aufzubauen, die sich um eine hervorragende Versorgung bem\u00fcht und sich f\u00fcr die Bildung und Sensibilisierung der breiten \u00d6ffentlichkeit einsetzt.<\/p>\n<p>Wir w\u00fcrden uns freuen, wenn Sie an der Generalversammlung teilnehmen w\u00fcrden. Um Ihre Teilnahme zu best\u00e4tigen, senden Sie uns bitte eine E-Mail mit Ihrem Vor- und Nachnamen an: <a href=\"mailto:contact@neurosurgicalsociety.lu\"><strong>contact@neurosurgicalsociety.lu<\/strong><\/a>.<\/p>\n<p>&nbsp;<\/p>\n<p><a href=\"http:\/\/www.neurosurgicalsociety.lu\/\"><strong>Schlie\u00dfen Sie sich uns an!<\/strong><\/a><\/p>\n<p>Wir freuen uns darauf, Sie dort zahlreich zu treffen,<\/p>\n<p>&nbsp;<\/p>\n<p>Mit freundlichen Gr\u00fc\u00dfen,<\/p>\n<p>Im Namen der Soci\u00e9t\u00e9 Luxembourgeoise de Neurochirurgie et de Chirurgie du Rachis a.s.b.l.,<\/p>\n<p>&nbsp;<\/p>\n<p>Dr. Lynn Schroeder<\/p>\n<p><em>Vorsitzende<\/em>[\/vc_column_text][\/vc_column][\/vc_row][\/vc_section]<\/p>\n<\/div>","protected":false},"excerpt":{"rendered":"<p>[vc_section full_width=&#8220;stretch_row&#8220; min_height=&#8220;289&#8243; css=&#8220;.vc_custom_1734115520928{background-image: url(https:\/\/neurosurgicalsociety.lu\/wp-content\/uploads\/2024\/12\/Mask-Group-5.jpg?id=2) !important;}&#8220;][vc_row][vc_column][\/vc_column][\/vc_row][\/vc_section][vc_section full_width=&#8220;stretch_row&#8220; content_placement=&#8220;middle&#8220;][vc_row full_width=&#8220;stretch_row_content_no_spaces&#8220; content_placement=&#8220;middle&#8220;][vc_column width=&#8220;1\/2&#8243; css=&#8220;.vc_custom_1734116648319{background-color: #2B8899 !important;}&#8220; el_class=&#8220;max-half-width&#8220;][vc_column_text css=&#8220;&#8220;] \u00dcber uns [\/vc_column_text][\/vc_column][vc_column width=&#8220;1\/2&#8243;][\/vc_column][\/vc_row][\/vc_section][vc_section][vc_row css=&#8220;.vc_custom_1734117085525{margin-top: 100px !important;margin-bottom: 50px !important;}&#8220;][vc_column][vc_column_text css=&#8220;&#8220;]Willkommen<span class=\"excerpt-hellip\"> [\u2026]<\/span><\/p>\n","protected":false},"author":1,"featured_media":0,"parent":0,"menu_order":0,"comment_status":"closed","ping_status":"closed","template":"","meta":{"footnotes":""},"class_list":["post-196","page","type-page","status-publish","hentry"],"yoast_head":"<!-- This site is optimized with the Yoast SEO plugin v26.2 - https:\/\/yoast.com\/wordpress\/plugins\/seo\/ -->\n<title>\u00dcber uns - neurosurgicalsociety<\/title>\n<meta name=\"robots\" content=\"index, follow, max-snippet:-1, max-image-preview:large, max-video-preview:-1\" \/>\n<link rel=\"canonical\" href=\"https:\/\/neurosurgicalsociety.lu\/de\/ueber-uns\/\" \/>\n<meta property=\"og:locale\" content=\"de_DE\" \/>\n<meta property=\"og:type\" content=\"article\" \/>\n<meta property=\"og:title\" content=\"\u00dcber uns - neurosurgicalsociety\" \/>\n<meta property=\"og:description\" content=\"[vc_section full_width=&#8220;stretch_row&#8220; min_height=&#8220;289&#8243; css=&#8220;.vc_custom_1734115520928{background-image: url(https:\/\/neurosurgicalsociety.lu\/wp-content\/uploads\/2024\/12\/Mask-Group-5.jpg?id=2) !important;}&#8220;][vc_row][vc_column][\/vc_column][\/vc_row][\/vc_section][vc_section full_width=&#8220;stretch_row&#8220; content_placement=&#8220;middle&#8220;][vc_row full_width=&#8220;stretch_row_content_no_spaces&#8220; content_placement=&#8220;middle&#8220;][vc_column width=&#8220;1\/2&#8243; css=&#8220;.vc_custom_1734116648319{background-color: #2B8899 !important;}&#8220; el_class=&#8220;max-half-width&#8220;][vc_column_text css=&#8220;&#8220;] \u00dcber uns [\/vc_column_text][\/vc_column][vc_column width=&#8220;1\/2&#8243;][\/vc_column][\/vc_row][\/vc_section][vc_section][vc_row css=&#8220;.vc_custom_1734117085525{margin-top: 100px !important;margin-bottom: 50px !important;}&#8220;][vc_column][vc_column_text css=&#8220;&#8220;]Willkommen [\u2026]\" \/>\n<meta property=\"og:url\" content=\"https:\/\/neurosurgicalsociety.lu\/de\/ueber-uns\/\" \/>\n<meta property=\"og:site_name\" content=\"neurosurgicalsociety\" \/>\n<meta property=\"article:modified_time\" content=\"2025-01-17T16:44:49+00:00\" \/>\n<meta name=\"twitter:card\" content=\"summary_large_image\" \/>\n<meta name=\"twitter:label1\" content=\"Gesch\u00e4tzte Lesezeit\" \/>\n\t<meta name=\"twitter:data1\" content=\"4\u00a0Minuten\" \/>\n<script type=\"application\/ld+json\" class=\"yoast-schema-graph\">{\"@context\":\"https:\/\/schema.org\",\"@graph\":[{\"@type\":\"WebPage\",\"@id\":\"https:\/\/neurosurgicalsociety.lu\/de\/ueber-uns\/\",\"url\":\"https:\/\/neurosurgicalsociety.lu\/de\/ueber-uns\/\",\"name\":\"\u00dcber uns - neurosurgicalsociety\",\"isPartOf\":{\"@id\":\"https:\/\/neurosurgicalsociety.lu\/#website\"},\"datePublished\":\"2024-12-16T15:36:29+00:00\",\"dateModified\":\"2025-01-17T16:44:49+00:00\",\"breadcrumb\":{\"@id\":\"https:\/\/neurosurgicalsociety.lu\/de\/ueber-uns\/#breadcrumb\"},\"inLanguage\":\"de\",\"potentialAction\":[{\"@type\":\"ReadAction\",\"target\":[\"https:\/\/neurosurgicalsociety.lu\/de\/ueber-uns\/\"]}]},{\"@type\":\"BreadcrumbList\",\"@id\":\"https:\/\/neurosurgicalsociety.lu\/de\/ueber-uns\/#breadcrumb\",\"itemListElement\":[{\"@type\":\"ListItem\",\"position\":1,\"name\":\"Home\",\"item\":\"https:\/\/neurosurgicalsociety.lu\/de\/\"},{\"@type\":\"ListItem\",\"position\":2,\"name\":\"\u00dcber uns\"}]},{\"@type\":\"WebSite\",\"@id\":\"https:\/\/neurosurgicalsociety.lu\/#website\",\"url\":\"https:\/\/neurosurgicalsociety.lu\/\",\"name\":\"neurosurgicalsociety\",\"description\":\"neurosurgicalsociety\",\"potentialAction\":[{\"@type\":\"SearchAction\",\"target\":{\"@type\":\"EntryPoint\",\"urlTemplate\":\"https:\/\/neurosurgicalsociety.lu\/?s={search_term_string}\"},\"query-input\":{\"@type\":\"PropertyValueSpecification\",\"valueRequired\":true,\"valueName\":\"search_term_string\"}}],\"inLanguage\":\"de\"}]}<\/script>\n<!-- \/ Yoast SEO plugin. -->","yoast_head_json":{"title":"\u00dcber uns - neurosurgicalsociety","robots":{"index":"index","follow":"follow","max-snippet":"max-snippet:-1","max-image-preview":"max-image-preview:large","max-video-preview":"max-video-preview:-1"},"canonical":"https:\/\/neurosurgicalsociety.lu\/de\/ueber-uns\/","og_locale":"de_DE","og_type":"article","og_title":"\u00dcber uns - neurosurgicalsociety","og_description":"[vc_section full_width=&#8220;stretch_row&#8220; min_height=&#8220;289&#8243; css=&#8220;.vc_custom_1734115520928{background-image: url(https:\/\/neurosurgicalsociety.lu\/wp-content\/uploads\/2024\/12\/Mask-Group-5.jpg?id=2) !important;}&#8220;][vc_row][vc_column][\/vc_column][\/vc_row][\/vc_section][vc_section full_width=&#8220;stretch_row&#8220; content_placement=&#8220;middle&#8220;][vc_row full_width=&#8220;stretch_row_content_no_spaces&#8220; content_placement=&#8220;middle&#8220;][vc_column width=&#8220;1\/2&#8243; css=&#8220;.vc_custom_1734116648319{background-color: #2B8899 !important;}&#8220; el_class=&#8220;max-half-width&#8220;][vc_column_text css=&#8220;&#8220;] \u00dcber uns [\/vc_column_text][\/vc_column][vc_column width=&#8220;1\/2&#8243;][\/vc_column][\/vc_row][\/vc_section][vc_section][vc_row css=&#8220;.vc_custom_1734117085525{margin-top: 100px !important;margin-bottom: 50px !important;}&#8220;][vc_column][vc_column_text css=&#8220;&#8220;]Willkommen [\u2026]","og_url":"https:\/\/neurosurgicalsociety.lu\/de\/ueber-uns\/","og_site_name":"neurosurgicalsociety","article_modified_time":"2025-01-17T16:44:49+00:00","twitter_card":"summary_large_image","twitter_misc":{"Gesch\u00e4tzte Lesezeit":"4\u00a0Minuten"},"schema":{"@context":"https:\/\/schema.org","@graph":[{"@type":"WebPage","@id":"https:\/\/neurosurgicalsociety.lu\/de\/ueber-uns\/","url":"https:\/\/neurosurgicalsociety.lu\/de\/ueber-uns\/","name":"\u00dcber uns - neurosurgicalsociety","isPartOf":{"@id":"https:\/\/neurosurgicalsociety.lu\/#website"},"datePublished":"2024-12-16T15:36:29+00:00","dateModified":"2025-01-17T16:44:49+00:00","breadcrumb":{"@id":"https:\/\/neurosurgicalsociety.lu\/de\/ueber-uns\/#breadcrumb"},"inLanguage":"de","potentialAction":[{"@type":"ReadAction","target":["https:\/\/neurosurgicalsociety.lu\/de\/ueber-uns\/"]}]},{"@type":"BreadcrumbList","@id":"https:\/\/neurosurgicalsociety.lu\/de\/ueber-uns\/#breadcrumb","itemListElement":[{"@type":"ListItem","position":1,"name":"Home","item":"https:\/\/neurosurgicalsociety.lu\/de\/"},{"@type":"ListItem","position":2,"name":"\u00dcber uns"}]},{"@type":"WebSite","@id":"https:\/\/neurosurgicalsociety.lu\/#website","url":"https:\/\/neurosurgicalsociety.lu\/","name":"neurosurgicalsociety","description":"neurosurgicalsociety","potentialAction":[{"@type":"SearchAction","target":{"@type":"EntryPoint","urlTemplate":"https:\/\/neurosurgicalsociety.lu\/?s={search_term_string}"},"query-input":{"@type":"PropertyValueSpecification","valueRequired":true,"valueName":"search_term_string"}}],"inLanguage":"de"}]}},"_links":{"self":[{"href":"https:\/\/neurosurgicalsociety.lu\/de\/wp-json\/wp\/v2\/pages\/196","targetHints":{"allow":["GET"]}}],"collection":[{"href":"https:\/\/neurosurgicalsociety.lu\/de\/wp-json\/wp\/v2\/pages"}],"about":[{"href":"https:\/\/neurosurgicalsociety.lu\/de\/wp-json\/wp\/v2\/types\/page"}],"author":[{"embeddable":true,"href":"https:\/\/neurosurgicalsociety.lu\/de\/wp-json\/wp\/v2\/users\/1"}],"replies":[{"embeddable":true,"href":"https:\/\/neurosurgicalsociety.lu\/de\/wp-json\/wp\/v2\/comments?post=196"}],"version-history":[{"count":3,"href":"https:\/\/neurosurgicalsociety.lu\/de\/wp-json\/wp\/v2\/pages\/196\/revisions"}],"predecessor-version":[{"id":294,"href":"https:\/\/neurosurgicalsociety.lu\/de\/wp-json\/wp\/v2\/pages\/196\/revisions\/294"}],"wp:attachment":[{"href":"https:\/\/neurosurgicalsociety.lu\/de\/wp-json\/wp\/v2\/media?parent=196"}],"curies":[{"name":"wp","href":"https:\/\/api.w.org\/{rel}","templated":true}]}}