{"id":212,"date":"2024-12-12T15:25:04","date_gmt":"2024-12-12T15:25:04","guid":{"rendered":"https:\/\/neurosurgicalsociety.lu\/?page_id=212"},"modified":"2025-10-26T13:19:20","modified_gmt":"2025-10-26T13:19:20","slug":"home","status":"publish","type":"page","link":"https:\/\/neurosurgicalsociety.lu\/de\/","title":{"rendered":"Home"},"content":{"rendered":"<div class=\"wpb-content-wrapper\"><p>[vc_section full_width=&#8220;stretch_row&#8220; css=&#8220;.vc_custom_1734103721378{margin-top: -25px !important;}&#8220;][vc_row equal_height=&#8220;yes&#8220;][vc_column width=&#8220;1\/2&#8243; el_class=&#8220;position-split&#8220; offset=&#8220;vc_hidden-sm vc_hidden-xs&#8220;][vc_single_image image=&#8220;305&#8243; img_size=&#8220;full&#8220; alignment=&#8220;right&#8220; css=&#8220;.vc_custom_1737619015966{margin-top: 220px !important;}&#8220;][vc_column_text css=&#8220;.vc_custom_1734366546937{padding-top: 60px !important;padding-right: 60px !important;padding-bottom: 60px !important;padding-left: 60px !important;background-color: #2B8899 !important;}&#8220; el_class=&#8220;position-bottom&#8220;]<span style=\"color: #ffffff;\">Willkommen auf der Website der Luxemburger Gesellschaft f\u00fcr Neurochirurgie und Wirbels\u00e4ulenchirurgie (SLNCR) ASBL, einer gemeinn\u00fctzigen wissenschaftlichen Organisation, die 2024 mit dem Ziel gegr\u00fcndet wurde, das Fachwissen im Bereich der Neurochirurgie und Wirbels\u00e4ulenpflege in Luxemburg zu harmonisieren. Als wichtiger Akteur bei der F\u00f6rderung der Neurochirurgie und Wirbels\u00e4ulenchirurgie in Luxemburg setzen sich unser wissenschaftliches Komitee und unsere Gesellschaft daf\u00fcr ein, das Fachgebiet voranzubringen und seine Zukunft zu gestalten.<\/span>[\/vc_column_text][\/vc_column][vc_column width=&#8220;1\/2&#8243; offset=&#8220;vc_hidden-sm vc_hidden-xs&#8220;][vc_single_image image=&#8220;3&#8243; img_size=&#8220;851&#215;940&#8243; alignment=&#8220;center&#8220; css=&#8220;.vc_custom_1734103638026{margin-bottom: 0px !important;padding-bottom: 0px !important;}&#8220;][\/vc_column][\/vc_row][vc_row][vc_column offset=&#8220;vc_hidden-lg vc_hidden-md&#8220;][vc_single_image image=&#8220;4&#8243; img_size=&#8220;full&#8220; alignment=&#8220;center&#8220; css=&#8220;.vc_custom_1734120159914{margin-top: 50px !important;}&#8220;][vc_column_text css=&#8220;.vc_custom_1734366552662{padding-top: 60px !important;padding-right: 60px !important;padding-bottom: 60px !important;padding-left: 60px !important;background-color: #2B8899 !important;}&#8220;]<span style=\"color: #ffffff;\">Willkommen auf der Website der Luxemburger Gesellschaft f\u00fcr Neurochirurgie und Wirbels\u00e4ulenchirurgie (SLNCR) ASBL, einer gemeinn\u00fctzigen wissenschaftlichen Organisation, die 2024 mit dem Ziel gegr\u00fcndet wurde, das Fachwissen im Bereich der Neurochirurgie und Wirbels\u00e4ulenpflege in Luxemburg zu harmonisieren. Als wichtiger Akteur bei der F\u00f6rderung der Neurochirurgie und Wirbels\u00e4ulenchirurgie in Luxemburg setzen sich unser wissenschaftliches Komitee und unsere Gesellschaft daf\u00fcr ein, das Fachgebiet voranzubringen und seine Zukunft zu gestalten.<\/span>[\/vc_column_text][vc_single_image image=&#8220;3&#8243; img_size=&#8220;851&#215;940&#8243; alignment=&#8220;center&#8220; css=&#8220;.vc_custom_1734103638026{margin-bottom: 0px !important;padding-bottom: 0px !important;}&#8220;][\/vc_column][\/vc_row][\/vc_section][vc_section css=&#8220;.vc_custom_1734104015439{margin-top: 30px !important;}&#8220;][vc_row equal_height=&#8220;yes&#8220; content_placement=&#8220;top&#8220;][vc_column width=&#8220;1\/3&#8243;][vc_single_image image=&#8220;7&#8243; img_size=&#8220;full&#8220; alignment=&#8220;center&#8220; css=&#8220;&#8220;][vc_column_text css=&#8220;&#8220;]<\/p>\n<h2 style=\"text-align: center;\">NEUIGKEITEN<\/h2>\n<p>Willkommen auf der Website der <strong>Luxemburger Gesellschaft f\u00fcr Neurochirurgie und Wirbels\u00e4ulenchirurgie (SLNCR) ASBL<\/strong>, auf der Sie sich \u00fcber unsere neuesten Nachrichten und Updates informieren k\u00f6nnen.[\/vc_column_text][vc_btn title=&#8220;Zur Seite&#8220; style=&#8220;custom&#8220; custom_background=&#8220;#2B8899&#8243; custom_text=&#8220;#FFFFFF&#8220; shape=&#8220;square&#8220; size=&#8220;lg&#8220; align=&#8220;center&#8220; css=&#8220;&#8220; button_block=&#8220;true&#8220; link=&#8220;url:%2Fnews&#8220; el_class=&#8220;custom_btn&#8220;][\/vc_column][vc_column width=&#8220;1\/3&#8243;][vc_single_image image=&#8220;174&#8243; img_size=&#8220;full&#8220; alignment=&#8220;center&#8220; css=&#8220;&#8220;][vc_column_text css=&#8220;&#8220;]<\/p>\n<h2 style=\"text-align: center;\">PARTNERS<\/h2>\n<p style=\"text-align: center;\">Werden Sie Partner \u2013 Vernetzen Sie sich, kooperieren Sie und erh\u00f6hen Sie Ihre Sichtbarkeit in der Neurochirurgie und Wirbels\u00e4ulenversorgung. Entdecken Sie unsere Partner.<\/p>\n<div id=\"gtx-trans\" style=\"position: absolute; left: 315px; top: 47.8906px;\">\n<div class=\"gtx-trans-icon\"><\/div>\n<\/div>\n<p>[\/vc_column_text][vc_btn title=&#8220;Zur Seite&#8220; style=&#8220;custom&#8220; custom_background=&#8220;#2B8899&#8243; custom_text=&#8220;#FFFFFF&#8220; shape=&#8220;square&#8220; size=&#8220;lg&#8220; align=&#8220;center&#8220; css=&#8220;&#8220; button_block=&#8220;true&#8220; link=&#8220;url:%2Fde%2Fpartners%2F&#8220; el_class=&#8220;custom_btn&#8220;][\/vc_column][vc_column width=&#8220;1\/3&#8243;][vc_single_image image=&#8220;8&#8243; img_size=&#8220;full&#8220; alignment=&#8220;center&#8220; css=&#8220;&#8220;][vc_column_text css=&#8220;&#8220;]<\/p>\n<h2 style=\"text-align: center;\">MITGLIEDER<\/h2>\n<p>Treffen Sie die Vorstandsmitglieder der Luxemburger Gesellschaft f\u00fcr Neurochirurgie und Wirbels\u00e4ulenchirurgie (SLNCR)[\/vc_column_text][vc_btn title=&#8220;Zur Seite&#8220; style=&#8220;custom&#8220; custom_background=&#8220;#2B8899&#8243; custom_text=&#8220;#FFFFFF&#8220; shape=&#8220;square&#8220; size=&#8220;lg&#8220; align=&#8220;center&#8220; css=&#8220;&#8220; button_block=&#8220;true&#8220; link=&#8220;url:%2Fmembers%2F|title:Members&#8220; el_class=&#8220;custom_btn&#8220;][\/vc_column][\/vc_row][\/vc_section][vc_row][vc_column][vc_column_text]<br \/>\n[\/vc_column_text][\/vc_column][\/vc_row][vc_section][vc_row][vc_column][vc_separator css=&#8220;&#8220;][vc_column_text css=&#8220;&#8220;]<\/p>\n<h2>Aktuelle Neuigkeiten<\/h2>\n<p>[\/vc_column_text][vc_basic_grid post_type=&#8220;post&#8220; max_items=&#8220;4&#8243; element_width=&#8220;3&#8243; css=&#8220;&#8220; grid_id=&#8220;vc_gid:1761484755564-299b5a13-68aa-7&#8243; taxonomies=&#8220;15, 25&#8243;][\/vc_column][\/vc_row][\/vc_section]<\/p>\n<\/div>","protected":false},"excerpt":{"rendered":"<p>[vc_section full_width=&#8220;stretch_row&#8220; css=&#8220;.vc_custom_1734103721378{margin-top: -25px !important;}&#8220;][vc_row equal_height=&#8220;yes&#8220;][vc_column width=&#8220;1\/2&#8243; el_class=&#8220;position-split&#8220; offset=&#8220;vc_hidden-sm vc_hidden-xs&#8220;][vc_single_image image=&#8220;305&#8243; img_size=&#8220;full&#8220; alignment=&#8220;right&#8220; css=&#8220;.vc_custom_1737619015966{margin-top: 220px !important;}&#8220;][vc_column_text css=&#8220;.vc_custom_1734366546937{padding-top: 60px !important;padding-right: 60px !important;padding-bottom: 60px !important;padding-left: 60px !important;background-color: #2B8899<span class=\"excerpt-hellip\"> [\u2026]<\/span><\/p>\n","protected":false},"author":1,"featured_media":0,"parent":0,"menu_order":0,"comment_status":"closed","ping_status":"closed","template":"","meta":{"footnotes":""},"class_list":["post-212","page","type-page","status-publish","hentry"],"yoast_head":"<!-- This site is optimized with the Yoast SEO plugin v26.2 - https:\/\/yoast.com\/wordpress\/plugins\/seo\/ -->\n<title>Home - neurosurgicalsociety<\/title>\n<meta name=\"robots\" content=\"index, follow, max-snippet:-1, max-image-preview:large, max-video-preview:-1\" \/>\n<link rel=\"canonical\" href=\"https:\/\/neurosurgicalsociety.lu\/de\/\" \/>\n<meta property=\"og:locale\" content=\"de_DE\" \/>\n<meta property=\"og:type\" content=\"article\" \/>\n<meta property=\"og:title\" content=\"Home - neurosurgicalsociety\" \/>\n<meta property=\"og:description\" content=\"[vc_section full_width=&#8220;stretch_row&#8220; css=&#8220;.vc_custom_1734103721378{margin-top: -25px !important;}&#8220;][vc_row equal_height=&#8220;yes&#8220;][vc_column width=&#8220;1\/2&#8243; el_class=&#8220;position-split&#8220; offset=&#8220;vc_hidden-sm vc_hidden-xs&#8220;][vc_single_image image=&#8220;305&#8243; img_size=&#8220;full&#8220; alignment=&#8220;right&#8220; css=&#8220;.vc_custom_1737619015966{margin-top: 220px !important;}&#8220;][vc_column_text css=&#8220;.vc_custom_1734366546937{padding-top: 60px !important;padding-right: 60px !important;padding-bottom: 60px !important;padding-left: 60px !important;background-color: #2B8899 [\u2026]\" \/>\n<meta property=\"og:url\" content=\"https:\/\/neurosurgicalsociety.lu\/de\/\" \/>\n<meta property=\"og:site_name\" content=\"neurosurgicalsociety\" \/>\n<meta property=\"article:modified_time\" content=\"2025-10-26T13:19:20+00:00\" \/>\n<meta name=\"twitter:card\" content=\"summary_large_image\" \/>\n<meta name=\"twitter:label1\" content=\"Gesch\u00e4tzte Lesezeit\" \/>\n\t<meta name=\"twitter:data1\" content=\"3\u00a0Minuten\" \/>\n<script type=\"application\/ld+json\" class=\"yoast-schema-graph\">{\"@context\":\"https:\/\/schema.org\",\"@graph\":[{\"@type\":\"WebPage\",\"@id\":\"https:\/\/neurosurgicalsociety.lu\/de\/\",\"url\":\"https:\/\/neurosurgicalsociety.lu\/de\/\",\"name\":\"Home - neurosurgicalsociety\",\"isPartOf\":{\"@id\":\"https:\/\/neurosurgicalsociety.lu\/#website\"},\"datePublished\":\"2024-12-12T15:25:04+00:00\",\"dateModified\":\"2025-10-26T13:19:20+00:00\",\"breadcrumb\":{\"@id\":\"https:\/\/neurosurgicalsociety.lu\/de\/#breadcrumb\"},\"inLanguage\":\"de\",\"potentialAction\":[{\"@type\":\"ReadAction\",\"target\":[\"https:\/\/neurosurgicalsociety.lu\/de\/\"]}]},{\"@type\":\"BreadcrumbList\",\"@id\":\"https:\/\/neurosurgicalsociety.lu\/de\/#breadcrumb\",\"itemListElement\":[{\"@type\":\"ListItem\",\"position\":1,\"name\":\"Home\",\"item\":\"https:\/\/neurosurgicalsociety.lu\/de\/\"},{\"@type\":\"ListItem\",\"position\":2,\"name\":\"Home\"}]},{\"@type\":\"WebSite\",\"@id\":\"https:\/\/neurosurgicalsociety.lu\/#website\",\"url\":\"https:\/\/neurosurgicalsociety.lu\/\",\"name\":\"neurosurgicalsociety\",\"description\":\"neurosurgicalsociety\",\"potentialAction\":[{\"@type\":\"SearchAction\",\"target\":{\"@type\":\"EntryPoint\",\"urlTemplate\":\"https:\/\/neurosurgicalsociety.lu\/?s={search_term_string}\"},\"query-input\":{\"@type\":\"PropertyValueSpecification\",\"valueRequired\":true,\"valueName\":\"search_term_string\"}}],\"inLanguage\":\"de\"}]}<\/script>\n<!-- \/ Yoast SEO plugin. -->","yoast_head_json":{"title":"Home - neurosurgicalsociety","robots":{"index":"index","follow":"follow","max-snippet":"max-snippet:-1","max-image-preview":"max-image-preview:large","max-video-preview":"max-video-preview:-1"},"canonical":"https:\/\/neurosurgicalsociety.lu\/de\/","og_locale":"de_DE","og_type":"article","og_title":"Home - neurosurgicalsociety","og_description":"[vc_section full_width=&#8220;stretch_row&#8220; css=&#8220;.vc_custom_1734103721378{margin-top: -25px !important;}&#8220;][vc_row equal_height=&#8220;yes&#8220;][vc_column width=&#8220;1\/2&#8243; el_class=&#8220;position-split&#8220; offset=&#8220;vc_hidden-sm vc_hidden-xs&#8220;][vc_single_image image=&#8220;305&#8243; img_size=&#8220;full&#8220; alignment=&#8220;right&#8220; css=&#8220;.vc_custom_1737619015966{margin-top: 220px !important;}&#8220;][vc_column_text css=&#8220;.vc_custom_1734366546937{padding-top: 60px !important;padding-right: 60px !important;padding-bottom: 60px !important;padding-left: 60px !important;background-color: #2B8899 [\u2026]","og_url":"https:\/\/neurosurgicalsociety.lu\/de\/","og_site_name":"neurosurgicalsociety","article_modified_time":"2025-10-26T13:19:20+00:00","twitter_card":"summary_large_image","twitter_misc":{"Gesch\u00e4tzte Lesezeit":"3\u00a0Minuten"},"schema":{"@context":"https:\/\/schema.org","@graph":[{"@type":"WebPage","@id":"https:\/\/neurosurgicalsociety.lu\/de\/","url":"https:\/\/neurosurgicalsociety.lu\/de\/","name":"Home - neurosurgicalsociety","isPartOf":{"@id":"https:\/\/neurosurgicalsociety.lu\/#website"},"datePublished":"2024-12-12T15:25:04+00:00","dateModified":"2025-10-26T13:19:20+00:00","breadcrumb":{"@id":"https:\/\/neurosurgicalsociety.lu\/de\/#breadcrumb"},"inLanguage":"de","potentialAction":[{"@type":"ReadAction","target":["https:\/\/neurosurgicalsociety.lu\/de\/"]}]},{"@type":"BreadcrumbList","@id":"https:\/\/neurosurgicalsociety.lu\/de\/#breadcrumb","itemListElement":[{"@type":"ListItem","position":1,"name":"Home","item":"https:\/\/neurosurgicalsociety.lu\/de\/"},{"@type":"ListItem","position":2,"name":"Home"}]},{"@type":"WebSite","@id":"https:\/\/neurosurgicalsociety.lu\/#website","url":"https:\/\/neurosurgicalsociety.lu\/","name":"neurosurgicalsociety","description":"neurosurgicalsociety","potentialAction":[{"@type":"SearchAction","target":{"@type":"EntryPoint","urlTemplate":"https:\/\/neurosurgicalsociety.lu\/?s={search_term_string}"},"query-input":{"@type":"PropertyValueSpecification","valueRequired":true,"valueName":"search_term_string"}}],"inLanguage":"de"}]}},"_links":{"self":[{"href":"https:\/\/neurosurgicalsociety.lu\/de\/wp-json\/wp\/v2\/pages\/212","targetHints":{"allow":["GET"]}}],"collection":[{"href":"https:\/\/neurosurgicalsociety.lu\/de\/wp-json\/wp\/v2\/pages"}],"about":[{"href":"https:\/\/neurosurgicalsociety.lu\/de\/wp-json\/wp\/v2\/types\/page"}],"author":[{"embeddable":true,"href":"https:\/\/neurosurgicalsociety.lu\/de\/wp-json\/wp\/v2\/users\/1"}],"replies":[{"embeddable":true,"href":"https:\/\/neurosurgicalsociety.lu\/de\/wp-json\/wp\/v2\/comments?post=212"}],"version-history":[{"count":14,"href":"https:\/\/neurosurgicalsociety.lu\/de\/wp-json\/wp\/v2\/pages\/212\/revisions"}],"predecessor-version":[{"id":747,"href":"https:\/\/neurosurgicalsociety.lu\/de\/wp-json\/wp\/v2\/pages\/212\/revisions\/747"}],"wp:attachment":[{"href":"https:\/\/neurosurgicalsociety.lu\/de\/wp-json\/wp\/v2\/media?parent=212"}],"curies":[{"name":"wp","href":"https:\/\/api.w.org\/{rel}","templated":true}]}}