{"id":218,"date":"2024-12-12T15:19:23","date_gmt":"2024-12-12T15:19:23","guid":{"rendered":"https:\/\/neurosurgicalsociety.lu\/?page_id=218"},"modified":"2025-02-11T07:44:03","modified_gmt":"2025-02-11T07:44:03","slug":"mitglieder","status":"publish","type":"page","link":"https:\/\/neurosurgicalsociety.lu\/de\/mitglieder\/","title":{"rendered":"Mitglieder"},"content":{"rendered":"<div class=\"wpb-content-wrapper\"><p>[vc_section full_width=&#8220;stretch_row&#8220; min_height=&#8220;289&#8243; css=&#8220;.vc_custom_1734016874894{background-image: url(https:\/\/neurosurgicalsociety.lu\/wp-content\/uploads\/2024\/12\/Mask-Group-5.jpg?id=2) !important;background-position: center !important;background-repeat: no-repeat !important;background-size: cover !important;}&#8220;][vc_row][vc_column][\/vc_column][\/vc_row][\/vc_section][vc_section full_width=&#8220;stretch_row_content&#8220;][vc_row full_width=&#8220;stretch_row_content_no_spaces&#8220;][vc_column width=&#8220;2\/3&#8243; css=&#8220;.vc_custom_1734118527335{background-color: #2B8899 !important;}&#8220; el_class=&#8220;max-75-width&#8220;][vc_column_text css=&#8220;&#8220;]<\/p>\n<h1><span style=\"color: #ffffff;\">Treffen Sie die Vorstandsmitglieder der Luxemburger Gesellschaft f\u00fcr Neurochirurgie und Wirbels\u00e4ulenchirurgie (SLNCR)<\/span><\/h1>\n<p>[\/vc_column_text][\/vc_column][vc_column width=&#8220;1\/3&#8243;][\/vc_column][\/vc_row][\/vc_section][vc_section css=&#8220;.vc_custom_1734118918036{margin-top: 50px !important;margin-bottom: 50px !important;}&#8220;][vc_row][vc_column][vc_column_text css=&#8220;&#8220;]Die SLNCR wird von einem engagierten Team von Fachleuten geleitet, von denen jeder einzigartige F\u00e4higkeiten und Fachkenntnisse mitbringt, um die Aufgabe der Gesellschaft zu unterst\u00fctzen, die neurochirurgische und Wirbels\u00e4ulenversorgung in Luxemburg zu f\u00f6rdern und die Zusammenarbeit auf nationaler und internationaler Ebene zu unterst\u00fctzen.[\/vc_column_text][vc_row_inner][vc_column_inner width=&#8220;1\/3&#8243;][\/vc_column_inner][vc_column_inner width=&#8220;1\/3&#8243;][vc_btn title=&#8220;Wie man Mitglied wird&#8220; size=&#8220;lg&#8220; align=&#8220;center&#8220; css=&#8220;&#8220; button_block=&#8220;true&#8220; link=&#8220;url:%2Fde%2Fmitglieder%2Fmitgliedschaftsanfrage%2F|title:Wie%20man%20Mitglied%20wird&#8220;][\/vc_column_inner][vc_column_inner width=&#8220;1\/3&#8243;][\/vc_column_inner][\/vc_row_inner][\/vc_column][\/vc_row][vc_row][vc_column width=&#8220;1\/3&#8243;][vc_column_text css=&#8220;&#8220;]<\/p>\n<p style=\"text-align: center;\"><strong>Lynn Schroeder, Pr\u00e4sidentin<\/strong><\/p>\n<p style=\"text-align: center;\">Lynn Schroeder ist eine dynamische und hochmotivierte F\u00fchrungspers\u00f6nlichkeit, die die Richtung der Gesellschaft mitgestaltet und dabei einen klaren Schwerpunkt auf Innovation und interdisziplin\u00e4re Zusammenarbeit legt. Ihre Erfahrung in der Sch\u00e4delbasischirurgie, die sie w\u00e4hrend einer einj\u00e4hrigen Spezialausbildung in Kanada erworben hat, bringt eine internationale Perspektive in ihre F\u00fchrungsrolle ein.<\/p>\n<p>[\/vc_column_text][\/vc_column][vc_column width=&#8220;1\/3&#8243;][vc_column_text css=&#8220;&#8220;]<\/p>\n<p style=\"text-align: center;\"><strong>Christoph Busert, Vizepr\u00e4sident<\/strong><\/p>\n<p style=\"text-align: center;\">Mit seiner umfassenden Erfahrung in der strategischen Planung spielt Christoph Busert eine Schl\u00fcsselrolle bei der Festlegung der langfristigen Ziele der SLNCR. Sein umfassendes Verst\u00e4ndnis von Organisationsf\u00fchrung und Strategie stellt sicher, dass die Gesellschaft auf einem soliden Fundament steht, w\u00e4hrend sie weiter w\u00e4chst.<\/p>\n<p>[\/vc_column_text][\/vc_column][vc_column width=&#8220;1\/3&#8243;][vc_column_text css=&#8220;&#8220;]<\/p>\n<p style=\"text-align: center;\"><strong>Gernot Surges, Schatzmeister<\/strong><\/p>\n<p style=\"text-align: center;\">Gernot Surges ist f\u00fcr sein methodisches Vorgehen bekannt und sorgt f\u00fcr die finanzielle Gesundheit und Transparenz der SLNCR. Dank seiner rigorosen Arbeitsmoral und seiner umfangreichen Erfahrung ist er bestens geeignet, die finanziellen Aufgaben der Gesellschaft zu verwalten und ihre verschiedenen Initiativen zu unterst\u00fctzen.<\/p>\n<p>[\/vc_column_text][\/vc_column][\/vc_row][vc_row][vc_column width=&#8220;1\/6&#8243;][\/vc_column][vc_column width=&#8220;1\/3&#8243;][vc_column_text css=&#8220;&#8220;]<\/p>\n<p style=\"text-align: center;\"><strong>Maxime Raket, Sekret\u00e4r<\/strong><\/p>\n<p style=\"text-align: center;\">Maxime Raket ist f\u00fcr die interne Kommunikation und die Verwaltungsabl\u00e4ufe der Gesellschaft zust\u00e4ndig. Seine ausgepr\u00e4gten zwischenmenschlichen F\u00e4higkeiten und seine Konzentration auf eine effektive Zusammenarbeit sorgen daf\u00fcr, dass die SLNCR reibungslos funktioniert und dass alle Mitglieder gut informiert und in die Aktivit\u00e4ten der Gesellschaft eingebunden bleiben.<\/p>\n<p>[\/vc_column_text][\/vc_column][vc_column width=&#8220;1\/3&#8243;][vc_column_text css=&#8220;&#8220;]<\/p>\n<p style=\"text-align: center;\"><strong>Anas Dyab, Internationaler Delegierter<\/strong><\/p>\n<p style=\"text-align: center;\">Anas Dyab ist der wichtigste Verbindungsmann der Gesellschaft f\u00fcr internationale Beziehungen und nutzt sein umfangreiches Netzwerk in der weltweiten Gemeinschaft der Neurochirurgen und Wirbels\u00e4ulenchirurgen. Seine Rolle ist von entscheidender Bedeutung f\u00fcr den Aufbau von Partnerschaften und die F\u00f6rderung des Wissensaustauschs mit anderen internationalen Organisationen.<\/p>\n<p>[\/vc_column_text][\/vc_column][vc_column width=&#8220;1\/6&#8243;][\/vc_column][\/vc_row][vc_row][vc_column][vc_column_text css=&#8220;&#8220;]Gemeinsam bringen diese Vorstandsmitglieder eine Mischung aus strategischem Weitblick, administrativem Fachwissen und Engagement zur F\u00f6rderung der Ziele der SLNCR ein. Ihr gemeinsamer Einsatz treibt die Aufgabe der Gesellschaft voran, Spitzenleistungen in der neurochirurgischen und wirbels\u00e4ulenmedizinischen Versorgung zu f\u00f6rdern, die interdisziplin\u00e4re Zusammenarbeit zu unterst\u00fctzen und eine hochwertige Versorgung f\u00fcr Patienten in Luxemburg und dar\u00fcber hinaus zu gew\u00e4hrleisten.[\/vc_column_text][\/vc_column][\/vc_row][\/vc_section]<\/p>\n<\/div>","protected":false},"excerpt":{"rendered":"<p>[vc_section full_width=&#8220;stretch_row&#8220; min_height=&#8220;289&#8243; css=&#8220;.vc_custom_1734016874894{background-image: url(https:\/\/neurosurgicalsociety.lu\/wp-content\/uploads\/2024\/12\/Mask-Group-5.jpg?id=2) !important;background-position: center !important;background-repeat: no-repeat !important;background-size: cover !important;}&#8220;][vc_row][vc_column][\/vc_column][\/vc_row][\/vc_section][vc_section full_width=&#8220;stretch_row_content&#8220;][vc_row full_width=&#8220;stretch_row_content_no_spaces&#8220;][vc_column width=&#8220;2\/3&#8243; css=&#8220;.vc_custom_1734118527335{background-color: #2B8899 !important;}&#8220; el_class=&#8220;max-75-width&#8220;][vc_column_text css=&#8220;&#8220;] Treffen Sie die Vorstandsmitglieder der Luxemburger<span class=\"excerpt-hellip\"> [\u2026]<\/span><\/p>\n","protected":false},"author":1,"featured_media":0,"parent":0,"menu_order":0,"comment_status":"closed","ping_status":"closed","template":"","meta":{"footnotes":""},"class_list":["post-218","page","type-page","status-publish","hentry"],"yoast_head":"<!-- This site is optimized with the Yoast SEO plugin v26.2 - https:\/\/yoast.com\/wordpress\/plugins\/seo\/ -->\n<title>Mitglieder - neurosurgicalsociety<\/title>\n<meta name=\"robots\" content=\"index, follow, max-snippet:-1, max-image-preview:large, max-video-preview:-1\" \/>\n<link rel=\"canonical\" href=\"https:\/\/neurosurgicalsociety.lu\/de\/mitglieder\/\" \/>\n<meta property=\"og:locale\" content=\"de_DE\" \/>\n<meta property=\"og:type\" content=\"article\" \/>\n<meta property=\"og:title\" content=\"Mitglieder - neurosurgicalsociety\" \/>\n<meta property=\"og:description\" content=\"[vc_section full_width=&#8220;stretch_row&#8220; min_height=&#8220;289&#8243; css=&#8220;.vc_custom_1734016874894{background-image: url(https:\/\/neurosurgicalsociety.lu\/wp-content\/uploads\/2024\/12\/Mask-Group-5.jpg?id=2) !important;background-position: center !important;background-repeat: no-repeat !important;background-size: cover !important;}&#8220;][vc_row][vc_column][\/vc_column][\/vc_row][\/vc_section][vc_section full_width=&#8220;stretch_row_content&#8220;][vc_row full_width=&#8220;stretch_row_content_no_spaces&#8220;][vc_column width=&#8220;2\/3&#8243; css=&#8220;.vc_custom_1734118527335{background-color: #2B8899 !important;}&#8220; el_class=&#8220;max-75-width&#8220;][vc_column_text css=&#8220;&#8220;] Treffen Sie die Vorstandsmitglieder der Luxemburger [\u2026]\" \/>\n<meta property=\"og:url\" content=\"https:\/\/neurosurgicalsociety.lu\/de\/mitglieder\/\" \/>\n<meta property=\"og:site_name\" content=\"neurosurgicalsociety\" \/>\n<meta property=\"article:modified_time\" content=\"2025-02-11T07:44:03+00:00\" \/>\n<meta name=\"twitter:card\" content=\"summary_large_image\" \/>\n<meta name=\"twitter:label1\" content=\"Gesch\u00e4tzte Lesezeit\" \/>\n\t<meta name=\"twitter:data1\" content=\"2\u00a0Minuten\" \/>\n<script type=\"application\/ld+json\" class=\"yoast-schema-graph\">{\"@context\":\"https:\/\/schema.org\",\"@graph\":[{\"@type\":\"WebPage\",\"@id\":\"https:\/\/neurosurgicalsociety.lu\/de\/mitglieder\/\",\"url\":\"https:\/\/neurosurgicalsociety.lu\/de\/mitglieder\/\",\"name\":\"Mitglieder - neurosurgicalsociety\",\"isPartOf\":{\"@id\":\"https:\/\/neurosurgicalsociety.lu\/#website\"},\"datePublished\":\"2024-12-12T15:19:23+00:00\",\"dateModified\":\"2025-02-11T07:44:03+00:00\",\"breadcrumb\":{\"@id\":\"https:\/\/neurosurgicalsociety.lu\/de\/mitglieder\/#breadcrumb\"},\"inLanguage\":\"de\",\"potentialAction\":[{\"@type\":\"ReadAction\",\"target\":[\"https:\/\/neurosurgicalsociety.lu\/de\/mitglieder\/\"]}]},{\"@type\":\"BreadcrumbList\",\"@id\":\"https:\/\/neurosurgicalsociety.lu\/de\/mitglieder\/#breadcrumb\",\"itemListElement\":[{\"@type\":\"ListItem\",\"position\":1,\"name\":\"Home\",\"item\":\"https:\/\/neurosurgicalsociety.lu\/de\/\"},{\"@type\":\"ListItem\",\"position\":2,\"name\":\"Mitglieder\"}]},{\"@type\":\"WebSite\",\"@id\":\"https:\/\/neurosurgicalsociety.lu\/#website\",\"url\":\"https:\/\/neurosurgicalsociety.lu\/\",\"name\":\"neurosurgicalsociety\",\"description\":\"neurosurgicalsociety\",\"potentialAction\":[{\"@type\":\"SearchAction\",\"target\":{\"@type\":\"EntryPoint\",\"urlTemplate\":\"https:\/\/neurosurgicalsociety.lu\/?s={search_term_string}\"},\"query-input\":{\"@type\":\"PropertyValueSpecification\",\"valueRequired\":true,\"valueName\":\"search_term_string\"}}],\"inLanguage\":\"de\"}]}<\/script>\n<!-- \/ Yoast SEO plugin. -->","yoast_head_json":{"title":"Mitglieder - neurosurgicalsociety","robots":{"index":"index","follow":"follow","max-snippet":"max-snippet:-1","max-image-preview":"max-image-preview:large","max-video-preview":"max-video-preview:-1"},"canonical":"https:\/\/neurosurgicalsociety.lu\/de\/mitglieder\/","og_locale":"de_DE","og_type":"article","og_title":"Mitglieder - neurosurgicalsociety","og_description":"[vc_section full_width=&#8220;stretch_row&#8220; min_height=&#8220;289&#8243; css=&#8220;.vc_custom_1734016874894{background-image: url(https:\/\/neurosurgicalsociety.lu\/wp-content\/uploads\/2024\/12\/Mask-Group-5.jpg?id=2) !important;background-position: center !important;background-repeat: no-repeat !important;background-size: cover !important;}&#8220;][vc_row][vc_column][\/vc_column][\/vc_row][\/vc_section][vc_section full_width=&#8220;stretch_row_content&#8220;][vc_row full_width=&#8220;stretch_row_content_no_spaces&#8220;][vc_column width=&#8220;2\/3&#8243; css=&#8220;.vc_custom_1734118527335{background-color: #2B8899 !important;}&#8220; el_class=&#8220;max-75-width&#8220;][vc_column_text css=&#8220;&#8220;] Treffen Sie die Vorstandsmitglieder der Luxemburger [\u2026]","og_url":"https:\/\/neurosurgicalsociety.lu\/de\/mitglieder\/","og_site_name":"neurosurgicalsociety","article_modified_time":"2025-02-11T07:44:03+00:00","twitter_card":"summary_large_image","twitter_misc":{"Gesch\u00e4tzte Lesezeit":"2\u00a0Minuten"},"schema":{"@context":"https:\/\/schema.org","@graph":[{"@type":"WebPage","@id":"https:\/\/neurosurgicalsociety.lu\/de\/mitglieder\/","url":"https:\/\/neurosurgicalsociety.lu\/de\/mitglieder\/","name":"Mitglieder - neurosurgicalsociety","isPartOf":{"@id":"https:\/\/neurosurgicalsociety.lu\/#website"},"datePublished":"2024-12-12T15:19:23+00:00","dateModified":"2025-02-11T07:44:03+00:00","breadcrumb":{"@id":"https:\/\/neurosurgicalsociety.lu\/de\/mitglieder\/#breadcrumb"},"inLanguage":"de","potentialAction":[{"@type":"ReadAction","target":["https:\/\/neurosurgicalsociety.lu\/de\/mitglieder\/"]}]},{"@type":"BreadcrumbList","@id":"https:\/\/neurosurgicalsociety.lu\/de\/mitglieder\/#breadcrumb","itemListElement":[{"@type":"ListItem","position":1,"name":"Home","item":"https:\/\/neurosurgicalsociety.lu\/de\/"},{"@type":"ListItem","position":2,"name":"Mitglieder"}]},{"@type":"WebSite","@id":"https:\/\/neurosurgicalsociety.lu\/#website","url":"https:\/\/neurosurgicalsociety.lu\/","name":"neurosurgicalsociety","description":"neurosurgicalsociety","potentialAction":[{"@type":"SearchAction","target":{"@type":"EntryPoint","urlTemplate":"https:\/\/neurosurgicalsociety.lu\/?s={search_term_string}"},"query-input":{"@type":"PropertyValueSpecification","valueRequired":true,"valueName":"search_term_string"}}],"inLanguage":"de"}]}},"_links":{"self":[{"href":"https:\/\/neurosurgicalsociety.lu\/de\/wp-json\/wp\/v2\/pages\/218","targetHints":{"allow":["GET"]}}],"collection":[{"href":"https:\/\/neurosurgicalsociety.lu\/de\/wp-json\/wp\/v2\/pages"}],"about":[{"href":"https:\/\/neurosurgicalsociety.lu\/de\/wp-json\/wp\/v2\/types\/page"}],"author":[{"embeddable":true,"href":"https:\/\/neurosurgicalsociety.lu\/de\/wp-json\/wp\/v2\/users\/1"}],"replies":[{"embeddable":true,"href":"https:\/\/neurosurgicalsociety.lu\/de\/wp-json\/wp\/v2\/comments?post=218"}],"version-history":[{"count":5,"href":"https:\/\/neurosurgicalsociety.lu\/de\/wp-json\/wp\/v2\/pages\/218\/revisions"}],"predecessor-version":[{"id":460,"href":"https:\/\/neurosurgicalsociety.lu\/de\/wp-json\/wp\/v2\/pages\/218\/revisions\/460"}],"wp:attachment":[{"href":"https:\/\/neurosurgicalsociety.lu\/de\/wp-json\/wp\/v2\/media?parent=218"}],"curies":[{"name":"wp","href":"https:\/\/api.w.org\/{rel}","templated":true}]}}