{"id":414,"date":"2025-01-23T12:35:59","date_gmt":"2025-01-23T12:35:59","guid":{"rendered":"https:\/\/neurosurgicalsociety.lu\/?page_id=414"},"modified":"2026-03-10T08:08:19","modified_gmt":"2026-03-10T08:08:19","slug":"mitgliedschaftsanfrage","status":"publish","type":"page","link":"https:\/\/neurosurgicalsociety.lu\/de\/mitglieder\/mitgliedschaftsanfrage\/","title":{"rendered":"Mitgliedschaftsanfrage"},"content":{"rendered":"<div class=\"wpb-content-wrapper\"><p>[vc_section full_width=&#8220;stretch_row&#8220; min_height=&#8220;289&#8243; css=&#8220;.vc_custom_1734016874894{background-image: url(https:\/\/neurosurgicalsociety.lu\/wp-content\/uploads\/2024\/12\/Mask-Group-5.jpg?id=2) !important;background-position: center !important;background-repeat: no-repeat !important;background-size: cover !important;}&#8220;][vc_row][vc_column][\/vc_column][\/vc_row][\/vc_section][vc_section full_width=&#8220;stretch_row_content&#8220;][vc_row full_width=&#8220;stretch_row_content_no_spaces&#8220;][vc_column width=&#8220;2\/3&#8243; css=&#8220;.vc_custom_1734118527335{background-color: #2B8899 !important;}&#8220; el_class=&#8220;max-75-width&#8220;][vc_column_text css=&#8220;&#8220;]<\/p>\n<h1><span style=\"color: #ffffff;\">Mitgliedschaft<\/span><\/h1>\n<p>[\/vc_column_text][\/vc_column][vc_column width=&#8220;1\/3&#8243;][\/vc_column][\/vc_row][\/vc_section][vc_section css=&#8220;.vc_custom_1737636891076{margin-top: 50px !important;margin-bottom: 50px !important;}&#8220;][vc_row][vc_column][vc_column_text css=&#8220;&#8220;]<\/p>\n<h2>Antragsformular f\u00fcr die Mitgliedschaft in der Luxemburger Gesellschaft f\u00fcr Neurochirurgie und Wirbels\u00e4ulenchirurgie (SLNCR) a.s.b.l.<\/h2>\n<p>[\/vc_column_text][vc_separator css=&#8220;&#8220;][vc_row_inner][vc_column_inner width=&#8220;1\/6&#8243;][\/vc_column_inner][vc_column_inner width=&#8220;2\/3&#8243;][vc_column_text css=&#8220;&#8220;]<\/p>\n<p class=\"p1\"><b><span lang=\"DE-LU\" style=\"font-family: 'Arial',sans-serif;\">Mitgliedsbeitr\u00e4ge 2026<\/span><\/b><\/p>\n<p class=\"p2\"><span lang=\"DE-LU\" style=\"font-family: 'Arial',sans-serif;\">(Entschlossen durch geheime Abstimmung bei der Generalversammlung am <b>25. Februar 2026<\/b>)<\/span><\/p>\n<p class=\"p2\"><span lang=\"DE-LU\" style=\"font-family: 'Arial',sans-serif;\">(Einzelheiten zu ordentlichen Mitgliedern \/ assoziierten Mitgliedern sind in der Satzung enthalten)<\/span><\/p>\n<p class=\"p3\"><span lang=\"DE-LU\" style=\"font-family: 'Arial',sans-serif;\">\u00a0<\/span><\/p>\n<ul>\n<li class=\"p2\"><span lang=\"DE-LU\" style=\"font-family: 'Arial',sans-serif;\">Neurochirurgen \/ Orthop\u00e4dische Chirurgen, die in Luxemburg t\u00e4tig sind oder seit weniger als f\u00fcnf Jahren im Ruhestand sind: <b>220 \u20ac<\/b><\/span><\/li>\n<li class=\"p2\"><span lang=\"DE-LU\" style=\"font-family: 'Arial',sans-serif;\">Fach\u00e4rzte \/ Allgemeinmediziner (keine Neurochirurgen, keine orthop\u00e4dischen Chirurgen): <b>100 \u20ac<\/b><\/span><\/li>\n<li class=\"p2\"><span lang=\"DE-LU\" style=\"font-family: 'Arial',sans-serif;\">Gesundheitsfachpersonen sowie Assistenz\u00e4rzte aller Fachrichtungen: <b>50 \u20ac<\/b><\/span><\/li>\n<li class=\"p2\"><span lang=\"DE-LU\" style=\"font-family: 'Arial',sans-serif;\">Kostenfrei: Medizinstudierende<\/span><\/li>\n<li class=\"p2\"><span lang=\"DE-LU\" style=\"font-family: 'Arial',sans-serif;\">Freiwilliger Beitrag: Partnerschaft \/ Unterst\u00fctzung der SLNCR<\/span><\/li>\n<\/ul>\n<p class=\"p2\"><span lang=\"DE-LU\" style=\"font-family: 'Arial',sans-serif;\">\u00a0<\/span><\/p>\n<p class=\"p2\"><span lang=\"DE-LU\" style=\"font-family: 'Arial',sans-serif;\">Die Anmeldung erfolgt \u00fcber das Kontaktformular.<\/span><\/p>\n<p class=\"p2\"><span lang=\"DE-LU\" style=\"font-family: 'Arial',sans-serif;\">Die Zahlung ist innerhalb von drei Monaten nach Beitritt f\u00e4llig und zu \u00fcberweisen an:<\/span><\/p>\n<p class=\"p3\"><span lang=\"DE-LU\" style=\"font-family: 'Arial',sans-serif;\">\u00a0<\/span><\/p>\n<p class=\"p2\"><span lang=\"DE-LU\" style=\"font-family: 'Arial',sans-serif;\">SLNCR ASBL<br \/>\n<\/span><span lang=\"DE-LU\" style=\"font-family: 'Arial',sans-serif;\">IBAN: LU56 0019 7755 3725 9000<br \/>\n<\/span><span lang=\"DE-LU\" style=\"font-family: 'Arial',sans-serif;\">BIC: BCEELULL<\/span><\/p>\n<p class=\"p2\"><span lang=\"DE-LU\" style=\"font-family: 'Arial',sans-serif;\">Kontoinhaber: SLNCR ASBL<br \/>\n<\/span><span lang=\"DE-LU\" style=\"font-family: 'Arial',sans-serif;\">Adresse: 29, rue de Vianden, L-2680 Luxembourg<\/span><\/p>\n<p>[\/vc_column_text][\/vc_column_inner][vc_column_inner width=&#8220;1\/6&#8243;][\/vc_column_inner][\/vc_row_inner][vc_separator css=&#8220;&#8220;][vc_row_inner][vc_column_inner width=&#8220;1\/6&#8243;][\/vc_column_inner][vc_column_inner width=&#8220;2\/3&#8243;][vc_column_text css=&#8220;&#8220;]\n<div class=\"wpcf7 no-js\" id=\"wpcf7-f423-o1\" lang=\"de-DE\" dir=\"ltr\" data-wpcf7-id=\"423\">\n<div class=\"screen-reader-response\"><p role=\"status\" aria-live=\"polite\" aria-atomic=\"true\"><\/p> <ul><\/ul><\/div>\n<form action=\"\/de\/wp-json\/wp\/v2\/pages\/414#wpcf7-f423-o1\" method=\"post\" class=\"wpcf7-form init\" aria-label=\"Kontaktformular\" novalidate=\"novalidate\" data-status=\"init\">\n<fieldset class=\"hidden-fields-container\"><input type=\"hidden\" name=\"_wpcf7\" value=\"423\" \/><input type=\"hidden\" name=\"_wpcf7_version\" value=\"6.1.2\" \/><input type=\"hidden\" name=\"_wpcf7_locale\" value=\"de_DE\" \/><input type=\"hidden\" name=\"_wpcf7_unit_tag\" value=\"wpcf7-f423-o1\" \/><input type=\"hidden\" name=\"_wpcf7_container_post\" value=\"0\" \/><input type=\"hidden\" name=\"_wpcf7_posted_data_hash\" value=\"\" \/>\n<\/fieldset>\n<p><b>Mitgliedschaftstyp (Bitte ankreuzen)<\/b>\n<\/p>\n<p><span class=\"wpcf7-form-control-wrap\" data-name=\"member-type\"><span class=\"wpcf7-form-control wpcf7-radio\"><span class=\"wpcf7-list-item first\"><label><input type=\"radio\" name=\"member-type\" value=\"Ordentliches Mitglied: Facharzt f\u00fcr Neurochirurgie oder Orthop\u00e4die, t\u00e4tig im Gro\u00dfherzogtum Luxemburg oder seit weniger als 5 Jahren im Ruhestand.\" \/><span class=\"wpcf7-list-item-label\">Ordentliches Mitglied: Facharzt f\u00fcr Neurochirurgie oder Orthop\u00e4die, t\u00e4tig im Gro\u00dfherzogtum Luxemburg oder seit weniger als 5 Jahren im Ruhestand.<\/span><\/label><\/span><span class=\"wpcf7-list-item last\"><label><input type=\"radio\" name=\"member-type\" value=\"Assoziiertes Mitglied: Jede andere Person, die an den Aktivit\u00e4ten der SLNCR interessiert ist.\" \/><span class=\"wpcf7-list-item-label\">Assoziiertes Mitglied: Jede andere Person, die an den Aktivit\u00e4ten der SLNCR interessiert ist.<\/span><\/label><\/span><\/span><\/span>\n<\/p>\n<p><b>Pers\u00f6nliche Informationen<\/b>\n<\/p>\n<div class=\"cf7-name member-appli-fields\">\n\t<p><span class=\"wpcf7-form-control-wrap\" data-name=\"first-name\"><input size=\"40\" maxlength=\"400\" class=\"wpcf7-form-control wpcf7-text wpcf7-validates-as-required\" autocomplete=\"first-name\" aria-required=\"true\" aria-invalid=\"false\" placeholder=\"Vorname\" value=\"\" type=\"text\" name=\"first-name\" \/><\/span><span class=\"wpcf7-form-control-wrap\" data-name=\"last-name\"><input size=\"40\" maxlength=\"400\" class=\"wpcf7-form-control wpcf7-text wpcf7-validates-as-required\" autocomplete=\"last-name\" aria-required=\"true\" aria-invalid=\"false\" placeholder=\"Nachname\" value=\"\" type=\"text\" name=\"last-name\" \/><\/span>\n\t<\/p>\n<\/div>\n<div class=\"member-appli-fields\">\n\t<p><span class=\"wpcf7-form-control-wrap\" data-name=\"email\"><input size=\"40\" maxlength=\"400\" class=\"wpcf7-form-control wpcf7-email wpcf7-validates-as-required wpcf7-text wpcf7-validates-as-email\" autocomplete=\"email\" aria-required=\"true\" aria-invalid=\"false\" placeholder=\"Email\" value=\"\" type=\"email\" name=\"email\" \/><\/span>\n\t<\/p>\n<\/div>\n<div class=\"member-appli-fields\">\n\t<p><span class=\"wpcf7-form-control-wrap\" data-name=\"phone\"><input size=\"40\" maxlength=\"400\" class=\"wpcf7-form-control wpcf7-tel wpcf7-validates-as-required wpcf7-text wpcf7-validates-as-tel\" autocomplete=\"phone\" aria-required=\"true\" aria-invalid=\"false\" placeholder=\"Telefonnummer\" value=\"\" type=\"tel\" name=\"phone\" \/><\/span>\n\t<\/p>\n<\/div>\n<div class=\"member-appli-fields\">\n\t<p><span class=\"wpcf7-form-control-wrap\" data-name=\"prof-address\"><input size=\"40\" maxlength=\"400\" class=\"wpcf7-form-control wpcf7-text wpcf7-validates-as-required\" aria-required=\"true\" aria-invalid=\"false\" placeholder=\"Dienstadresse\" value=\"\" type=\"text\" name=\"prof-address\" \/><\/span>\n\t<\/p>\n<\/div>\n<div class=\"member-appli-fields\">\n\t<p><span class=\"wpcf7-form-control-wrap\" data-name=\"medical-specialty\"><input size=\"40\" maxlength=\"400\" class=\"wpcf7-form-control wpcf7-text wpcf7-validates-as-required\" aria-required=\"true\" aria-invalid=\"false\" placeholder=\"Fachrichtung\" value=\"\" type=\"text\" name=\"medical-specialty\" \/><\/span>\n\t<\/p>\n<\/div>\n<div class=\"member-appli-fields\">\n\t<p><span class=\"wpcf7-form-control-wrap\" data-name=\"professional-status\"><input size=\"40\" maxlength=\"400\" class=\"wpcf7-form-control wpcf7-text wpcf7-validates-as-required\" aria-required=\"true\" aria-invalid=\"false\" placeholder=\"Berufsstatus\" value=\"\" type=\"text\" name=\"professional-status\" \/><\/span>\n\t<\/p>\n<\/div>\n<p><b>Verpflichtung und Einverst\u00e4ndnis<\/b><br \/>\n<span class=\"wpcf7-form-control-wrap\" data-name=\"cc-1\"><span class=\"wpcf7-form-control wpcf7-acceptance\"><span class=\"wpcf7-list-item\"><label><input type=\"checkbox\" name=\"cc-1\" value=\"1\" aria-invalid=\"false\" \/><span class=\"wpcf7-list-item-label\">Ich best\u00e4tige, dass die von mir gemachten Angaben korrekt sind und den Statuten der SLNCR entsprechen.<\/span><\/label><\/span><\/span><\/span><br \/>\n<span class=\"wpcf7-form-control-wrap\" data-name=\"cc-2\"><span class=\"wpcf7-form-control wpcf7-acceptance\"><span class=\"wpcf7-list-item\"><label><input type=\"checkbox\" name=\"cc-2\" value=\"1\" aria-invalid=\"false\" \/><span class=\"wpcf7-list-item-label\">Ich verpflichte mich, den von der Generalversammlung festgelegten Jahresbeitrag gem\u00e4ss meines Status innerhalb von drei Monaten nach Einreichung dieses Antrags zu zahlen.<\/span><\/label><\/span><\/span><\/span><br \/>\n<span class=\"wpcf7-form-control-wrap\" data-name=\"cc-3\"><span class=\"wpcf7-form-control wpcf7-acceptance\"><span class=\"wpcf7-list-item\"><label><input type=\"checkbox\" name=\"cc-3\" value=\"1\" aria-invalid=\"false\" \/><span class=\"wpcf7-list-item-label\">Ich bin damit einverstanden, dass meine Daten in die Mitgliederliste der SLNCR aufgenommen werden, gem\u00e4\u00df dem luxemburgischen Gesetz vom 7. August 2023 \u00fcber gemeinn\u00fctzige Organisationen und Stiftungen.<\/span><\/label><\/span><\/span><\/span><br \/>\n<span class=\"wpcf7-form-control-wrap\" data-name=\"cc-4\"><span class=\"wpcf7-form-control wpcf7-acceptance\"><span class=\"wpcf7-list-item\"><label><input type=\"checkbox\" name=\"cc-4\" value=\"1\" aria-invalid=\"false\" \/><span class=\"wpcf7-list-item-label\">Ich verstehe, dass diese Liste den luxemburgischen Beh\u00f6rden auf Anfrage zur Verf\u00fcgung gestellt werden kann, wie gesetzlich vorgeschrieben.<\/span><\/label><\/span><\/span><\/span>\n<\/p>\n<div>\n\t<p><input class=\"wpcf7-form-control wpcf7-submit has-spinner cf7-btn-blue\" type=\"submit\" value=\"Senden\" \/>\n\t<\/p>\n<\/div><input type='hidden' class='wpcf7-pum' value='{\"closepopup\":false,\"closedelay\":0,\"openpopup\":false,\"openpopup_id\":0}' \/><div class=\"wpcf7-response-output\" aria-hidden=\"true\"><\/div>\n<\/form>\n<\/div>\n[\/vc_column_text][\/vc_column_inner][vc_column_inner width=&#8220;1\/6&#8243;][\/vc_column_inner][\/vc_row_inner][vc_column_text css=&#8220;&#8220;]Kontakt<\/p>\n<p>Bei Fragen kontaktieren Sie uns bitte unter:<\/p>\n<p><a href=\"mailto:Contact@neurosurgicalsociety.lu\" target=\"_blank\" rel=\"noopener\">Contact@<wbr \/>neurosurgicalsociety.lu<\/a>[\/vc_column_text][\/vc_column][\/vc_row][\/vc_section]<\/p>\n<\/div>","protected":false},"excerpt":{"rendered":"<p>[vc_section full_width=&#8220;stretch_row&#8220; min_height=&#8220;289&#8243; css=&#8220;.vc_custom_1734016874894{background-image: url(https:\/\/neurosurgicalsociety.lu\/wp-content\/uploads\/2024\/12\/Mask-Group-5.jpg?id=2) !important;background-position: center !important;background-repeat: no-repeat !important;background-size: cover !important;}&#8220;][vc_row][vc_column][\/vc_column][\/vc_row][\/vc_section][vc_section full_width=&#8220;stretch_row_content&#8220;][vc_row full_width=&#8220;stretch_row_content_no_spaces&#8220;][vc_column width=&#8220;2\/3&#8243; css=&#8220;.vc_custom_1734118527335{background-color: #2B8899 !important;}&#8220; el_class=&#8220;max-75-width&#8220;][vc_column_text css=&#8220;&#8220;] Mitgliedschaft [\/vc_column_text][\/vc_column][vc_column width=&#8220;1\/3&#8243;][\/vc_column][\/vc_row][\/vc_section][vc_section css=&#8220;.vc_custom_1737636891076{margin-top: 50px !important;margin-bottom:<span class=\"excerpt-hellip\"> [\u2026]<\/span><\/p>\n","protected":false},"author":1,"featured_media":-1,"parent":218,"menu_order":0,"comment_status":"closed","ping_status":"closed","template":"","meta":{"footnotes":""},"class_list":["post-414","page","type-page","status-publish","has-post-thumbnail","hentry"],"yoast_head":"<!-- This site is optimized with the Yoast SEO plugin v26.2 - https:\/\/yoast.com\/wordpress\/plugins\/seo\/ -->\n<title>Mitgliedschaftsanfrage - neurosurgicalsociety<\/title>\n<meta name=\"robots\" content=\"index, follow, max-snippet:-1, max-image-preview:large, max-video-preview:-1\" \/>\n<link rel=\"canonical\" href=\"https:\/\/neurosurgicalsociety.lu\/de\/mitglieder\/mitgliedschaftsanfrage\/\" \/>\n<meta property=\"og:locale\" content=\"de_DE\" \/>\n<meta property=\"og:type\" content=\"article\" \/>\n<meta property=\"og:title\" content=\"Mitgliedschaftsanfrage - neurosurgicalsociety\" \/>\n<meta property=\"og:description\" content=\"[vc_section full_width=&#8220;stretch_row&#8220; min_height=&#8220;289&#8243; css=&#8220;.vc_custom_1734016874894{background-image: url(https:\/\/neurosurgicalsociety.lu\/wp-content\/uploads\/2024\/12\/Mask-Group-5.jpg?id=2) !important;background-position: center !important;background-repeat: no-repeat !important;background-size: cover !important;}&#8220;][vc_row][vc_column][\/vc_column][\/vc_row][\/vc_section][vc_section full_width=&#8220;stretch_row_content&#8220;][vc_row full_width=&#8220;stretch_row_content_no_spaces&#8220;][vc_column width=&#8220;2\/3&#8243; css=&#8220;.vc_custom_1734118527335{background-color: #2B8899 !important;}&#8220; el_class=&#8220;max-75-width&#8220;][vc_column_text css=&#8220;&#8220;] Mitgliedschaft [\/vc_column_text][\/vc_column][vc_column width=&#8220;1\/3&#8243;][\/vc_column][\/vc_row][\/vc_section][vc_section css=&#8220;.vc_custom_1737636891076{margin-top: 50px !important;margin-bottom: [\u2026]\" \/>\n<meta property=\"og:url\" content=\"https:\/\/neurosurgicalsociety.lu\/de\/mitglieder\/mitgliedschaftsanfrage\/\" \/>\n<meta property=\"og:site_name\" content=\"neurosurgicalsociety\" \/>\n<meta property=\"article:modified_time\" content=\"2026-03-10T08:08:19+00:00\" \/>\n<meta name=\"twitter:card\" content=\"summary_large_image\" \/>\n<meta name=\"twitter:label1\" content=\"Gesch\u00e4tzte Lesezeit\" \/>\n\t<meta name=\"twitter:data1\" content=\"1\u00a0Minute\" \/>\n<script type=\"application\/ld+json\" class=\"yoast-schema-graph\">{\"@context\":\"https:\/\/schema.org\",\"@graph\":[{\"@type\":\"WebPage\",\"@id\":\"https:\/\/neurosurgicalsociety.lu\/de\/mitglieder\/mitgliedschaftsanfrage\/\",\"url\":\"https:\/\/neurosurgicalsociety.lu\/de\/mitglieder\/mitgliedschaftsanfrage\/\",\"name\":\"Mitgliedschaftsanfrage - neurosurgicalsociety\",\"isPartOf\":{\"@id\":\"https:\/\/neurosurgicalsociety.lu\/#website\"},\"datePublished\":\"2025-01-23T12:35:59+00:00\",\"dateModified\":\"2026-03-10T08:08:19+00:00\",\"breadcrumb\":{\"@id\":\"https:\/\/neurosurgicalsociety.lu\/de\/mitglieder\/mitgliedschaftsanfrage\/#breadcrumb\"},\"inLanguage\":\"de\",\"potentialAction\":[{\"@type\":\"ReadAction\",\"target\":[\"https:\/\/neurosurgicalsociety.lu\/de\/mitglieder\/mitgliedschaftsanfrage\/\"]}]},{\"@type\":\"BreadcrumbList\",\"@id\":\"https:\/\/neurosurgicalsociety.lu\/de\/mitglieder\/mitgliedschaftsanfrage\/#breadcrumb\",\"itemListElement\":[{\"@type\":\"ListItem\",\"position\":1,\"name\":\"Home\",\"item\":\"https:\/\/neurosurgicalsociety.lu\/de\/\"},{\"@type\":\"ListItem\",\"position\":2,\"name\":\"Mitglieder\",\"item\":\"https:\/\/neurosurgicalsociety.lu\/de\/mitglieder\/\"},{\"@type\":\"ListItem\",\"position\":3,\"name\":\"Mitgliedschaftsanfrage\"}]},{\"@type\":\"WebSite\",\"@id\":\"https:\/\/neurosurgicalsociety.lu\/#website\",\"url\":\"https:\/\/neurosurgicalsociety.lu\/\",\"name\":\"neurosurgicalsociety\",\"description\":\"neurosurgicalsociety\",\"potentialAction\":[{\"@type\":\"SearchAction\",\"target\":{\"@type\":\"EntryPoint\",\"urlTemplate\":\"https:\/\/neurosurgicalsociety.lu\/?s={search_term_string}\"},\"query-input\":{\"@type\":\"PropertyValueSpecification\",\"valueRequired\":true,\"valueName\":\"search_term_string\"}}],\"inLanguage\":\"de\"}]}<\/script>\n<!-- \/ Yoast SEO plugin. -->","yoast_head_json":{"title":"Mitgliedschaftsanfrage - neurosurgicalsociety","robots":{"index":"index","follow":"follow","max-snippet":"max-snippet:-1","max-image-preview":"max-image-preview:large","max-video-preview":"max-video-preview:-1"},"canonical":"https:\/\/neurosurgicalsociety.lu\/de\/mitglieder\/mitgliedschaftsanfrage\/","og_locale":"de_DE","og_type":"article","og_title":"Mitgliedschaftsanfrage - neurosurgicalsociety","og_description":"[vc_section full_width=&#8220;stretch_row&#8220; min_height=&#8220;289&#8243; css=&#8220;.vc_custom_1734016874894{background-image: url(https:\/\/neurosurgicalsociety.lu\/wp-content\/uploads\/2024\/12\/Mask-Group-5.jpg?id=2) !important;background-position: center !important;background-repeat: no-repeat !important;background-size: cover !important;}&#8220;][vc_row][vc_column][\/vc_column][\/vc_row][\/vc_section][vc_section full_width=&#8220;stretch_row_content&#8220;][vc_row full_width=&#8220;stretch_row_content_no_spaces&#8220;][vc_column width=&#8220;2\/3&#8243; css=&#8220;.vc_custom_1734118527335{background-color: #2B8899 !important;}&#8220; el_class=&#8220;max-75-width&#8220;][vc_column_text css=&#8220;&#8220;] Mitgliedschaft [\/vc_column_text][\/vc_column][vc_column width=&#8220;1\/3&#8243;][\/vc_column][\/vc_row][\/vc_section][vc_section css=&#8220;.vc_custom_1737636891076{margin-top: 50px !important;margin-bottom: [\u2026]","og_url":"https:\/\/neurosurgicalsociety.lu\/de\/mitglieder\/mitgliedschaftsanfrage\/","og_site_name":"neurosurgicalsociety","article_modified_time":"2026-03-10T08:08:19+00:00","twitter_card":"summary_large_image","twitter_misc":{"Gesch\u00e4tzte Lesezeit":"1\u00a0Minute"},"schema":{"@context":"https:\/\/schema.org","@graph":[{"@type":"WebPage","@id":"https:\/\/neurosurgicalsociety.lu\/de\/mitglieder\/mitgliedschaftsanfrage\/","url":"https:\/\/neurosurgicalsociety.lu\/de\/mitglieder\/mitgliedschaftsanfrage\/","name":"Mitgliedschaftsanfrage - neurosurgicalsociety","isPartOf":{"@id":"https:\/\/neurosurgicalsociety.lu\/#website"},"datePublished":"2025-01-23T12:35:59+00:00","dateModified":"2026-03-10T08:08:19+00:00","breadcrumb":{"@id":"https:\/\/neurosurgicalsociety.lu\/de\/mitglieder\/mitgliedschaftsanfrage\/#breadcrumb"},"inLanguage":"de","potentialAction":[{"@type":"ReadAction","target":["https:\/\/neurosurgicalsociety.lu\/de\/mitglieder\/mitgliedschaftsanfrage\/"]}]},{"@type":"BreadcrumbList","@id":"https:\/\/neurosurgicalsociety.lu\/de\/mitglieder\/mitgliedschaftsanfrage\/#breadcrumb","itemListElement":[{"@type":"ListItem","position":1,"name":"Home","item":"https:\/\/neurosurgicalsociety.lu\/de\/"},{"@type":"ListItem","position":2,"name":"Mitglieder","item":"https:\/\/neurosurgicalsociety.lu\/de\/mitglieder\/"},{"@type":"ListItem","position":3,"name":"Mitgliedschaftsanfrage"}]},{"@type":"WebSite","@id":"https:\/\/neurosurgicalsociety.lu\/#website","url":"https:\/\/neurosurgicalsociety.lu\/","name":"neurosurgicalsociety","description":"neurosurgicalsociety","potentialAction":[{"@type":"SearchAction","target":{"@type":"EntryPoint","urlTemplate":"https:\/\/neurosurgicalsociety.lu\/?s={search_term_string}"},"query-input":{"@type":"PropertyValueSpecification","valueRequired":true,"valueName":"search_term_string"}}],"inLanguage":"de"}]}},"_links":{"self":[{"href":"https:\/\/neurosurgicalsociety.lu\/de\/wp-json\/wp\/v2\/pages\/414","targetHints":{"allow":["GET"]}}],"collection":[{"href":"https:\/\/neurosurgicalsociety.lu\/de\/wp-json\/wp\/v2\/pages"}],"about":[{"href":"https:\/\/neurosurgicalsociety.lu\/de\/wp-json\/wp\/v2\/types\/page"}],"author":[{"embeddable":true,"href":"https:\/\/neurosurgicalsociety.lu\/de\/wp-json\/wp\/v2\/users\/1"}],"replies":[{"embeddable":true,"href":"https:\/\/neurosurgicalsociety.lu\/de\/wp-json\/wp\/v2\/comments?post=414"}],"version-history":[{"count":7,"href":"https:\/\/neurosurgicalsociety.lu\/de\/wp-json\/wp\/v2\/pages\/414\/revisions"}],"predecessor-version":[{"id":912,"href":"https:\/\/neurosurgicalsociety.lu\/de\/wp-json\/wp\/v2\/pages\/414\/revisions\/912"}],"up":[{"embeddable":true,"href":"https:\/\/neurosurgicalsociety.lu\/de\/wp-json\/wp\/v2\/pages\/218"}],"wp:featuredmedia":[{"embeddable":true,"href":"https:\/\/neurosurgicalsociety.lu\/de\/wp-json\/"}],"wp:attachment":[{"href":"https:\/\/neurosurgicalsociety.lu\/de\/wp-json\/wp\/v2\/media?parent=414"}],"curies":[{"name":"wp","href":"https:\/\/api.w.org\/{rel}","templated":true}]}}