{"id":704,"date":"2025-07-22T08:10:06","date_gmt":"2025-07-22T08:10:06","guid":{"rendered":"https:\/\/neurosurgicalsociety.lu\/partners\/"},"modified":"2025-07-22T11:21:46","modified_gmt":"2025-07-22T11:21:46","slug":"partners","status":"publish","type":"page","link":"https:\/\/neurosurgicalsociety.lu\/de\/partners\/","title":{"rendered":"Partners"},"content":{"rendered":"<div class=\"wpb-content-wrapper\"><p>[vc_section full_width=&#8220;stretch_row&#8220; min_height=&#8220;289&#8243; css=&#8220;.vc_custom_1734115520928{background-image: url(https:\/\/neurosurgicalsociety.lu\/wp-content\/uploads\/2024\/12\/Mask-Group-5.jpg?id=2) !important;}&#8220;][vc_row][vc_column][\/vc_column][\/vc_row][\/vc_section][vc_section full_width=&#8220;stretch_row&#8220; content_placement=&#8220;middle&#8220; css=&#8220;.vc_custom_1753172679030{margin-bottom: 75px !important;}&#8220;][vc_row full_width=&#8220;stretch_row_content_no_spaces&#8220; content_placement=&#8220;middle&#8220;][vc_column width=&#8220;1\/2&#8243; css=&#8220;.vc_custom_1734116648319{background-color: #2B8899 !important;}&#8220; el_class=&#8220;max-half-width&#8220;][vc_column_text css=&#8220;&#8220;]<\/p>\n<h1 style=\"color: white; text-align: left;\">Partner<\/h1>\n<p>[\/vc_column_text][\/vc_column][vc_column width=&#8220;1\/2&#8243;][\/vc_column][\/vc_row][vc_row css=&#8220;.vc_custom_1753172683142{margin-top: 75px !important;}&#8220;][vc_column][vc_column_text css=&#8220;&#8220;]<\/p>\n<h3><b>Werden Sie Partner<\/b><\/h3>\n<p>Werden Sie strategischer Partner der Luxemburgischen Gesellschaft f\u00fcr Neurochirurgie und Wirbels\u00e4ulenchirurgie (SLNCR) und vernetzen Sie sich mit einem Netzwerk von Fachleuten, die sich der Weiterentwicklung der Neurochirurgie und Wirbels\u00e4ulenchirurgie widmen.<\/p>\n<p>Unser Partnerschaftsprogramm bietet ma\u00dfgeschneiderte M\u00f6glichkeiten, Ihre Sichtbarkeit in der medizinischen Gemeinschaft zu erh\u00f6hen, direkt mit Gesundheitsfachkr\u00e4ften in Kontakt zu treten und an wissenschaftlichen und edukativen Projekten mitzuwirken. Die Partnerschaftsstufen \u2013 Gold, Silber, Bronze und Event-basiert \u2013 erm\u00f6glichen Ihnen, den Grad der Sichtbarkeit und Beteiligung zu w\u00e4hlen, der am besten zu Ihren Zielen passt.<\/p>\n<p>Als Partner profitieren Sie von:<\/p>\n<p>&nbsp;<\/p>\n<ul>\n<li><b>Sichtbarkeit<\/b>\u00a0bei SLNCR-Veranstaltungen, auf unserer Website und in offiziellen Mitteilungen.<\/li>\n<li><b>M\u00f6glichkeiten zur Zusammenarbeit<\/b>\u00a0bei Workshops, Konferenzen und Weiterbildungsprogrammen.<\/li>\n<li><b>Direktem Austausch<\/b>\u00a0mit Neurochirurgen, Wirbels\u00e4ulenspezialisten und wichtigen Entscheidungstr\u00e4gern in der Region.<\/li>\n<\/ul>\n<p>Alle aktuellen Partner werden unten aufgef\u00fchrt. Gemeinsam k\u00f6nnen wir Innovation, Ausbildung und Exzellenz in der Neurochirurgie und Wirbels\u00e4ulenchirurgie f\u00f6rdern.<\/p>\n<div id=\"gtx-trans\" style=\"position: absolute; left: 63px; top: -12px;\">\n<div class=\"gtx-trans-icon\"><\/div>\n<\/div>\n<p>[\/vc_column_text][\/vc_column][\/vc_row][\/vc_section][vc_section full_width=&#8220;stretch_row&#8220; content_placement=&#8220;middle&#8220;][vc_row full_width=&#8220;stretch_row_content_no_spaces&#8220; equal_height=&#8220;yes&#8220; content_placement=&#8220;top&#8220;][vc_column width=&#8220;1\/2&#8243; css=&#8220;.vc_custom_1753172237138{padding-top: 10px !important;padding-bottom: 10px !important;background-color: #2B8899 !important;}&#8220; el_class=&#8220;max-half-width&#8220;][vc_column_text css=&#8220;.vc_custom_1753172128424{margin-bottom: 0px !important;}&#8220;]<\/p>\n<h2 style=\"color: white; text-align: left;\">Gold-Partner<\/h2>\n<p>[\/vc_column_text][\/vc_column][vc_column width=&#8220;1\/2&#8243;][\/vc_column][\/vc_row][vc_row css=&#8220;.vc_custom_1753172046178{margin-top: 50px !important;}&#8220;][vc_column width=&#8220;1\/5&#8243;][vc_single_image image=&#8220;682&#8243; img_size=&#8220;full&#8220; alignment=&#8220;center&#8220; css=&#8220;&#8220;][vc_btn title=&#8220;Link zur Website&#8220; style=&#8220;custom&#8220; custom_background=&#8220;#2B8899&#8243; custom_text=&#8220;#FFFFFF&#8220; shape=&#8220;square&#8220; size=&#8220;lg&#8220; align=&#8220;center&#8220; css=&#8220;&#8220; button_block=&#8220;true&#8220; link=&#8220;url:https%3A%2F%2Fwww.globusmedical.com%2F|target:_blank&#8220; el_class=&#8220;custom_btn&#8220;][\/vc_column][vc_column width=&#8220;1\/5&#8243;][\/vc_column][vc_column width=&#8220;1\/5&#8243;][\/vc_column][vc_column width=&#8220;1\/5&#8243;][\/vc_column][vc_column width=&#8220;1\/5&#8243;][\/vc_column][\/vc_row][\/vc_section][vc_section full_width=&#8220;stretch_row&#8220; content_placement=&#8220;middle&#8220;][vc_row full_width=&#8220;stretch_row_content_no_spaces&#8220; content_placement=&#8220;middle&#8220;][vc_column width=&#8220;1\/2&#8243; css=&#8220;.vc_custom_1753172261272{padding-top: 10px !important;padding-bottom: 10px !important;background-color: #2B8899 !important;}&#8220; el_class=&#8220;max-half-width&#8220;][vc_column_text css=&#8220;.vc_custom_1753172265845{margin-bottom: 0px !important;}&#8220;]<\/p>\n<h2 style=\"color: white; text-align: left;\">SILBER-Partner<\/h2>\n<p>[\/vc_column_text][\/vc_column][vc_column width=&#8220;1\/2&#8243;][\/vc_column][\/vc_row][vc_row css=&#8220;.vc_custom_1753172046178{margin-top: 50px !important;}&#8220;][vc_column width=&#8220;1\/4&#8243;][\/vc_column][vc_column width=&#8220;1\/4&#8243;][\/vc_column][vc_column width=&#8220;1\/4&#8243;][\/vc_column][vc_column width=&#8220;1\/4&#8243;][\/vc_column][\/vc_row][\/vc_section][vc_section full_width=&#8220;stretch_row&#8220; content_placement=&#8220;middle&#8220;][vc_row full_width=&#8220;stretch_row_content_no_spaces&#8220; content_placement=&#8220;middle&#8220;][vc_column width=&#8220;1\/2&#8243; css=&#8220;.vc_custom_1753172272669{padding-top: 10px !important;padding-bottom: 10px !important;background-color: #2B8899 !important;}&#8220; el_class=&#8220;max-half-width&#8220;][vc_column_text css=&#8220;.vc_custom_1753172275926{margin-bottom: 0px !important;}&#8220;]<\/p>\n<h2 style=\"color: white; text-align: left;\">BRONZE-Partner<\/h2>\n<p>[\/vc_column_text][\/vc_column][vc_column width=&#8220;1\/2&#8243;][\/vc_column][\/vc_row][vc_row css=&#8220;.vc_custom_1753172046178{margin-top: 50px !important;}&#8220;][vc_column width=&#8220;1\/4&#8243;][\/vc_column][vc_column width=&#8220;1\/4&#8243;][\/vc_column][vc_column width=&#8220;1\/4&#8243;][\/vc_column][vc_column width=&#8220;1\/4&#8243;][\/vc_column][\/vc_row][\/vc_section][vc_section full_width=&#8220;stretch_row&#8220; content_placement=&#8220;middle&#8220;][vc_row full_width=&#8220;stretch_row_content_no_spaces&#8220; content_placement=&#8220;middle&#8220;][vc_column width=&#8220;1\/2&#8243; css=&#8220;.vc_custom_1753172284368{padding-top: 10px !important;padding-bottom: 10px !important;background-color: #2B8899 !important;}&#8220; el_class=&#8220;max-half-width&#8220;][vc_column_text css=&#8220;.vc_custom_1753172279950{margin-bottom: 0px !important;}&#8220;]<\/p>\n<h2 style=\"color: white; text-align: left;\">Eventbezogene Partnerschaft<\/h2>\n<p>[\/vc_column_text][\/vc_column][vc_column width=&#8220;1\/2&#8243;][\/vc_column][\/vc_row][vc_row css=&#8220;.vc_custom_1753172046178{margin-top: 50px !important;}&#8220;][vc_column width=&#8220;1\/4&#8243;][\/vc_column][vc_column width=&#8220;1\/4&#8243;][\/vc_column][vc_column width=&#8220;1\/4&#8243;][\/vc_column][vc_column width=&#8220;1\/4&#8243;][\/vc_column][\/vc_row][\/vc_section][vc_section][vc_row][vc_column][vc_column_text css=&#8220;&#8220;]Weitere Informationen zu Partnerschaftsm\u00f6glichkeiten finden Sie in der untenstehenden PDF-Datei.[\/vc_column_text][vc_btn title=&#8220;Partnerschaft SLNCR pdf&#8220; style=&#8220;custom&#8220; custom_background=&#8220;#2B8899&#8243; custom_text=&#8220;#FFFFFF&#8220; shape=&#8220;square&#8220; size=&#8220;lg&#8220; align=&#8220;left&#8220; css=&#8220;&#8220; link=&#8220;url:%2Fwp-content%2Fuploads%2F2025%2F07%2FPartnershaft_SLNCR.pdf&#8220; el_class=&#8220;custom_btn&#8220;][\/vc_column][\/vc_row][\/vc_section]<\/p>\n<\/div>","protected":false},"excerpt":{"rendered":"<p>[vc_section full_width=&#8220;stretch_row&#8220; min_height=&#8220;289&#8243; css=&#8220;.vc_custom_1734115520928{background-image: url(https:\/\/neurosurgicalsociety.lu\/wp-content\/uploads\/2024\/12\/Mask-Group-5.jpg?id=2) !important;}&#8220;][vc_row][vc_column][\/vc_column][\/vc_row][\/vc_section][vc_section full_width=&#8220;stretch_row&#8220; content_placement=&#8220;middle&#8220; css=&#8220;.vc_custom_1753172679030{margin-bottom: 75px !important;}&#8220;][vc_row full_width=&#8220;stretch_row_content_no_spaces&#8220; content_placement=&#8220;middle&#8220;][vc_column width=&#8220;1\/2&#8243; css=&#8220;.vc_custom_1734116648319{background-color: #2B8899 !important;}&#8220; el_class=&#8220;max-half-width&#8220;][vc_column_text css=&#8220;&#8220;] Partner [\/vc_column_text][\/vc_column][vc_column width=&#8220;1\/2&#8243;][\/vc_column][\/vc_row][vc_row css=&#8220;.vc_custom_1753172683142{margin-top: 75px !important;}&#8220;][vc_column][vc_column_text css=&#8220;&#8220;]<span class=\"excerpt-hellip\"> [\u2026]<\/span><\/p>\n","protected":false},"author":1,"featured_media":0,"parent":0,"menu_order":0,"comment_status":"closed","ping_status":"closed","template":"","meta":{"footnotes":""},"class_list":["post-704","page","type-page","status-publish","hentry"],"yoast_head":"<!-- This site is optimized with the Yoast SEO plugin v26.2 - https:\/\/yoast.com\/wordpress\/plugins\/seo\/ -->\n<title>Partners - neurosurgicalsociety<\/title>\n<meta name=\"robots\" content=\"index, follow, max-snippet:-1, max-image-preview:large, max-video-preview:-1\" \/>\n<link rel=\"canonical\" href=\"https:\/\/neurosurgicalsociety.lu\/de\/partners\/\" \/>\n<meta property=\"og:locale\" content=\"de_DE\" \/>\n<meta property=\"og:type\" content=\"article\" \/>\n<meta property=\"og:title\" content=\"Partners - neurosurgicalsociety\" \/>\n<meta property=\"og:description\" content=\"[vc_section full_width=&#8220;stretch_row&#8220; min_height=&#8220;289&#8243; css=&#8220;.vc_custom_1734115520928{background-image: url(https:\/\/neurosurgicalsociety.lu\/wp-content\/uploads\/2024\/12\/Mask-Group-5.jpg?id=2) !important;}&#8220;][vc_row][vc_column][\/vc_column][\/vc_row][\/vc_section][vc_section full_width=&#8220;stretch_row&#8220; content_placement=&#8220;middle&#8220; css=&#8220;.vc_custom_1753172679030{margin-bottom: 75px !important;}&#8220;][vc_row full_width=&#8220;stretch_row_content_no_spaces&#8220; content_placement=&#8220;middle&#8220;][vc_column width=&#8220;1\/2&#8243; css=&#8220;.vc_custom_1734116648319{background-color: #2B8899 !important;}&#8220; el_class=&#8220;max-half-width&#8220;][vc_column_text css=&#8220;&#8220;] Partner [\/vc_column_text][\/vc_column][vc_column width=&#8220;1\/2&#8243;][\/vc_column][\/vc_row][vc_row css=&#8220;.vc_custom_1753172683142{margin-top: 75px !important;}&#8220;][vc_column][vc_column_text css=&#8220;&#8220;] [\u2026]\" \/>\n<meta property=\"og:url\" content=\"https:\/\/neurosurgicalsociety.lu\/de\/partners\/\" \/>\n<meta property=\"og:site_name\" content=\"neurosurgicalsociety\" \/>\n<meta property=\"article:modified_time\" content=\"2025-07-22T11:21:46+00:00\" \/>\n<meta name=\"twitter:card\" content=\"summary_large_image\" \/>\n<meta name=\"twitter:label1\" content=\"Gesch\u00e4tzte Lesezeit\" \/>\n\t<meta name=\"twitter:data1\" content=\"2\u00a0Minuten\" \/>\n<script type=\"application\/ld+json\" class=\"yoast-schema-graph\">{\"@context\":\"https:\/\/schema.org\",\"@graph\":[{\"@type\":\"WebPage\",\"@id\":\"https:\/\/neurosurgicalsociety.lu\/de\/partners\/\",\"url\":\"https:\/\/neurosurgicalsociety.lu\/de\/partners\/\",\"name\":\"Partners - neurosurgicalsociety\",\"isPartOf\":{\"@id\":\"https:\/\/neurosurgicalsociety.lu\/#website\"},\"datePublished\":\"2025-07-22T08:10:06+00:00\",\"dateModified\":\"2025-07-22T11:21:46+00:00\",\"breadcrumb\":{\"@id\":\"https:\/\/neurosurgicalsociety.lu\/de\/partners\/#breadcrumb\"},\"inLanguage\":\"de\",\"potentialAction\":[{\"@type\":\"ReadAction\",\"target\":[\"https:\/\/neurosurgicalsociety.lu\/de\/partners\/\"]}]},{\"@type\":\"BreadcrumbList\",\"@id\":\"https:\/\/neurosurgicalsociety.lu\/de\/partners\/#breadcrumb\",\"itemListElement\":[{\"@type\":\"ListItem\",\"position\":1,\"name\":\"Home\",\"item\":\"https:\/\/neurosurgicalsociety.lu\/de\/\"},{\"@type\":\"ListItem\",\"position\":2,\"name\":\"Partners\"}]},{\"@type\":\"WebSite\",\"@id\":\"https:\/\/neurosurgicalsociety.lu\/#website\",\"url\":\"https:\/\/neurosurgicalsociety.lu\/\",\"name\":\"neurosurgicalsociety\",\"description\":\"neurosurgicalsociety\",\"potentialAction\":[{\"@type\":\"SearchAction\",\"target\":{\"@type\":\"EntryPoint\",\"urlTemplate\":\"https:\/\/neurosurgicalsociety.lu\/?s={search_term_string}\"},\"query-input\":{\"@type\":\"PropertyValueSpecification\",\"valueRequired\":true,\"valueName\":\"search_term_string\"}}],\"inLanguage\":\"de\"}]}<\/script>\n<!-- \/ Yoast SEO plugin. -->","yoast_head_json":{"title":"Partners - neurosurgicalsociety","robots":{"index":"index","follow":"follow","max-snippet":"max-snippet:-1","max-image-preview":"max-image-preview:large","max-video-preview":"max-video-preview:-1"},"canonical":"https:\/\/neurosurgicalsociety.lu\/de\/partners\/","og_locale":"de_DE","og_type":"article","og_title":"Partners - neurosurgicalsociety","og_description":"[vc_section full_width=&#8220;stretch_row&#8220; min_height=&#8220;289&#8243; css=&#8220;.vc_custom_1734115520928{background-image: url(https:\/\/neurosurgicalsociety.lu\/wp-content\/uploads\/2024\/12\/Mask-Group-5.jpg?id=2) !important;}&#8220;][vc_row][vc_column][\/vc_column][\/vc_row][\/vc_section][vc_section full_width=&#8220;stretch_row&#8220; content_placement=&#8220;middle&#8220; css=&#8220;.vc_custom_1753172679030{margin-bottom: 75px !important;}&#8220;][vc_row full_width=&#8220;stretch_row_content_no_spaces&#8220; content_placement=&#8220;middle&#8220;][vc_column width=&#8220;1\/2&#8243; css=&#8220;.vc_custom_1734116648319{background-color: #2B8899 !important;}&#8220; el_class=&#8220;max-half-width&#8220;][vc_column_text css=&#8220;&#8220;] Partner [\/vc_column_text][\/vc_column][vc_column width=&#8220;1\/2&#8243;][\/vc_column][\/vc_row][vc_row css=&#8220;.vc_custom_1753172683142{margin-top: 75px !important;}&#8220;][vc_column][vc_column_text css=&#8220;&#8220;] [\u2026]","og_url":"https:\/\/neurosurgicalsociety.lu\/de\/partners\/","og_site_name":"neurosurgicalsociety","article_modified_time":"2025-07-22T11:21:46+00:00","twitter_card":"summary_large_image","twitter_misc":{"Gesch\u00e4tzte Lesezeit":"2\u00a0Minuten"},"schema":{"@context":"https:\/\/schema.org","@graph":[{"@type":"WebPage","@id":"https:\/\/neurosurgicalsociety.lu\/de\/partners\/","url":"https:\/\/neurosurgicalsociety.lu\/de\/partners\/","name":"Partners - neurosurgicalsociety","isPartOf":{"@id":"https:\/\/neurosurgicalsociety.lu\/#website"},"datePublished":"2025-07-22T08:10:06+00:00","dateModified":"2025-07-22T11:21:46+00:00","breadcrumb":{"@id":"https:\/\/neurosurgicalsociety.lu\/de\/partners\/#breadcrumb"},"inLanguage":"de","potentialAction":[{"@type":"ReadAction","target":["https:\/\/neurosurgicalsociety.lu\/de\/partners\/"]}]},{"@type":"BreadcrumbList","@id":"https:\/\/neurosurgicalsociety.lu\/de\/partners\/#breadcrumb","itemListElement":[{"@type":"ListItem","position":1,"name":"Home","item":"https:\/\/neurosurgicalsociety.lu\/de\/"},{"@type":"ListItem","position":2,"name":"Partners"}]},{"@type":"WebSite","@id":"https:\/\/neurosurgicalsociety.lu\/#website","url":"https:\/\/neurosurgicalsociety.lu\/","name":"neurosurgicalsociety","description":"neurosurgicalsociety","potentialAction":[{"@type":"SearchAction","target":{"@type":"EntryPoint","urlTemplate":"https:\/\/neurosurgicalsociety.lu\/?s={search_term_string}"},"query-input":{"@type":"PropertyValueSpecification","valueRequired":true,"valueName":"search_term_string"}}],"inLanguage":"de"}]}},"_links":{"self":[{"href":"https:\/\/neurosurgicalsociety.lu\/de\/wp-json\/wp\/v2\/pages\/704","targetHints":{"allow":["GET"]}}],"collection":[{"href":"https:\/\/neurosurgicalsociety.lu\/de\/wp-json\/wp\/v2\/pages"}],"about":[{"href":"https:\/\/neurosurgicalsociety.lu\/de\/wp-json\/wp\/v2\/types\/page"}],"author":[{"embeddable":true,"href":"https:\/\/neurosurgicalsociety.lu\/de\/wp-json\/wp\/v2\/users\/1"}],"replies":[{"embeddable":true,"href":"https:\/\/neurosurgicalsociety.lu\/de\/wp-json\/wp\/v2\/comments?post=704"}],"version-history":[{"count":5,"href":"https:\/\/neurosurgicalsociety.lu\/de\/wp-json\/wp\/v2\/pages\/704\/revisions"}],"predecessor-version":[{"id":731,"href":"https:\/\/neurosurgicalsociety.lu\/de\/wp-json\/wp\/v2\/pages\/704\/revisions\/731"}],"wp:attachment":[{"href":"https:\/\/neurosurgicalsociety.lu\/de\/wp-json\/wp\/v2\/media?parent=704"}],"curies":[{"name":"wp","href":"https:\/\/api.w.org\/{rel}","templated":true}]}}