{"id":164,"date":"2024-12-12T15:25:04","date_gmt":"2024-12-12T15:25:04","guid":{"rendered":"https:\/\/neurosurgicalsociety.lu\/?page_id=164"},"modified":"2025-10-26T13:18:52","modified_gmt":"2025-10-26T13:18:52","slug":"home","status":"publish","type":"page","link":"https:\/\/neurosurgicalsociety.lu\/fr\/","title":{"rendered":"Accueil"},"content":{"rendered":"<div class=\"wpb-content-wrapper\"><p>[vc_section full_width=\u00a0\u00bbstretch_row\u00a0\u00bb css=\u00a0\u00bb.vc_custom_1734103721378{margin-top: -25px !important;}\u00a0\u00bb][vc_row equal_height=\u00a0\u00bbyes\u00a0\u00bb][vc_column width=\u00a0\u00bb1\/2&Prime; el_class=\u00a0\u00bbposition-split\u00a0\u00bb offset=\u00a0\u00bbvc_hidden-sm vc_hidden-xs\u00a0\u00bb][vc_single_image image=\u00a0\u00bb271&Prime; img_size=\u00a0\u00bbfull\u00a0\u00bb alignment=\u00a0\u00bbright\u00a0\u00bb css=\u00a0\u00bb.vc_custom_1736755063099{margin-top: 220px !important;}\u00a0\u00bb][vc_column_text css=\u00a0\u00bb.vc_custom_1734365357072{padding-top: 60px !important;padding-right: 60px !important;padding-bottom: 60px !important;padding-left: 60px !important;background-color: #2B8899 !important;}\u00a0\u00bb el_class=\u00a0\u00bbposition-bottom\u00a0\u00bb]<span style=\"color: #ffffff;\">Bienvenue sur le site de la Soci\u00e9t\u00e9 luxembourgeoise de neurochirurgie et de chirurgie du rachis (SLNCR) ASBL, une organisation scientifique \u00e0 but non lucratif fond\u00e9e en 2024 dans le but d&rsquo;harmoniser l&rsquo;expertise en neurochirurgie et en soins du rachis \u00e0 travers le Luxembourg. En tant qu&rsquo;acteur cl\u00e9 dans la promotion de la neurochirurgie et de la chirurgie du rachis au Luxembourg, notre comit\u00e9 scientifique et notre soci\u00e9t\u00e9 s&rsquo;engagent \u00e0 faire progresser le domaine et \u00e0 fa\u00e7onner son avenir.<\/span>[\/vc_column_text][\/vc_column][vc_column width=\u00a0\u00bb1\/2&Prime; offset=\u00a0\u00bbvc_hidden-sm vc_hidden-xs\u00a0\u00bb][vc_single_image image=\u00a0\u00bb3&Prime; img_size=\u00a0\u00bb851&#215;940&Prime; alignment=\u00a0\u00bbcenter\u00a0\u00bb css=\u00a0\u00bb.vc_custom_1734103638026{margin-bottom: 0px !important;padding-bottom: 0px !important;}\u00a0\u00bb][\/vc_column][\/vc_row][vc_row][vc_column offset=\u00a0\u00bbvc_hidden-lg vc_hidden-md\u00a0\u00bb][vc_single_image image=\u00a0\u00bb4&Prime; img_size=\u00a0\u00bbfull\u00a0\u00bb alignment=\u00a0\u00bbcenter\u00a0\u00bb css=\u00a0\u00bb.vc_custom_1734120159914{margin-top: 50px !important;}\u00a0\u00bb][vc_column_text css=\u00a0\u00bb.vc_custom_1734365372724{padding-top: 60px !important;padding-right: 60px !important;padding-bottom: 60px !important;padding-left: 60px !important;background-color: #2B8899 !important;}\u00a0\u00bb]<span style=\"color: #ffffff;\">Bienvenue sur le site de la Soci\u00e9t\u00e9 luxembourgeoise de neurochirurgie et de chirurgie du rachis (SLNCR) ASBL, une organisation scientifique \u00e0 but non lucratif fond\u00e9e en 2024 dans le but d&rsquo;harmoniser l&rsquo;expertise en neurochirurgie et en soins du rachis \u00e0 travers le Luxembourg. En tant qu&rsquo;acteur cl\u00e9 dans la promotion de la neurochirurgie et de la chirurgie du rachis au Luxembourg, notre comit\u00e9 scientifique et notre soci\u00e9t\u00e9 s&rsquo;engagent \u00e0 faire progresser le domaine et \u00e0 fa\u00e7onner son avenir.<\/span>[\/vc_column_text][vc_single_image image=\u00a0\u00bb3&Prime; img_size=\u00a0\u00bb851&#215;940&Prime; alignment=\u00a0\u00bbcenter\u00a0\u00bb css=\u00a0\u00bb.vc_custom_1734103638026{margin-bottom: 0px !important;padding-bottom: 0px !important;}\u00a0\u00bb][\/vc_column][\/vc_row][\/vc_section][vc_section css=\u00a0\u00bb.vc_custom_1734104015439{margin-top: 30px !important;}\u00a0\u00bb][vc_row equal_height=\u00a0\u00bbyes\u00a0\u00bb][vc_column width=\u00a0\u00bb1\/3&Prime;][vc_single_image image=\u00a0\u00bb7&Prime; img_size=\u00a0\u00bbfull\u00a0\u00bb alignment=\u00a0\u00bbcenter\u00a0\u00bb css=\u00a0\u00bb\u00a0\u00bb][vc_column_text css=\u00a0\u00bb\u00a0\u00bb]<\/p>\n<h2 style=\"text-align: center;\">NOUVELLES<\/h2>\n<p>Bienvenue sur le site de la <strong>Soci\u00e9t\u00e9 Luxembourgeoise de Neurochirurgie et de la Chirurgie du Rachis (SLNCR) a.s.b.l<\/strong>, o\u00f9 vous pouvez rester inform\u00e9 de nos derni\u00e8res nouvelles et mises \u00e0 jour.[\/vc_column_text][vc_btn title=\u00a0\u00bbVoir\u00a0\u00bb style=\u00a0\u00bbcustom\u00a0\u00bb custom_background=\u00a0\u00bb#2B8899&Prime; custom_text=\u00a0\u00bb#FFFFFF\u00a0\u00bb shape=\u00a0\u00bbsquare\u00a0\u00bb size=\u00a0\u00bblg\u00a0\u00bb align=\u00a0\u00bbcenter\u00a0\u00bb css=\u00a0\u00bb\u00a0\u00bb button_block=\u00a0\u00bbtrue\u00a0\u00bb link=\u00a0\u00bburl:%2Fnews\u00a0\u00bb el_class=\u00a0\u00bbcustom_btn\u00a0\u00bb][\/vc_column][vc_column width=\u00a0\u00bb1\/3&Prime;][vc_single_image image=\u00a0\u00bb175&Prime; img_size=\u00a0\u00bbfull\u00a0\u00bb alignment=\u00a0\u00bbcenter\u00a0\u00bb css=\u00a0\u00bb\u00a0\u00bb][vc_column_text css=\u00a0\u00bb\u00a0\u00bb]<\/p>\n<h2 style=\"text-align: center;\">PARTENAIRES<\/h2>\n<p style=\"text-align: center;\" data-start=\"251\" data-end=\"454\">Devenez partenaire \u2013 Connectez-vous, collaborez et gagnez en visibilit\u00e9 dans le domaine de la neurochirurgie et de la chirurgie de la colonne vert\u00e9brale. D\u00e9couvrez nos partenaires.<\/p>\n<div id=\"gtx-trans\" style=\"position: absolute; left: 256px; top: 121.891px;\">\n<div class=\"gtx-trans-icon\"><\/div>\n<\/div>\n<p>[\/vc_column_text][vc_btn title=\u00a0\u00bbVoir\u00a0\u00bb style=\u00a0\u00bbcustom\u00a0\u00bb custom_background=\u00a0\u00bb#2B8899&Prime; custom_text=\u00a0\u00bb#FFFFFF\u00a0\u00bb shape=\u00a0\u00bbsquare\u00a0\u00bb size=\u00a0\u00bblg\u00a0\u00bb align=\u00a0\u00bbcenter\u00a0\u00bb css=\u00a0\u00bb\u00a0\u00bb button_block=\u00a0\u00bbtrue\u00a0\u00bb link=\u00a0\u00bburl:%2Ffr%2Fpartners%2F|title:Partners\u00a0\u00bb el_class=\u00a0\u00bbcustom_btn\u00a0\u00bb][\/vc_column][vc_column width=\u00a0\u00bb1\/3&Prime;][vc_single_image image=\u00a0\u00bb144&Prime; img_size=\u00a0\u00bbfull\u00a0\u00bb alignment=\u00a0\u00bbcenter\u00a0\u00bb css=\u00a0\u00bb\u00a0\u00bb][vc_column_text css=\u00a0\u00bb\u00a0\u00bb]<\/p>\n<h2 style=\"text-align: center;\">MEMBRES<\/h2>\n<p>Rencontrez les membres du conseil d&rsquo;administration de la Soci\u00e9t\u00e9 luxembourgeoise de neurochirurgie et de chirurgie de la colonne vert\u00e9brale (SLNCR)[\/vc_column_text][vc_btn title=\u00a0\u00bbVoir\u00a0\u00bb style=\u00a0\u00bbcustom\u00a0\u00bb custom_background=\u00a0\u00bb#2B8899&Prime; custom_text=\u00a0\u00bb#FFFFFF\u00a0\u00bb shape=\u00a0\u00bbsquare\u00a0\u00bb size=\u00a0\u00bblg\u00a0\u00bb align=\u00a0\u00bbcenter\u00a0\u00bb css=\u00a0\u00bb\u00a0\u00bb button_block=\u00a0\u00bbtrue\u00a0\u00bb link=\u00a0\u00bburl:%2Fmembers%2F|title:Members\u00a0\u00bb el_class=\u00a0\u00bbcustom_btn\u00a0\u00bb][\/vc_column][\/vc_row][\/vc_section][vc_row][vc_column][vc_column_text]<\/p>\n<p>[\/vc_column_text][\/vc_column][\/vc_row][vc_section][vc_row][vc_column][vc_separator css=\u00a0\u00bb\u00a0\u00bb][vc_column_text css=\u00a0\u00bb\u00a0\u00bb]<\/p>\n<h2>Derni\u00e8res nouvelles<\/h2>\n<p>[\/vc_column_text][vc_basic_grid post_type=\u00a0\u00bbpost\u00a0\u00bb max_items=\u00a0\u00bb4&Prime; element_width=\u00a0\u00bb3&Prime; css=\u00a0\u00bb\u00a0\u00bb grid_id=\u00a0\u00bbvc_gid:1761484724484-a16e2c4f-1ef2-2&Prime; taxonomies=\u00a0\u00bb14, 24&Prime;][\/vc_column][\/vc_row][\/vc_section]<\/p>\n<\/div>","protected":false},"excerpt":{"rendered":"<p>[vc_section full_width=\u00a0\u00bbstretch_row\u00a0\u00bb css=\u00a0\u00bb.vc_custom_1734103721378{margin-top: -25px !important;}\u00a0\u00bb][vc_row equal_height=\u00a0\u00bbyes\u00a0\u00bb][vc_column width=\u00a0\u00bb1\/2&Prime; el_class=\u00a0\u00bbposition-split\u00a0\u00bb offset=\u00a0\u00bbvc_hidden-sm vc_hidden-xs\u00a0\u00bb][vc_single_image image=\u00a0\u00bb271&Prime; img_size=\u00a0\u00bbfull\u00a0\u00bb alignment=\u00a0\u00bbright\u00a0\u00bb css=\u00a0\u00bb.vc_custom_1736755063099{margin-top: 220px !important;}\u00a0\u00bb][vc_column_text css=\u00a0\u00bb.vc_custom_1734365357072{padding-top: 60px !important;padding-right: 60px !important;padding-bottom: 60px !important;padding-left: 60px !important;background-color: #2B8899<span class=\"excerpt-hellip\"> [\u2026]<\/span><\/p>\n","protected":false},"author":1,"featured_media":0,"parent":0,"menu_order":0,"comment_status":"closed","ping_status":"closed","template":"","meta":{"footnotes":""},"class_list":["post-164","page","type-page","status-publish","hentry"],"yoast_head":"<!-- This site is optimized with the Yoast SEO plugin v26.2 - https:\/\/yoast.com\/wordpress\/plugins\/seo\/ -->\n<title>Accueil - neurosurgicalsociety<\/title>\n<meta name=\"robots\" content=\"index, follow, max-snippet:-1, max-image-preview:large, max-video-preview:-1\" \/>\n<link rel=\"canonical\" href=\"https:\/\/neurosurgicalsociety.lu\/fr\/\" \/>\n<meta property=\"og:locale\" content=\"fr_FR\" \/>\n<meta property=\"og:type\" content=\"article\" \/>\n<meta property=\"og:title\" content=\"Accueil - neurosurgicalsociety\" \/>\n<meta property=\"og:description\" content=\"[vc_section full_width=\u00a0\u00bbstretch_row\u00a0\u00bb css=\u00a0\u00bb.vc_custom_1734103721378{margin-top: -25px !important;}\u00a0\u00bb][vc_row equal_height=\u00a0\u00bbyes\u00a0\u00bb][vc_column width=\u00a0\u00bb1\/2&Prime; el_class=\u00a0\u00bbposition-split\u00a0\u00bb offset=\u00a0\u00bbvc_hidden-sm vc_hidden-xs\u00a0\u00bb][vc_single_image image=\u00a0\u00bb271&Prime; img_size=\u00a0\u00bbfull\u00a0\u00bb alignment=\u00a0\u00bbright\u00a0\u00bb css=\u00a0\u00bb.vc_custom_1736755063099{margin-top: 220px !important;}\u00a0\u00bb][vc_column_text css=\u00a0\u00bb.vc_custom_1734365357072{padding-top: 60px !important;padding-right: 60px !important;padding-bottom: 60px !important;padding-left: 60px !important;background-color: #2B8899 [\u2026]\" \/>\n<meta property=\"og:url\" content=\"https:\/\/neurosurgicalsociety.lu\/fr\/\" \/>\n<meta property=\"og:site_name\" content=\"neurosurgicalsociety\" \/>\n<meta property=\"article:modified_time\" content=\"2025-10-26T13:18:52+00:00\" \/>\n<meta name=\"twitter:card\" content=\"summary_large_image\" \/>\n<meta name=\"twitter:label1\" content=\"Dur\u00e9e de lecture estim\u00e9e\" \/>\n\t<meta name=\"twitter:data1\" content=\"4 minutes\" \/>\n<script type=\"application\/ld+json\" class=\"yoast-schema-graph\">{\"@context\":\"https:\/\/schema.org\",\"@graph\":[{\"@type\":\"WebPage\",\"@id\":\"https:\/\/neurosurgicalsociety.lu\/fr\/\",\"url\":\"https:\/\/neurosurgicalsociety.lu\/fr\/\",\"name\":\"Accueil - neurosurgicalsociety\",\"isPartOf\":{\"@id\":\"https:\/\/neurosurgicalsociety.lu\/#website\"},\"datePublished\":\"2024-12-12T15:25:04+00:00\",\"dateModified\":\"2025-10-26T13:18:52+00:00\",\"breadcrumb\":{\"@id\":\"https:\/\/neurosurgicalsociety.lu\/fr\/#breadcrumb\"},\"inLanguage\":\"fr-FR\",\"potentialAction\":[{\"@type\":\"ReadAction\",\"target\":[\"https:\/\/neurosurgicalsociety.lu\/fr\/\"]}]},{\"@type\":\"BreadcrumbList\",\"@id\":\"https:\/\/neurosurgicalsociety.lu\/fr\/#breadcrumb\",\"itemListElement\":[{\"@type\":\"ListItem\",\"position\":1,\"name\":\"Home\",\"item\":\"https:\/\/neurosurgicalsociety.lu\/fr\/\"},{\"@type\":\"ListItem\",\"position\":2,\"name\":\"Accueil\"}]},{\"@type\":\"WebSite\",\"@id\":\"https:\/\/neurosurgicalsociety.lu\/#website\",\"url\":\"https:\/\/neurosurgicalsociety.lu\/\",\"name\":\"neurosurgicalsociety\",\"description\":\"neurosurgicalsociety\",\"potentialAction\":[{\"@type\":\"SearchAction\",\"target\":{\"@type\":\"EntryPoint\",\"urlTemplate\":\"https:\/\/neurosurgicalsociety.lu\/?s={search_term_string}\"},\"query-input\":{\"@type\":\"PropertyValueSpecification\",\"valueRequired\":true,\"valueName\":\"search_term_string\"}}],\"inLanguage\":\"fr-FR\"}]}<\/script>\n<!-- \/ Yoast SEO plugin. -->","yoast_head_json":{"title":"Accueil - neurosurgicalsociety","robots":{"index":"index","follow":"follow","max-snippet":"max-snippet:-1","max-image-preview":"max-image-preview:large","max-video-preview":"max-video-preview:-1"},"canonical":"https:\/\/neurosurgicalsociety.lu\/fr\/","og_locale":"fr_FR","og_type":"article","og_title":"Accueil - neurosurgicalsociety","og_description":"[vc_section full_width=\u00a0\u00bbstretch_row\u00a0\u00bb css=\u00a0\u00bb.vc_custom_1734103721378{margin-top: -25px !important;}\u00a0\u00bb][vc_row equal_height=\u00a0\u00bbyes\u00a0\u00bb][vc_column width=\u00a0\u00bb1\/2&Prime; el_class=\u00a0\u00bbposition-split\u00a0\u00bb offset=\u00a0\u00bbvc_hidden-sm vc_hidden-xs\u00a0\u00bb][vc_single_image image=\u00a0\u00bb271&Prime; img_size=\u00a0\u00bbfull\u00a0\u00bb alignment=\u00a0\u00bbright\u00a0\u00bb css=\u00a0\u00bb.vc_custom_1736755063099{margin-top: 220px !important;}\u00a0\u00bb][vc_column_text css=\u00a0\u00bb.vc_custom_1734365357072{padding-top: 60px !important;padding-right: 60px !important;padding-bottom: 60px !important;padding-left: 60px !important;background-color: #2B8899 [\u2026]","og_url":"https:\/\/neurosurgicalsociety.lu\/fr\/","og_site_name":"neurosurgicalsociety","article_modified_time":"2025-10-26T13:18:52+00:00","twitter_card":"summary_large_image","twitter_misc":{"Dur\u00e9e de lecture estim\u00e9e":"4 minutes"},"schema":{"@context":"https:\/\/schema.org","@graph":[{"@type":"WebPage","@id":"https:\/\/neurosurgicalsociety.lu\/fr\/","url":"https:\/\/neurosurgicalsociety.lu\/fr\/","name":"Accueil - neurosurgicalsociety","isPartOf":{"@id":"https:\/\/neurosurgicalsociety.lu\/#website"},"datePublished":"2024-12-12T15:25:04+00:00","dateModified":"2025-10-26T13:18:52+00:00","breadcrumb":{"@id":"https:\/\/neurosurgicalsociety.lu\/fr\/#breadcrumb"},"inLanguage":"fr-FR","potentialAction":[{"@type":"ReadAction","target":["https:\/\/neurosurgicalsociety.lu\/fr\/"]}]},{"@type":"BreadcrumbList","@id":"https:\/\/neurosurgicalsociety.lu\/fr\/#breadcrumb","itemListElement":[{"@type":"ListItem","position":1,"name":"Home","item":"https:\/\/neurosurgicalsociety.lu\/fr\/"},{"@type":"ListItem","position":2,"name":"Accueil"}]},{"@type":"WebSite","@id":"https:\/\/neurosurgicalsociety.lu\/#website","url":"https:\/\/neurosurgicalsociety.lu\/","name":"neurosurgicalsociety","description":"neurosurgicalsociety","potentialAction":[{"@type":"SearchAction","target":{"@type":"EntryPoint","urlTemplate":"https:\/\/neurosurgicalsociety.lu\/?s={search_term_string}"},"query-input":{"@type":"PropertyValueSpecification","valueRequired":true,"valueName":"search_term_string"}}],"inLanguage":"fr-FR"}]}},"_links":{"self":[{"href":"https:\/\/neurosurgicalsociety.lu\/fr\/wp-json\/wp\/v2\/pages\/164","targetHints":{"allow":["GET"]}}],"collection":[{"href":"https:\/\/neurosurgicalsociety.lu\/fr\/wp-json\/wp\/v2\/pages"}],"about":[{"href":"https:\/\/neurosurgicalsociety.lu\/fr\/wp-json\/wp\/v2\/types\/page"}],"author":[{"embeddable":true,"href":"https:\/\/neurosurgicalsociety.lu\/fr\/wp-json\/wp\/v2\/users\/1"}],"replies":[{"embeddable":true,"href":"https:\/\/neurosurgicalsociety.lu\/fr\/wp-json\/wp\/v2\/comments?post=164"}],"version-history":[{"count":14,"href":"https:\/\/neurosurgicalsociety.lu\/fr\/wp-json\/wp\/v2\/pages\/164\/revisions"}],"predecessor-version":[{"id":745,"href":"https:\/\/neurosurgicalsociety.lu\/fr\/wp-json\/wp\/v2\/pages\/164\/revisions\/745"}],"wp:attachment":[{"href":"https:\/\/neurosurgicalsociety.lu\/fr\/wp-json\/wp\/v2\/media?parent=164"}],"curies":[{"name":"wp","href":"https:\/\/api.w.org\/{rel}","templated":true}]}}