{"id":181,"date":"2024-12-16T15:36:29","date_gmt":"2024-12-16T15:36:29","guid":{"rendered":"https:\/\/neurosurgicalsociety.lu\/about-us\/"},"modified":"2025-01-17T16:44:25","modified_gmt":"2025-01-17T16:44:25","slug":"a-propos-de-nous","status":"publish","type":"page","link":"https:\/\/neurosurgicalsociety.lu\/fr\/a-propos-de-nous\/","title":{"rendered":"A propos de nous"},"content":{"rendered":"<div class=\"wpb-content-wrapper\"><p>[vc_section full_width=\u00a0\u00bbstretch_row\u00a0\u00bb min_height=\u00a0\u00bb289&Prime; css=\u00a0\u00bb.vc_custom_1734115520928{background-image: url(https:\/\/neurosurgicalsociety.lu\/wp-content\/uploads\/2024\/12\/Mask-Group-5.jpg?id=2) !important;}\u00a0\u00bb][vc_row][vc_column][\/vc_column][\/vc_row][\/vc_section][vc_section full_width=\u00a0\u00bbstretch_row\u00a0\u00bb content_placement=\u00a0\u00bbmiddle\u00a0\u00bb][vc_row full_width=\u00a0\u00bbstretch_row_content_no_spaces\u00a0\u00bb content_placement=\u00a0\u00bbmiddle\u00a0\u00bb][vc_column width=\u00a0\u00bb1\/2&Prime; css=\u00a0\u00bb.vc_custom_1734116648319{background-color: #2B8899 !important;}\u00a0\u00bb el_class=\u00a0\u00bbmax-half-width\u00a0\u00bb][vc_column_text css=\u00a0\u00bb\u00a0\u00bb]<\/p>\n<h1 style=\"color: white; text-align: left;\">A propos de nous<\/h1>\n<p>[\/vc_column_text][\/vc_column][vc_column width=\u00a0\u00bb1\/2&Prime;][\/vc_column][\/vc_row][\/vc_section][vc_section][vc_row css=\u00a0\u00bb.vc_custom_1734117085525{margin-top: 100px !important;margin-bottom: 50px !important;}\u00a0\u00bb][vc_column][vc_column_text css=\u00a0\u00bb\u00a0\u00bb]Bienvenue sur le site de la <strong>Soci\u00e9t\u00e9 luxembourgeoise de neurochirurgie et de chirurgie du rachis (SLNCR) ASBL<\/strong>, une organisation scientifique \u00e0 but non lucratif fond\u00e9e en 2024 dans le but d&rsquo;harmoniser l&rsquo;expertise en neurochirurgie et en soins du rachis \u00e0 travers le Luxembourg. En tant qu&rsquo;acteur cl\u00e9 dans la promotion de la neurochirurgie et de la chirurgie de la colonne vert\u00e9brale au Luxembourg, notre comit\u00e9 scientifique et notre soci\u00e9t\u00e9 s&rsquo;engagent \u00e0 faire progresser le domaine et \u00e0 fa\u00e7onner son avenir.<\/p>\n<p>La SLNCR ASBL a une mission sociale et sans but lucratif, avec les objectifs suivants :<\/p>\n<ul>\n<li><strong>Promouvoir et repr\u00e9senter les <\/strong>r\u00e9alisations scientifiques de la neurochirurgie luxembourgeoise, tant \u00e0 l&rsquo;int\u00e9rieur du pays qu&rsquo;au niveau international ;<\/li>\n<li><strong>Maintenir les qualifications scientifiques de <\/strong>ses membres au plus haut niveau ;<\/li>\n<li><strong>Faire progresser la qualit\u00e9 des soins <\/strong>en neurochirurgie dans tout le Grand-Duch\u00e9 de Luxembourg.<\/li>\n<\/ul>\n<p>Dans la poursuite de ces objectifs, nous nous concentrons sur :<\/p>\n<ul>\n<li><strong>Promouvoir l&rsquo;inclusion des patients <\/strong>dans les \u00e9tudes cliniques li\u00e9es \u00e0 la neurochirurgie, men\u00e9es aux niveaux national et international ;<\/li>\n<li><strong>Contribuer \u00e0 la formation continue <\/strong>des professionnels de la neurochirurgie ;<\/li>\n<li><strong>Repr\u00e9senter les <\/strong>neurochirurgiens luxembourgeois <strong>et collaborer <\/strong>avec eux par le biais de partenariats avec des organisations nationales et internationales partageant des objectifs similaires ;<\/li>\n<li><strong>Organiser des \u00e9v\u00e9nements <\/strong>pour les neurochirurgiens, les m\u00e9decins en formation sp\u00e9cialis\u00e9s en neurochirurgie et les sp\u00e9cialistes en neurosciences, y compris des cours, parfois en collaboration avec des partenaires industriels dans le domaine de la neurochirurgie ;<\/li>\n<li>l<strong>&lsquo;organisation d&rsquo;\u00e9v\u00e9nements <\/strong>pour le grand public, ax\u00e9s sur la sensibilisation et la compr\u00e9hension de la neurochirurgie ;<\/li>\n<li><strong>Prot\u00e9ger et d\u00e9velopper les int\u00e9r\u00eats professionnels <\/strong>de nos membres en partenariat avec les associations de d\u00e9fense professionnelle.<\/li>\n<\/ul>\n<p>Nous respectons les normes les plus \u00e9lev\u00e9es de l&rsquo;\u00e9thique m\u00e9dicale, en apportant un soutien complet aux patients gr\u00e2ce \u00e0 une <strong>collaboration interdisciplinaire<\/strong>. Il s&rsquo;agit notamment de travailler en \u00e9troite collaboration avec des domaines connexes tels que la neuro-oncologie et de traiter des probl\u00e8mes complexes li\u00e9s \u00e0 la colonne vert\u00e9brale qui n\u00e9cessitent des soins avanc\u00e9s et multidisciplinaires.<\/p>\n<p>L&rsquo;ASBL SLNCR promeut activement le <strong>partage des connaissances et la formation<\/strong> en organisant des s\u00e9minaires destin\u00e9s aux <strong>patients <\/strong>et aux <strong>professionnels de la sant\u00e9<\/strong>. Ces \u00e9v\u00e9nements s&rsquo;adressent aux m\u00e9decins g\u00e9n\u00e9ralistes, aux sp\u00e9cialistes et aux personnes en formation, afin que les professionnels de la sant\u00e9 \u00e0 tous les niveaux disposent des connaissances et des techniques les plus r\u00e9centes en mati\u00e8re de neurochirurgie et de soins de la colonne vert\u00e9brale.<\/p>\n<p>Notre soci\u00e9t\u00e9 accueille les <strong>neurochirurgiens<\/strong> et les <strong>chirurgiens de<\/strong> la colonne vert\u00e9brale en tant que membres \u00e0 part enti\u00e8re, tandis que tout m\u00e9decin, toute personne ou organisation int\u00e9ress\u00e9e par notre domaine ou nos activit\u00e9s peut adh\u00e9rer en tant que membre affili\u00e9. En outre, nous nous engageons aupr\u00e8s du grand public par le biais d&rsquo;une <strong>lettre d&rsquo;information<\/strong>, con\u00e7ue pour tenir les patients inform\u00e9s des derniers d\u00e9veloppements dans leurs soins et des \u00e9v\u00e9nements pr\u00e9vus.<\/p>\n<p>Pour l&rsquo;avenir, la SLNCR cherche \u00e0 \u00e9tablir des <strong>collaborations internationales<\/strong> avec la Soci\u00e9t\u00e9 europ\u00e9enne de neurochirurgie (EANS) et les organisations m\u00e9dicales li\u00e9es \u00e0 la colonne vert\u00e9brale en Europe. Notre objectif est de positionner la SLNCR comme un centre d&rsquo;expertise neurochirurgicale au Luxembourg, tout en d\u00e9veloppant nos partenariats \u00e0 travers l&rsquo;Europe.<\/p>\n<p>N&rsquo;h\u00e9sitez pas \u00e0 nous contacter si vous avez des questions.<\/p>\n<p>A vos souhaits,<\/p>\n<p>Le Comit\u00e9 de Direction de la Soci\u00e9t\u00e9 Luxembourgeoise de Neurochirurgie et de Chirurgie de la colonne vert\u00e9brale (SLNCR) ASBL.[\/vc_column_text][\/vc_column][\/vc_row][\/vc_section][vc_section disable_element=\u00a0\u00bbyes\u00a0\u00bb][vc_row css=\u00a0\u00bb.vc_custom_1737129619962{margin-top: 100px !important;margin-bottom: 50px !important;}\u00a0\u00bb][vc_column][vc_column_text css=\u00a0\u00bb\u00a0\u00bb]Chers coll\u00e8gues,<\/p>\n<p>&nbsp;<\/p>\n<p>Nous avons le plaisir de vous annoncer la cr\u00e9ation de la <strong>Soci\u00e9t\u00e9 Luxembourgeoise de Neurochirurgie et de Chirurgie du Rachis ASBL (SLNCR)<\/strong>, fond\u00e9e le 9 juillet 2024 avec le soutien de l\u2019Association Europ\u00e9enne des Soci\u00e9t\u00e9s de Neurochirurgie (EANS), de l&rsquo;Association des M\u00e9decins et M\u00e9decins-Dentistes (AMMD) et du Coll\u00e8ge M\u00e9dical.<\/p>\n<p>La SLNCR a pour objectif de r\u00e9unir les sp\u00e9cialistes en neurochirurgie et en chirurgie du rachis au Luxembourg, afin de favoriser les \u00e9changes professionnels et amicaux entre coll\u00e8gues, tout en constituant une plateforme pour interagir avec le corps m\u00e9dical, param\u00e9dical, les institutions publiques et le grand public.<\/p>\n<p>Notre mission est de promouvoir l\u2019excellence des soins, l\u2019\u00e9ducation, et la recherche, tout en sensibilisant le grand public aux avanc\u00e9es dans les domaines concern\u00e9s.<\/p>\n<p>&nbsp;<\/p>\n<p><strong>Prochains \u00e9v\u00e9nements :<\/strong><\/p>\n<p>Nous avons le plaisir de vous inviter \u00e0 notre <strong>premi\u00e8re Assembl\u00e9e G\u00e9n\u00e9rale<\/strong> :<\/p>\n<ul>\n<li><strong>Date :<\/strong> Mercredi 26 f\u00e9vrier 2025<\/li>\n<li><strong>Heure :<\/strong> 19h00<\/li>\n<li><strong>Lieu :<\/strong> Auditoire de l\u2019H\u00f4pital Kirchberg<\/li>\n<\/ul>\n<p>&nbsp;<\/p>\n<p><strong>Objectifs actuels pr\u00e9sent\u00e9s lors de la r\u00e9union :<\/strong><\/p>\n<ul>\n<li>Promouvoir l\u2019excellence dans les soins en neurochirurgie et chirurgie du rachis au Luxembourg<\/li>\n<li>Encourager la collaboration et le partage de connaissances entre professionnels de la sant\u00e9<\/li>\n<li>Organiser des symposiums trimestriels pour les professionnels de sant\u00e9, m\u00e9decins et le grand public, ainsi qu\u2019un \u00e9v\u00e9nement scientifique international annuel<\/li>\n<li>Mettre \u00e0 disposition des patients des ressources et des informations sur les interventions neurochirurgicales via notre site en cours de d\u00e9veloppement (<a href=\"http:\/\/www.neurosurgicalsociety.lu\/\"><strong>neurosurgicalsociety.lu<\/strong><\/a>)<\/li>\n<\/ul>\n<p>&nbsp;<\/p>\n<p>Nous accueillons \u00e9galement les <strong>\u00ab\u00a0membres associ\u00e9s\u00a0\u00bb<\/strong>, issus de toutes les sp\u00e9cialit\u00e9s m\u00e9dicales, les r\u00e9sidents, les \u00e9tudiants en m\u00e9decine, et toute personne int\u00e9ress\u00e9e par la neurochirurgie ou la chirurgie du rachis.<\/p>\n<p>Nous invitons tous les professionnels de sant\u00e9 et acteurs du secteur m\u00e9dical et param\u00e9dical \u00e0 rejoindre la SLNCR pour contribuer \u00e0 fa\u00e7onner l\u2019avenir de la Neurochirurgie et de la Chirurgie du Rachis au Luxembourg. Votre participation permettra de construire une communaut\u00e9 interdisciplinaire engag\u00e9e, soucieuse de l\u2019excellence des soins apport\u00e9s, actrice dans l\u2019\u00e9ducation et la sensibilisation du grand public.<\/p>\n<p>Nous serions ravis de pouvoir compter sur votre pr\u00e9sence \u00e0 l&rsquo;Assembl\u00e9e G\u00e9n\u00e9rale. Pour confirmer votre pr\u00e9sence, veuillez nous envoyer un courriel comprenant votre nom et pr\u00e9nom \u00e0 l\u2019adresse : <a href=\"mailto:contact@neurosurgicalsociety.lu\"><strong>contact@neurosurgicalsociety.lu<\/strong><\/a><\/p>\n<p>&nbsp;<\/p>\n<p><a href=\"http:\/\/www.neurosurgicalsociety.lu\/\"><strong>Rejoignez-nous !<\/strong><\/a><\/p>\n<p>Au plaisir de vous y rencontrer nombreux,<\/p>\n<p>&nbsp;<\/p>\n<p>Cordialement,<\/p>\n<p>Au nom de la Soci\u00e9t\u00e9 Luxembourgeoise de Neurochirurgie et de Chirurgie du Rachis a.s.b.l.,<\/p>\n<p>&nbsp;<\/p>\n<p>Dr Lynn Schroeder<\/p>\n<p><em>Pr\u00e9sidente<\/em>[\/vc_column_text][\/vc_column][\/vc_row][\/vc_section]<\/p>\n<\/div>","protected":false},"excerpt":{"rendered":"<p>[vc_section full_width=\u00a0\u00bbstretch_row\u00a0\u00bb min_height=\u00a0\u00bb289&Prime; css=\u00a0\u00bb.vc_custom_1734115520928{background-image: url(https:\/\/neurosurgicalsociety.lu\/wp-content\/uploads\/2024\/12\/Mask-Group-5.jpg?id=2) !important;}\u00a0\u00bb][vc_row][vc_column][\/vc_column][\/vc_row][\/vc_section][vc_section full_width=\u00a0\u00bbstretch_row\u00a0\u00bb content_placement=\u00a0\u00bbmiddle\u00a0\u00bb][vc_row full_width=\u00a0\u00bbstretch_row_content_no_spaces\u00a0\u00bb content_placement=\u00a0\u00bbmiddle\u00a0\u00bb][vc_column width=\u00a0\u00bb1\/2&Prime; css=\u00a0\u00bb.vc_custom_1734116648319{background-color: #2B8899 !important;}\u00a0\u00bb el_class=\u00a0\u00bbmax-half-width\u00a0\u00bb][vc_column_text css=\u00a0\u00bb\u00a0\u00bb] A propos de nous [\/vc_column_text][\/vc_column][vc_column width=\u00a0\u00bb1\/2&Prime;][\/vc_column][\/vc_row][\/vc_section][vc_section][vc_row css=\u00a0\u00bb.vc_custom_1734117085525{margin-top: 100px !important;margin-bottom: 50px<span class=\"excerpt-hellip\"> [\u2026]<\/span><\/p>\n","protected":false},"author":1,"featured_media":0,"parent":0,"menu_order":0,"comment_status":"closed","ping_status":"closed","template":"","meta":{"footnotes":""},"class_list":["post-181","page","type-page","status-publish","hentry"],"yoast_head":"<!-- This site is optimized with the Yoast SEO plugin v26.2 - https:\/\/yoast.com\/wordpress\/plugins\/seo\/ -->\n<title>A propos de nous - neurosurgicalsociety<\/title>\n<meta name=\"robots\" content=\"index, follow, max-snippet:-1, max-image-preview:large, max-video-preview:-1\" \/>\n<link rel=\"canonical\" href=\"https:\/\/neurosurgicalsociety.lu\/fr\/a-propos-de-nous\/\" \/>\n<meta property=\"og:locale\" content=\"fr_FR\" \/>\n<meta property=\"og:type\" content=\"article\" \/>\n<meta property=\"og:title\" content=\"A propos de nous - neurosurgicalsociety\" \/>\n<meta property=\"og:description\" content=\"[vc_section full_width=\u00a0\u00bbstretch_row\u00a0\u00bb min_height=\u00a0\u00bb289&Prime; css=\u00a0\u00bb.vc_custom_1734115520928{background-image: url(https:\/\/neurosurgicalsociety.lu\/wp-content\/uploads\/2024\/12\/Mask-Group-5.jpg?id=2) !important;}\u00a0\u00bb][vc_row][vc_column][\/vc_column][\/vc_row][\/vc_section][vc_section full_width=\u00a0\u00bbstretch_row\u00a0\u00bb content_placement=\u00a0\u00bbmiddle\u00a0\u00bb][vc_row full_width=\u00a0\u00bbstretch_row_content_no_spaces\u00a0\u00bb content_placement=\u00a0\u00bbmiddle\u00a0\u00bb][vc_column width=\u00a0\u00bb1\/2&Prime; css=\u00a0\u00bb.vc_custom_1734116648319{background-color: #2B8899 !important;}\u00a0\u00bb el_class=\u00a0\u00bbmax-half-width\u00a0\u00bb][vc_column_text css=\u00a0\u00bb\u00a0\u00bb] A propos de nous [\/vc_column_text][\/vc_column][vc_column width=\u00a0\u00bb1\/2&Prime;][\/vc_column][\/vc_row][\/vc_section][vc_section][vc_row css=\u00a0\u00bb.vc_custom_1734117085525{margin-top: 100px !important;margin-bottom: 50px [\u2026]\" \/>\n<meta property=\"og:url\" content=\"https:\/\/neurosurgicalsociety.lu\/fr\/a-propos-de-nous\/\" \/>\n<meta property=\"og:site_name\" content=\"neurosurgicalsociety\" \/>\n<meta property=\"article:modified_time\" content=\"2025-01-17T16:44:25+00:00\" \/>\n<meta name=\"twitter:card\" content=\"summary_large_image\" \/>\n<meta name=\"twitter:label1\" content=\"Dur\u00e9e de lecture estim\u00e9e\" \/>\n\t<meta name=\"twitter:data1\" content=\"5 minutes\" \/>\n<script type=\"application\/ld+json\" class=\"yoast-schema-graph\">{\"@context\":\"https:\/\/schema.org\",\"@graph\":[{\"@type\":\"WebPage\",\"@id\":\"https:\/\/neurosurgicalsociety.lu\/fr\/a-propos-de-nous\/\",\"url\":\"https:\/\/neurosurgicalsociety.lu\/fr\/a-propos-de-nous\/\",\"name\":\"A propos de nous - neurosurgicalsociety\",\"isPartOf\":{\"@id\":\"https:\/\/neurosurgicalsociety.lu\/#website\"},\"datePublished\":\"2024-12-16T15:36:29+00:00\",\"dateModified\":\"2025-01-17T16:44:25+00:00\",\"breadcrumb\":{\"@id\":\"https:\/\/neurosurgicalsociety.lu\/fr\/a-propos-de-nous\/#breadcrumb\"},\"inLanguage\":\"fr-FR\",\"potentialAction\":[{\"@type\":\"ReadAction\",\"target\":[\"https:\/\/neurosurgicalsociety.lu\/fr\/a-propos-de-nous\/\"]}]},{\"@type\":\"BreadcrumbList\",\"@id\":\"https:\/\/neurosurgicalsociety.lu\/fr\/a-propos-de-nous\/#breadcrumb\",\"itemListElement\":[{\"@type\":\"ListItem\",\"position\":1,\"name\":\"Home\",\"item\":\"https:\/\/neurosurgicalsociety.lu\/fr\/\"},{\"@type\":\"ListItem\",\"position\":2,\"name\":\"A propos de nous\"}]},{\"@type\":\"WebSite\",\"@id\":\"https:\/\/neurosurgicalsociety.lu\/#website\",\"url\":\"https:\/\/neurosurgicalsociety.lu\/\",\"name\":\"neurosurgicalsociety\",\"description\":\"neurosurgicalsociety\",\"potentialAction\":[{\"@type\":\"SearchAction\",\"target\":{\"@type\":\"EntryPoint\",\"urlTemplate\":\"https:\/\/neurosurgicalsociety.lu\/?s={search_term_string}\"},\"query-input\":{\"@type\":\"PropertyValueSpecification\",\"valueRequired\":true,\"valueName\":\"search_term_string\"}}],\"inLanguage\":\"fr-FR\"}]}<\/script>\n<!-- \/ Yoast SEO plugin. -->","yoast_head_json":{"title":"A propos de nous - neurosurgicalsociety","robots":{"index":"index","follow":"follow","max-snippet":"max-snippet:-1","max-image-preview":"max-image-preview:large","max-video-preview":"max-video-preview:-1"},"canonical":"https:\/\/neurosurgicalsociety.lu\/fr\/a-propos-de-nous\/","og_locale":"fr_FR","og_type":"article","og_title":"A propos de nous - neurosurgicalsociety","og_description":"[vc_section full_width=\u00a0\u00bbstretch_row\u00a0\u00bb min_height=\u00a0\u00bb289&Prime; css=\u00a0\u00bb.vc_custom_1734115520928{background-image: url(https:\/\/neurosurgicalsociety.lu\/wp-content\/uploads\/2024\/12\/Mask-Group-5.jpg?id=2) !important;}\u00a0\u00bb][vc_row][vc_column][\/vc_column][\/vc_row][\/vc_section][vc_section full_width=\u00a0\u00bbstretch_row\u00a0\u00bb content_placement=\u00a0\u00bbmiddle\u00a0\u00bb][vc_row full_width=\u00a0\u00bbstretch_row_content_no_spaces\u00a0\u00bb content_placement=\u00a0\u00bbmiddle\u00a0\u00bb][vc_column width=\u00a0\u00bb1\/2&Prime; css=\u00a0\u00bb.vc_custom_1734116648319{background-color: #2B8899 !important;}\u00a0\u00bb el_class=\u00a0\u00bbmax-half-width\u00a0\u00bb][vc_column_text css=\u00a0\u00bb\u00a0\u00bb] A propos de nous [\/vc_column_text][\/vc_column][vc_column width=\u00a0\u00bb1\/2&Prime;][\/vc_column][\/vc_row][\/vc_section][vc_section][vc_row css=\u00a0\u00bb.vc_custom_1734117085525{margin-top: 100px !important;margin-bottom: 50px [\u2026]","og_url":"https:\/\/neurosurgicalsociety.lu\/fr\/a-propos-de-nous\/","og_site_name":"neurosurgicalsociety","article_modified_time":"2025-01-17T16:44:25+00:00","twitter_card":"summary_large_image","twitter_misc":{"Dur\u00e9e de lecture estim\u00e9e":"5 minutes"},"schema":{"@context":"https:\/\/schema.org","@graph":[{"@type":"WebPage","@id":"https:\/\/neurosurgicalsociety.lu\/fr\/a-propos-de-nous\/","url":"https:\/\/neurosurgicalsociety.lu\/fr\/a-propos-de-nous\/","name":"A propos de nous - neurosurgicalsociety","isPartOf":{"@id":"https:\/\/neurosurgicalsociety.lu\/#website"},"datePublished":"2024-12-16T15:36:29+00:00","dateModified":"2025-01-17T16:44:25+00:00","breadcrumb":{"@id":"https:\/\/neurosurgicalsociety.lu\/fr\/a-propos-de-nous\/#breadcrumb"},"inLanguage":"fr-FR","potentialAction":[{"@type":"ReadAction","target":["https:\/\/neurosurgicalsociety.lu\/fr\/a-propos-de-nous\/"]}]},{"@type":"BreadcrumbList","@id":"https:\/\/neurosurgicalsociety.lu\/fr\/a-propos-de-nous\/#breadcrumb","itemListElement":[{"@type":"ListItem","position":1,"name":"Home","item":"https:\/\/neurosurgicalsociety.lu\/fr\/"},{"@type":"ListItem","position":2,"name":"A propos de nous"}]},{"@type":"WebSite","@id":"https:\/\/neurosurgicalsociety.lu\/#website","url":"https:\/\/neurosurgicalsociety.lu\/","name":"neurosurgicalsociety","description":"neurosurgicalsociety","potentialAction":[{"@type":"SearchAction","target":{"@type":"EntryPoint","urlTemplate":"https:\/\/neurosurgicalsociety.lu\/?s={search_term_string}"},"query-input":{"@type":"PropertyValueSpecification","valueRequired":true,"valueName":"search_term_string"}}],"inLanguage":"fr-FR"}]}},"_links":{"self":[{"href":"https:\/\/neurosurgicalsociety.lu\/fr\/wp-json\/wp\/v2\/pages\/181","targetHints":{"allow":["GET"]}}],"collection":[{"href":"https:\/\/neurosurgicalsociety.lu\/fr\/wp-json\/wp\/v2\/pages"}],"about":[{"href":"https:\/\/neurosurgicalsociety.lu\/fr\/wp-json\/wp\/v2\/types\/page"}],"author":[{"embeddable":true,"href":"https:\/\/neurosurgicalsociety.lu\/fr\/wp-json\/wp\/v2\/users\/1"}],"replies":[{"embeddable":true,"href":"https:\/\/neurosurgicalsociety.lu\/fr\/wp-json\/wp\/v2\/comments?post=181"}],"version-history":[{"count":7,"href":"https:\/\/neurosurgicalsociety.lu\/fr\/wp-json\/wp\/v2\/pages\/181\/revisions"}],"predecessor-version":[{"id":292,"href":"https:\/\/neurosurgicalsociety.lu\/fr\/wp-json\/wp\/v2\/pages\/181\/revisions\/292"}],"wp:attachment":[{"href":"https:\/\/neurosurgicalsociety.lu\/fr\/wp-json\/wp\/v2\/media?parent=181"}],"curies":[{"name":"wp","href":"https:\/\/api.w.org\/{rel}","templated":true}]}}