{"id":216,"date":"2024-12-12T15:19:23","date_gmt":"2024-12-12T15:19:23","guid":{"rendered":"https:\/\/neurosurgicalsociety.lu\/?page_id=216"},"modified":"2025-02-11T07:42:56","modified_gmt":"2025-02-11T07:42:56","slug":"les-membres","status":"publish","type":"page","link":"https:\/\/neurosurgicalsociety.lu\/fr\/les-membres\/","title":{"rendered":"Les membres"},"content":{"rendered":"<div class=\"wpb-content-wrapper\"><p>[vc_section full_width=\u00a0\u00bbstretch_row\u00a0\u00bb min_height=\u00a0\u00bb289&Prime; css=\u00a0\u00bb.vc_custom_1734016874894{background-image: url(https:\/\/neurosurgicalsociety.lu\/wp-content\/uploads\/2024\/12\/Mask-Group-5.jpg?id=2) !important;background-position: center !important;background-repeat: no-repeat !important;background-size: cover !important;}\u00a0\u00bb][vc_row][vc_column][\/vc_column][\/vc_row][\/vc_section][vc_section full_width=\u00a0\u00bbstretch_row_content\u00a0\u00bb][vc_row full_width=\u00a0\u00bbstretch_row_content_no_spaces\u00a0\u00bb][vc_column width=\u00a0\u00bb2\/3&Prime; css=\u00a0\u00bb.vc_custom_1734118527335{background-color: #2B8899 !important;}\u00a0\u00bb el_class=\u00a0\u00bbmax-75-width\u00a0\u00bb][vc_column_text css=\u00a0\u00bb\u00a0\u00bb]<\/p>\n<h1><span style=\"color: #ffffff;\">Rencontrez les membres du conseil d&rsquo;administration de la Soci\u00e9t\u00e9 Luxembourgeoise de Neurochirurgie et de Chirurgie du Rachis (SLNCR)<\/span><\/h1>\n<p>[\/vc_column_text][\/vc_column][vc_column width=\u00a0\u00bb1\/3&Prime;][\/vc_column][\/vc_row][\/vc_section][vc_section css=\u00a0\u00bb.vc_custom_1734118918036{margin-top: 50px !important;margin-bottom: 50px !important;}\u00a0\u00bb][vc_row][vc_column][vc_column_text css=\u00a0\u00bb\u00a0\u00bb]La SLNCR est dirig\u00e9e par une \u00e9quipe de professionnels d\u00e9vou\u00e9s, chacun apportant des comp\u00e9tences et une expertise uniques pour soutenir la mission de la soci\u00e9t\u00e9 qui est de promouvoir les soins neurochirurgicaux et rachidiens au Luxembourg et d&rsquo;encourager la collaboration aux niveaux national et international.[\/vc_column_text][vc_row_inner][vc_column_inner width=\u00a0\u00bb1\/3&Prime;][\/vc_column_inner][vc_column_inner width=\u00a0\u00bb1\/3&Prime;][vc_btn title=\u00a0\u00bbComment devenir membre\u00a0\u00bb size=\u00a0\u00bblg\u00a0\u00bb align=\u00a0\u00bbcenter\u00a0\u00bb css=\u00a0\u00bb\u00a0\u00bb button_block=\u00a0\u00bbtrue\u00a0\u00bb link=\u00a0\u00bburl:%2Ffr%2Fles-membres%2Fformulaire-dinscription%2F|title:Comment%20devenir%20membre\u00a0\u00bb][\/vc_column_inner][vc_column_inner width=\u00a0\u00bb1\/3&Prime;][\/vc_column_inner][\/vc_row_inner][\/vc_column][\/vc_row][vc_row][vc_column width=\u00a0\u00bb1\/3&Prime;][vc_column_text css=\u00a0\u00bb\u00a0\u00bb]<\/p>\n<p style=\"text-align: center;\"><strong>Lynn Schroeder, Pr\u00e9sidente<\/strong><\/p>\n<p style=\"text-align: center;\">Leader dynamique et tr\u00e8s motiv\u00e9e, Lynn Schroeder a contribu\u00e9 \u00e0 fa\u00e7onner l&rsquo;orientation de la soci\u00e9t\u00e9 en mettant clairement l&rsquo;accent sur l&rsquo;innovation et la collaboration interdisciplinaire. Son exp\u00e9rience de la chirurgie de la base du cr\u00e2ne, acquise au cours d&rsquo;une ann\u00e9e de formation sp\u00e9cialis\u00e9e au Canada, apporte une perspective internationale \u00e0 son leadership.<\/p>\n<p>[\/vc_column_text][\/vc_column][vc_column width=\u00a0\u00bb1\/3&Prime;][vc_column_text css=\u00a0\u00bb\u00a0\u00bb]<\/p>\n<p style=\"text-align: center;\"><strong>Christoph Busert, Vice-Pr\u00e9sident<\/strong><\/p>\n<p style=\"text-align: center;\">Fort d&rsquo;une grande exp\u00e9rience en mati\u00e8re de planification strat\u00e9gique, Christoph Busert joue un r\u00f4le cl\u00e9 dans la d\u00e9finition des objectifs \u00e0 long terme de la SLNCR. Sa connaissance approfondie de la direction et de la strat\u00e9gie des organisations permet \u00e0 la soci\u00e9t\u00e9 de rester sur des bases solides tout en continuant \u00e0 se d\u00e9velopper.<\/p>\n<p>[\/vc_column_text][\/vc_column][vc_column width=\u00a0\u00bb1\/3&Prime;][vc_column_text css=\u00a0\u00bb\u00a0\u00bb]<\/p>\n<p style=\"text-align: center;\"><strong>Gernot Surges, Tr\u00e9sorier<\/strong><\/p>\n<p style=\"text-align: center;\">Connu pour son approche m\u00e9thodique, Gernot Surges veille \u00e0 la sant\u00e9 financi\u00e8re et \u00e0 la transparence de la SLNCR. Son \u00e9thique de travail rigoureuse et sa grande exp\u00e9rience le rendent apte \u00e0 g\u00e9rer les responsabilit\u00e9s financi\u00e8res de la soci\u00e9t\u00e9 et \u00e0 soutenir ses diverses initiatives.<\/p>\n<p>[\/vc_column_text][\/vc_column][\/vc_row][vc_row][vc_column width=\u00a0\u00bb1\/6&Prime;][\/vc_column][vc_column width=\u00a0\u00bb1\/3&Prime;][vc_column_text css=\u00a0\u00bb\u00a0\u00bb]<\/p>\n<p style=\"text-align: center;\"><strong>Maxime Raket, Secr\u00e9taire<\/strong><\/p>\n<p style=\"text-align: center;\">Maxime Raket est responsable de la gestion de la communication interne et des processus administratifs de la soci\u00e9t\u00e9. Ses solides comp\u00e9tences interpersonnelles et son souci d&rsquo;une collaboration efficace assurent le bon fonctionnement de la SLNCR, en veillant \u00e0 ce que tous les membres restent bien inform\u00e9s et engag\u00e9s dans les activit\u00e9s de la soci\u00e9t\u00e9.<\/p>\n<p>[\/vc_column_text][\/vc_column][vc_column width=\u00a0\u00bb1\/3&Prime;][vc_column_text css=\u00a0\u00bb\u00a0\u00bb]<\/p>\n<p style=\"text-align: center;\"><strong>Anas Dyab, D\u00e9l\u00e9gu\u00e9 international<\/strong><\/p>\n<p style=\"text-align: center;\">Anas Dyab est le principal agent de liaison de la soci\u00e9t\u00e9 pour les relations internationales. Il tire parti de son vaste r\u00e9seau au sein de la communaut\u00e9 mondiale des neurochirurgiens et des chirurgiens de la colonne vert\u00e9brale. Son r\u00f4le est essentiel pour \u00e9tablir des partenariats et faciliter l&rsquo;\u00e9change de connaissances avec d&rsquo;autres organisations internationales.<\/p>\n<p>[\/vc_column_text][\/vc_column][vc_column width=\u00a0\u00bb1\/6&Prime;][\/vc_column][\/vc_row][vc_row][vc_column][vc_column_text css=\u00a0\u00bb\u00a0\u00bb]Ensemble, ces membres du conseil d&rsquo;administration apportent un m\u00e9lange de vision strat\u00e9gique, d&rsquo;expertise administrative et d&rsquo;engagement pour faire avancer les objectifs de la SLNCR. Leurs efforts collectifs conduisent la soci\u00e9t\u00e9 \u00e0 promouvoir l&rsquo;excellence dans les soins neurochirurgicaux et rachidiens, \u00e0 encourager la collaboration interdisciplinaire et \u00e0 assurer des soins de haute qualit\u00e9 aux patients du Luxembourg et d&rsquo;ailleurs.[\/vc_column_text][\/vc_column][\/vc_row][\/vc_section]<\/p>\n<\/div>","protected":false},"excerpt":{"rendered":"<p>[vc_section full_width=\u00a0\u00bbstretch_row\u00a0\u00bb min_height=\u00a0\u00bb289&Prime; css=\u00a0\u00bb.vc_custom_1734016874894{background-image: url(https:\/\/neurosurgicalsociety.lu\/wp-content\/uploads\/2024\/12\/Mask-Group-5.jpg?id=2) !important;background-position: center !important;background-repeat: no-repeat !important;background-size: cover !important;}\u00a0\u00bb][vc_row][vc_column][\/vc_column][\/vc_row][\/vc_section][vc_section full_width=\u00a0\u00bbstretch_row_content\u00a0\u00bb][vc_row full_width=\u00a0\u00bbstretch_row_content_no_spaces\u00a0\u00bb][vc_column width=\u00a0\u00bb2\/3&Prime; css=\u00a0\u00bb.vc_custom_1734118527335{background-color: #2B8899 !important;}\u00a0\u00bb el_class=\u00a0\u00bbmax-75-width\u00a0\u00bb][vc_column_text css=\u00a0\u00bb\u00a0\u00bb] Rencontrez les membres du conseil d&rsquo;administration<span class=\"excerpt-hellip\"> [\u2026]<\/span><\/p>\n","protected":false},"author":1,"featured_media":0,"parent":0,"menu_order":0,"comment_status":"closed","ping_status":"closed","template":"","meta":{"footnotes":""},"class_list":["post-216","page","type-page","status-publish","hentry"],"yoast_head":"<!-- This site is optimized with the Yoast SEO plugin v26.2 - https:\/\/yoast.com\/wordpress\/plugins\/seo\/ -->\n<title>Les membres - neurosurgicalsociety<\/title>\n<meta name=\"robots\" content=\"index, follow, max-snippet:-1, max-image-preview:large, max-video-preview:-1\" \/>\n<link rel=\"canonical\" href=\"https:\/\/neurosurgicalsociety.lu\/fr\/les-membres\/\" \/>\n<meta property=\"og:locale\" content=\"fr_FR\" \/>\n<meta property=\"og:type\" content=\"article\" \/>\n<meta property=\"og:title\" content=\"Les membres - neurosurgicalsociety\" \/>\n<meta property=\"og:description\" content=\"[vc_section full_width=\u00a0\u00bbstretch_row\u00a0\u00bb min_height=\u00a0\u00bb289&Prime; css=\u00a0\u00bb.vc_custom_1734016874894{background-image: url(https:\/\/neurosurgicalsociety.lu\/wp-content\/uploads\/2024\/12\/Mask-Group-5.jpg?id=2) !important;background-position: center !important;background-repeat: no-repeat !important;background-size: cover !important;}\u00a0\u00bb][vc_row][vc_column][\/vc_column][\/vc_row][\/vc_section][vc_section full_width=\u00a0\u00bbstretch_row_content\u00a0\u00bb][vc_row full_width=\u00a0\u00bbstretch_row_content_no_spaces\u00a0\u00bb][vc_column width=\u00a0\u00bb2\/3&Prime; css=\u00a0\u00bb.vc_custom_1734118527335{background-color: #2B8899 !important;}\u00a0\u00bb el_class=\u00a0\u00bbmax-75-width\u00a0\u00bb][vc_column_text css=\u00a0\u00bb\u00a0\u00bb] Rencontrez les membres du conseil d&rsquo;administration [\u2026]\" \/>\n<meta property=\"og:url\" content=\"https:\/\/neurosurgicalsociety.lu\/fr\/les-membres\/\" \/>\n<meta property=\"og:site_name\" content=\"neurosurgicalsociety\" \/>\n<meta property=\"article:modified_time\" content=\"2025-02-11T07:42:56+00:00\" \/>\n<meta name=\"twitter:card\" content=\"summary_large_image\" \/>\n<meta name=\"twitter:label1\" content=\"Dur\u00e9e de lecture estim\u00e9e\" \/>\n\t<meta name=\"twitter:data1\" content=\"2 minutes\" \/>\n<script type=\"application\/ld+json\" class=\"yoast-schema-graph\">{\"@context\":\"https:\/\/schema.org\",\"@graph\":[{\"@type\":\"WebPage\",\"@id\":\"https:\/\/neurosurgicalsociety.lu\/fr\/les-membres\/\",\"url\":\"https:\/\/neurosurgicalsociety.lu\/fr\/les-membres\/\",\"name\":\"Les membres - neurosurgicalsociety\",\"isPartOf\":{\"@id\":\"https:\/\/neurosurgicalsociety.lu\/#website\"},\"datePublished\":\"2024-12-12T15:19:23+00:00\",\"dateModified\":\"2025-02-11T07:42:56+00:00\",\"breadcrumb\":{\"@id\":\"https:\/\/neurosurgicalsociety.lu\/fr\/les-membres\/#breadcrumb\"},\"inLanguage\":\"fr-FR\",\"potentialAction\":[{\"@type\":\"ReadAction\",\"target\":[\"https:\/\/neurosurgicalsociety.lu\/fr\/les-membres\/\"]}]},{\"@type\":\"BreadcrumbList\",\"@id\":\"https:\/\/neurosurgicalsociety.lu\/fr\/les-membres\/#breadcrumb\",\"itemListElement\":[{\"@type\":\"ListItem\",\"position\":1,\"name\":\"Home\",\"item\":\"https:\/\/neurosurgicalsociety.lu\/fr\/\"},{\"@type\":\"ListItem\",\"position\":2,\"name\":\"Les membres\"}]},{\"@type\":\"WebSite\",\"@id\":\"https:\/\/neurosurgicalsociety.lu\/#website\",\"url\":\"https:\/\/neurosurgicalsociety.lu\/\",\"name\":\"neurosurgicalsociety\",\"description\":\"neurosurgicalsociety\",\"potentialAction\":[{\"@type\":\"SearchAction\",\"target\":{\"@type\":\"EntryPoint\",\"urlTemplate\":\"https:\/\/neurosurgicalsociety.lu\/?s={search_term_string}\"},\"query-input\":{\"@type\":\"PropertyValueSpecification\",\"valueRequired\":true,\"valueName\":\"search_term_string\"}}],\"inLanguage\":\"fr-FR\"}]}<\/script>\n<!-- \/ Yoast SEO plugin. -->","yoast_head_json":{"title":"Les membres - neurosurgicalsociety","robots":{"index":"index","follow":"follow","max-snippet":"max-snippet:-1","max-image-preview":"max-image-preview:large","max-video-preview":"max-video-preview:-1"},"canonical":"https:\/\/neurosurgicalsociety.lu\/fr\/les-membres\/","og_locale":"fr_FR","og_type":"article","og_title":"Les membres - neurosurgicalsociety","og_description":"[vc_section full_width=\u00a0\u00bbstretch_row\u00a0\u00bb min_height=\u00a0\u00bb289&Prime; css=\u00a0\u00bb.vc_custom_1734016874894{background-image: url(https:\/\/neurosurgicalsociety.lu\/wp-content\/uploads\/2024\/12\/Mask-Group-5.jpg?id=2) !important;background-position: center !important;background-repeat: no-repeat !important;background-size: cover !important;}\u00a0\u00bb][vc_row][vc_column][\/vc_column][\/vc_row][\/vc_section][vc_section full_width=\u00a0\u00bbstretch_row_content\u00a0\u00bb][vc_row full_width=\u00a0\u00bbstretch_row_content_no_spaces\u00a0\u00bb][vc_column width=\u00a0\u00bb2\/3&Prime; css=\u00a0\u00bb.vc_custom_1734118527335{background-color: #2B8899 !important;}\u00a0\u00bb el_class=\u00a0\u00bbmax-75-width\u00a0\u00bb][vc_column_text css=\u00a0\u00bb\u00a0\u00bb] Rencontrez les membres du conseil d&rsquo;administration [\u2026]","og_url":"https:\/\/neurosurgicalsociety.lu\/fr\/les-membres\/","og_site_name":"neurosurgicalsociety","article_modified_time":"2025-02-11T07:42:56+00:00","twitter_card":"summary_large_image","twitter_misc":{"Dur\u00e9e de lecture estim\u00e9e":"2 minutes"},"schema":{"@context":"https:\/\/schema.org","@graph":[{"@type":"WebPage","@id":"https:\/\/neurosurgicalsociety.lu\/fr\/les-membres\/","url":"https:\/\/neurosurgicalsociety.lu\/fr\/les-membres\/","name":"Les membres - neurosurgicalsociety","isPartOf":{"@id":"https:\/\/neurosurgicalsociety.lu\/#website"},"datePublished":"2024-12-12T15:19:23+00:00","dateModified":"2025-02-11T07:42:56+00:00","breadcrumb":{"@id":"https:\/\/neurosurgicalsociety.lu\/fr\/les-membres\/#breadcrumb"},"inLanguage":"fr-FR","potentialAction":[{"@type":"ReadAction","target":["https:\/\/neurosurgicalsociety.lu\/fr\/les-membres\/"]}]},{"@type":"BreadcrumbList","@id":"https:\/\/neurosurgicalsociety.lu\/fr\/les-membres\/#breadcrumb","itemListElement":[{"@type":"ListItem","position":1,"name":"Home","item":"https:\/\/neurosurgicalsociety.lu\/fr\/"},{"@type":"ListItem","position":2,"name":"Les membres"}]},{"@type":"WebSite","@id":"https:\/\/neurosurgicalsociety.lu\/#website","url":"https:\/\/neurosurgicalsociety.lu\/","name":"neurosurgicalsociety","description":"neurosurgicalsociety","potentialAction":[{"@type":"SearchAction","target":{"@type":"EntryPoint","urlTemplate":"https:\/\/neurosurgicalsociety.lu\/?s={search_term_string}"},"query-input":{"@type":"PropertyValueSpecification","valueRequired":true,"valueName":"search_term_string"}}],"inLanguage":"fr-FR"}]}},"_links":{"self":[{"href":"https:\/\/neurosurgicalsociety.lu\/fr\/wp-json\/wp\/v2\/pages\/216","targetHints":{"allow":["GET"]}}],"collection":[{"href":"https:\/\/neurosurgicalsociety.lu\/fr\/wp-json\/wp\/v2\/pages"}],"about":[{"href":"https:\/\/neurosurgicalsociety.lu\/fr\/wp-json\/wp\/v2\/types\/page"}],"author":[{"embeddable":true,"href":"https:\/\/neurosurgicalsociety.lu\/fr\/wp-json\/wp\/v2\/users\/1"}],"replies":[{"embeddable":true,"href":"https:\/\/neurosurgicalsociety.lu\/fr\/wp-json\/wp\/v2\/comments?post=216"}],"version-history":[{"count":5,"href":"https:\/\/neurosurgicalsociety.lu\/fr\/wp-json\/wp\/v2\/pages\/216\/revisions"}],"predecessor-version":[{"id":459,"href":"https:\/\/neurosurgicalsociety.lu\/fr\/wp-json\/wp\/v2\/pages\/216\/revisions\/459"}],"wp:attachment":[{"href":"https:\/\/neurosurgicalsociety.lu\/fr\/wp-json\/wp\/v2\/media?parent=216"}],"curies":[{"name":"wp","href":"https:\/\/api.w.org\/{rel}","templated":true}]}}