{"id":413,"date":"2025-01-23T12:35:59","date_gmt":"2025-01-23T12:35:59","guid":{"rendered":"https:\/\/neurosurgicalsociety.lu\/?page_id=413"},"modified":"2026-03-10T08:06:21","modified_gmt":"2026-03-10T08:06:21","slug":"formulaire-dinscription","status":"publish","type":"page","link":"https:\/\/neurosurgicalsociety.lu\/fr\/les-membres\/formulaire-dinscription\/","title":{"rendered":"Formulaire d\u2019inscription"},"content":{"rendered":"<div class=\"wpb-content-wrapper\"><p>[vc_section full_width=\u00a0\u00bbstretch_row\u00a0\u00bb min_height=\u00a0\u00bb289&Prime; css=\u00a0\u00bb.vc_custom_1734016874894{background-image: url(https:\/\/neurosurgicalsociety.lu\/wp-content\/uploads\/2024\/12\/Mask-Group-5.jpg?id=2) !important;background-position: center !important;background-repeat: no-repeat !important;background-size: cover !important;}\u00a0\u00bb][vc_row][vc_column][\/vc_column][\/vc_row][\/vc_section][vc_section full_width=\u00a0\u00bbstretch_row_content\u00a0\u00bb][vc_row full_width=\u00a0\u00bbstretch_row_content_no_spaces\u00a0\u00bb][vc_column width=\u00a0\u00bb2\/3&Prime; css=\u00a0\u00bb.vc_custom_1734118527335{background-color: #2B8899 !important;}\u00a0\u00bb el_class=\u00a0\u00bbmax-75-width\u00a0\u00bb][vc_column_text css=\u00a0\u00bb\u00a0\u00bb]<\/p>\n<h1><span style=\"color: #ffffff;\">L&rsquo;adh\u00e9sion<\/span><\/h1>\n<p>[\/vc_column_text][\/vc_column][vc_column width=\u00a0\u00bb1\/3&Prime;][\/vc_column][\/vc_row][\/vc_section][vc_section css=\u00a0\u00bb.vc_custom_1737636891076{margin-top: 50px !important;margin-bottom: 50px !important;}\u00a0\u00bb][vc_row][vc_column][vc_column_text css=\u00a0\u00bb\u00a0\u00bb]<\/p>\n<h2>Formulaire d\u2019inscription \u00e0 la Soci\u00e9t\u00e9 Luxembourgeoise de Neurochirurgie et de Chirurgie du Rachis (SLNCR) a.s.b.l.<\/h2>\n<p>[\/vc_column_text][vc_separator css=\u00a0\u00bb\u00a0\u00bb][vc_row_inner][vc_column_inner width=\u00a0\u00bb1\/6&Prime;][\/vc_column_inner][vc_column_inner width=\u00a0\u00bb2\/3&Prime;][vc_column_text css=\u00a0\u00bb\u00a0\u00bb]<strong>Cotisations 2026<\/strong><\/p>\n<p>Approuv\u00e9es par vote secret lors de l\u2019Assembl\u00e9e G\u00e9n\u00e9rale du <strong>25 f\u00e9vrier 2026<\/strong><\/p>\n<p>(Les d\u00e9tails relatifs aux membres effectifs \/ membres adh\u00e9rents sont pr\u00e9cis\u00e9s dans les statuts)<\/p>\n<p>&nbsp;<\/p>\n<ul>\n<li>Neurochirurgiens \/ Chirurgiens orthop\u00e9distes exer\u00e7ant au Luxembourg ou retrait\u00e9s depuis moins de cinq ans : <strong>220 \u20ac<\/strong><\/li>\n<li>M\u00e9decins sp\u00e9cialistes \/ M\u00e9decins g\u00e9n\u00e9ralistes (non-neurochirurgiens, non chirurgiens-orthop\u00e9distes) : <strong>100 \u20ac<\/strong><\/li>\n<li>Professionnels de sant\u00e9 ainsi que m\u00e9decins en formation (toutes sp\u00e9cialit\u00e9s) : <strong>50 \u20ac<\/strong><\/li>\n<li>Gratuit : \u00c9tudiants en m\u00e9decine<\/li>\n<\/ul>\n<p>Contribution volontaire : Partenariat \/ Soutien \u00e0 la SLNCR<\/p>\n<p>&nbsp;<\/p>\n<p>L\u2019inscription s\u2019effectue via le formulaire de contact.<\/p>\n<p>Le paiement est d\u00fb dans un d\u00e9lai de trois mois suivant l\u2019adh\u00e9sion et doit \u00eatre effectu\u00e9 \u00e0 :<\/p>\n<p>SLNCR ASBL<\/p>\n<p>IBAN : LU56 0019 7755 3725 9000<br \/>\nBIC : BCEELULL<\/p>\n<p>Titulaire du compte : SLNCR ASBL<br \/>\nAdresse : 29, rue de Vianden, L-2680 Luxembourg[\/vc_column_text][\/vc_column_inner][vc_column_inner width=\u00a0\u00bb1\/6&Prime;][\/vc_column_inner][\/vc_row_inner][vc_separator css=\u00a0\u00bb\u00a0\u00bb][vc_row_inner][vc_column_inner width=\u00a0\u00bb1\/6&Prime;][\/vc_column_inner][vc_column_inner width=\u00a0\u00bb2\/3&Prime;][vc_column_text css=\u00a0\u00bb\u00a0\u00bb]\n<div class=\"wpcf7 no-js\" id=\"wpcf7-f424-o1\" lang=\"fr-FR\" dir=\"ltr\" data-wpcf7-id=\"424\">\n<div class=\"screen-reader-response\"><p role=\"status\" aria-live=\"polite\" aria-atomic=\"true\"><\/p> <ul><\/ul><\/div>\n<form action=\"\/fr\/wp-json\/wp\/v2\/pages\/413#wpcf7-f424-o1\" method=\"post\" class=\"wpcf7-form init\" aria-label=\"Formulaire de contact\" novalidate=\"novalidate\" data-status=\"init\">\n<fieldset class=\"hidden-fields-container\"><input type=\"hidden\" name=\"_wpcf7\" value=\"424\" \/><input type=\"hidden\" name=\"_wpcf7_version\" value=\"6.1.2\" \/><input type=\"hidden\" name=\"_wpcf7_locale\" value=\"fr_FR\" \/><input type=\"hidden\" name=\"_wpcf7_unit_tag\" value=\"wpcf7-f424-o1\" \/><input type=\"hidden\" name=\"_wpcf7_container_post\" value=\"0\" \/><input type=\"hidden\" name=\"_wpcf7_posted_data_hash\" value=\"\" \/>\n<\/fieldset>\n<p><b>Type d\u2019adh\u00e9sion (Veuillez cocher une option)<\/b>\n<\/p>\n<p><span class=\"wpcf7-form-control-wrap\" data-name=\"member-type\"><span class=\"wpcf7-form-control wpcf7-radio\"><span class=\"wpcf7-list-item first\"><label><input type=\"radio\" name=\"member-type\" value=\"Membre effectif : Sp\u00e9cialiste en neurochirurgie ou orthop\u00e9die exer\u00e7ant au Grand-Duch\u00e9 de Luxembourg ou retrait\u00e9 depuis moins de 5 ans.\" \/><span class=\"wpcf7-list-item-label\">Membre effectif : Sp\u00e9cialiste en neurochirurgie ou orthop\u00e9die exer\u00e7ant au Grand-Duch\u00e9 de Luxembourg ou retrait\u00e9 depuis moins de 5 ans.<\/span><\/label><\/span><span class=\"wpcf7-list-item last\"><label><input type=\"radio\" name=\"member-type\" value=\"Membre adh\u00e9rent : Toute autre personne int\u00e9ress\u00e9e par les activit\u00e9s de la SLNCR.\" \/><span class=\"wpcf7-list-item-label\">Membre adh\u00e9rent : Toute autre personne int\u00e9ress\u00e9e par les activit\u00e9s de la SLNCR.<\/span><\/label><\/span><\/span><\/span>\n<\/p>\n<p><b>Informations personnelles<\/b>\n<\/p>\n<div class=\"cf7-name member-appli-fields\">\n\t<p><span class=\"wpcf7-form-control-wrap\" data-name=\"first-name\"><input size=\"40\" maxlength=\"400\" class=\"wpcf7-form-control wpcf7-text wpcf7-validates-as-required\" autocomplete=\"first-name\" aria-required=\"true\" aria-invalid=\"false\" placeholder=\"Nom\" value=\"\" type=\"text\" name=\"first-name\" \/><\/span><span class=\"wpcf7-form-control-wrap\" data-name=\"last-name\"><input size=\"40\" maxlength=\"400\" class=\"wpcf7-form-control wpcf7-text wpcf7-validates-as-required\" autocomplete=\"last-name\" aria-required=\"true\" aria-invalid=\"false\" placeholder=\"Pr\u00e9nom\" value=\"\" type=\"text\" name=\"last-name\" \/><\/span>\n\t<\/p>\n<\/div>\n<div class=\"member-appli-fields\">\n\t<p><span class=\"wpcf7-form-control-wrap\" data-name=\"email\"><input size=\"40\" maxlength=\"400\" class=\"wpcf7-form-control wpcf7-email wpcf7-validates-as-required wpcf7-text wpcf7-validates-as-email\" autocomplete=\"email\" aria-required=\"true\" aria-invalid=\"false\" placeholder=\"Adresse e-mail\" value=\"\" type=\"email\" name=\"email\" \/><\/span>\n\t<\/p>\n<\/div>\n<div class=\"member-appli-fields\">\n\t<p><span class=\"wpcf7-form-control-wrap\" data-name=\"phone\"><input size=\"40\" maxlength=\"400\" class=\"wpcf7-form-control wpcf7-tel wpcf7-validates-as-required wpcf7-text wpcf7-validates-as-tel\" autocomplete=\"phone\" aria-required=\"true\" aria-invalid=\"false\" placeholder=\"Num\u00e9ro de t\u00e9l\u00e9phone\" value=\"\" type=\"tel\" name=\"phone\" \/><\/span>\n\t<\/p>\n<\/div>\n<div class=\"member-appli-fields\">\n\t<p><span class=\"wpcf7-form-control-wrap\" data-name=\"prof-address\"><input size=\"40\" maxlength=\"400\" class=\"wpcf7-form-control wpcf7-text wpcf7-validates-as-required\" aria-required=\"true\" aria-invalid=\"false\" placeholder=\"Adresse professionnelle\" value=\"\" type=\"text\" name=\"prof-address\" \/><\/span>\n\t<\/p>\n<\/div>\n<div class=\"member-appli-fields\">\n\t<p><span class=\"wpcf7-form-control-wrap\" data-name=\"medical-specialty\"><input size=\"40\" maxlength=\"400\" class=\"wpcf7-form-control wpcf7-text wpcf7-validates-as-required\" aria-required=\"true\" aria-invalid=\"false\" placeholder=\"Sp\u00e9cialit\u00e9 m\u00e9dicale\" value=\"\" type=\"text\" name=\"medical-specialty\" \/><\/span>\n\t<\/p>\n<\/div>\n<div class=\"member-appli-fields\">\n\t<p><span class=\"wpcf7-form-control-wrap\" data-name=\"professional-status\"><input size=\"40\" maxlength=\"400\" class=\"wpcf7-form-control wpcf7-text wpcf7-validates-as-required\" aria-required=\"true\" aria-invalid=\"false\" placeholder=\"Statut professionnel\" value=\"\" type=\"text\" name=\"professional-status\" \/><\/span>\n\t<\/p>\n<\/div>\n<p><b>Engagement et consentement<\/b><br \/>\n<span class=\"wpcf7-form-control-wrap\" data-name=\"cc-1\"><span class=\"wpcf7-form-control wpcf7-acceptance\"><span class=\"wpcf7-list-item\"><label><input type=\"checkbox\" name=\"cc-1\" value=\"1\" aria-invalid=\"false\" \/><span class=\"wpcf7-list-item-label\">Je certifie que les informations fournies sont exactes et conformes aux statuts de la SLNCR.<\/span><\/label><\/span><\/span><\/span><br \/>\n<span class=\"wpcf7-form-control-wrap\" data-name=\"cc-2\"><span class=\"wpcf7-form-control wpcf7-acceptance\"><span class=\"wpcf7-list-item\"><label><input type=\"checkbox\" name=\"cc-2\" value=\"1\" aria-invalid=\"false\" \/><span class=\"wpcf7-list-item-label\">Je m\u2019engage \u00e0 r\u00e9gler le montant de la cotisation annuelle selon mon statut, fix\u00e9 par l\u2019Assembl\u00e9e G\u00e9n\u00e9rale, dans un d\u00e9lai de trois mois \u00e0 compter de la pr\u00e9sente demande.<\/span><\/label><\/span><\/span><\/span><br \/>\n<span class=\"wpcf7-form-control-wrap\" data-name=\"cc-3\"><span class=\"wpcf7-form-control wpcf7-acceptance\"><span class=\"wpcf7-list-item\"><label><input type=\"checkbox\" name=\"cc-3\" value=\"1\" aria-invalid=\"false\" \/><span class=\"wpcf7-list-item-label\">J\u2019accepte que mes informations soient enregistr\u00e9es dans la liste des membres de la SLNCR, conform\u00e9ment \u00e0 la loi luxembourgeoise du 7 ao\u00fbt 2023 sur les associations sans but lucratif et les fondations.<\/span><\/label><\/span><\/span><\/span><br \/>\n<span class=\"wpcf7-form-control-wrap\" data-name=\"cc-4\"><span class=\"wpcf7-form-control wpcf7-acceptance\"><span class=\"wpcf7-list-item\"><label><input type=\"checkbox\" name=\"cc-4\" value=\"1\" aria-invalid=\"false\" \/><span class=\"wpcf7-list-item-label\">Je comprends que cette liste peut \u00eatre mise \u00e0 disposition des autorit\u00e9s luxembourgeoises sur demande, conform\u00e9ment \u00e0 la r\u00e9glementation en vigueur.<\/span><\/label><\/span><\/span><\/span>\n<\/p>\n<div>\n\t<p><input class=\"wpcf7-form-control wpcf7-submit has-spinner cf7-btn-blue\" type=\"submit\" value=\"Envoyer\" \/>\n\t<\/p>\n<\/div><input type='hidden' class='wpcf7-pum' value='{\"closepopup\":false,\"closedelay\":0,\"openpopup\":false,\"openpopup_id\":0}' \/><div class=\"wpcf7-response-output\" aria-hidden=\"true\"><\/div>\n<\/form>\n<\/div>\n[\/vc_column_text][\/vc_column_inner][vc_column_inner width=\u00a0\u00bb1\/6&Prime;][\/vc_column_inner][\/vc_row_inner][vc_column_text css=\u00a0\u00bb\u00a0\u00bb]Contact<\/p>\n<p>Pour toute question, veuillez nous contacter \u00e0 :<\/p>\n<p><a href=\"mailto:Contact@neurosurgicalsociety.lu\" target=\"_blank\" rel=\"noopener\">Contact@<wbr \/>neurosurgicalsociety.lu<\/a>[\/vc_column_text][\/vc_column][\/vc_row][\/vc_section]<\/p>\n<\/div>","protected":false},"excerpt":{"rendered":"<p>[vc_section full_width=\u00a0\u00bbstretch_row\u00a0\u00bb min_height=\u00a0\u00bb289&Prime; css=\u00a0\u00bb.vc_custom_1734016874894{background-image: url(https:\/\/neurosurgicalsociety.lu\/wp-content\/uploads\/2024\/12\/Mask-Group-5.jpg?id=2) !important;background-position: center !important;background-repeat: no-repeat !important;background-size: cover !important;}\u00a0\u00bb][vc_row][vc_column][\/vc_column][\/vc_row][\/vc_section][vc_section full_width=\u00a0\u00bbstretch_row_content\u00a0\u00bb][vc_row full_width=\u00a0\u00bbstretch_row_content_no_spaces\u00a0\u00bb][vc_column width=\u00a0\u00bb2\/3&Prime; css=\u00a0\u00bb.vc_custom_1734118527335{background-color: #2B8899 !important;}\u00a0\u00bb el_class=\u00a0\u00bbmax-75-width\u00a0\u00bb][vc_column_text css=\u00a0\u00bb\u00a0\u00bb] L&rsquo;adh\u00e9sion [\/vc_column_text][\/vc_column][vc_column width=\u00a0\u00bb1\/3&Prime;][\/vc_column][\/vc_row][\/vc_section][vc_section css=\u00a0\u00bb.vc_custom_1737636891076{margin-top: 50px !important;margin-bottom:<span class=\"excerpt-hellip\"> [\u2026]<\/span><\/p>\n","protected":false},"author":1,"featured_media":-1,"parent":216,"menu_order":0,"comment_status":"closed","ping_status":"closed","template":"","meta":{"footnotes":""},"class_list":["post-413","page","type-page","status-publish","has-post-thumbnail","hentry"],"yoast_head":"<!-- This site is optimized with the Yoast SEO plugin v26.2 - https:\/\/yoast.com\/wordpress\/plugins\/seo\/ -->\n<title>Formulaire d\u2019inscription - neurosurgicalsociety<\/title>\n<meta name=\"robots\" content=\"index, follow, max-snippet:-1, max-image-preview:large, max-video-preview:-1\" \/>\n<link rel=\"canonical\" href=\"https:\/\/neurosurgicalsociety.lu\/fr\/les-membres\/formulaire-dinscription\/\" \/>\n<meta property=\"og:locale\" content=\"fr_FR\" \/>\n<meta property=\"og:type\" content=\"article\" \/>\n<meta property=\"og:title\" content=\"Formulaire d\u2019inscription - neurosurgicalsociety\" \/>\n<meta property=\"og:description\" content=\"[vc_section full_width=\u00a0\u00bbstretch_row\u00a0\u00bb min_height=\u00a0\u00bb289&Prime; css=\u00a0\u00bb.vc_custom_1734016874894{background-image: url(https:\/\/neurosurgicalsociety.lu\/wp-content\/uploads\/2024\/12\/Mask-Group-5.jpg?id=2) !important;background-position: center !important;background-repeat: no-repeat !important;background-size: cover !important;}\u00a0\u00bb][vc_row][vc_column][\/vc_column][\/vc_row][\/vc_section][vc_section full_width=\u00a0\u00bbstretch_row_content\u00a0\u00bb][vc_row full_width=\u00a0\u00bbstretch_row_content_no_spaces\u00a0\u00bb][vc_column width=\u00a0\u00bb2\/3&Prime; css=\u00a0\u00bb.vc_custom_1734118527335{background-color: #2B8899 !important;}\u00a0\u00bb el_class=\u00a0\u00bbmax-75-width\u00a0\u00bb][vc_column_text css=\u00a0\u00bb\u00a0\u00bb] L&rsquo;adh\u00e9sion [\/vc_column_text][\/vc_column][vc_column width=\u00a0\u00bb1\/3&Prime;][\/vc_column][\/vc_row][\/vc_section][vc_section css=\u00a0\u00bb.vc_custom_1737636891076{margin-top: 50px !important;margin-bottom: [\u2026]\" \/>\n<meta property=\"og:url\" content=\"https:\/\/neurosurgicalsociety.lu\/fr\/les-membres\/formulaire-dinscription\/\" \/>\n<meta property=\"og:site_name\" content=\"neurosurgicalsociety\" \/>\n<meta property=\"article:modified_time\" content=\"2026-03-10T08:06:21+00:00\" \/>\n<meta name=\"twitter:card\" content=\"summary_large_image\" \/>\n<meta name=\"twitter:label1\" content=\"Dur\u00e9e de lecture estim\u00e9e\" \/>\n\t<meta name=\"twitter:data1\" content=\"1 minute\" \/>\n<script type=\"application\/ld+json\" class=\"yoast-schema-graph\">{\"@context\":\"https:\/\/schema.org\",\"@graph\":[{\"@type\":\"WebPage\",\"@id\":\"https:\/\/neurosurgicalsociety.lu\/fr\/les-membres\/formulaire-dinscription\/\",\"url\":\"https:\/\/neurosurgicalsociety.lu\/fr\/les-membres\/formulaire-dinscription\/\",\"name\":\"Formulaire d\u2019inscription - neurosurgicalsociety\",\"isPartOf\":{\"@id\":\"https:\/\/neurosurgicalsociety.lu\/#website\"},\"datePublished\":\"2025-01-23T12:35:59+00:00\",\"dateModified\":\"2026-03-10T08:06:21+00:00\",\"breadcrumb\":{\"@id\":\"https:\/\/neurosurgicalsociety.lu\/fr\/les-membres\/formulaire-dinscription\/#breadcrumb\"},\"inLanguage\":\"fr-FR\",\"potentialAction\":[{\"@type\":\"ReadAction\",\"target\":[\"https:\/\/neurosurgicalsociety.lu\/fr\/les-membres\/formulaire-dinscription\/\"]}]},{\"@type\":\"BreadcrumbList\",\"@id\":\"https:\/\/neurosurgicalsociety.lu\/fr\/les-membres\/formulaire-dinscription\/#breadcrumb\",\"itemListElement\":[{\"@type\":\"ListItem\",\"position\":1,\"name\":\"Home\",\"item\":\"https:\/\/neurosurgicalsociety.lu\/fr\/\"},{\"@type\":\"ListItem\",\"position\":2,\"name\":\"Les membres\",\"item\":\"https:\/\/neurosurgicalsociety.lu\/fr\/les-membres\/\"},{\"@type\":\"ListItem\",\"position\":3,\"name\":\"Formulaire d\u2019inscription\"}]},{\"@type\":\"WebSite\",\"@id\":\"https:\/\/neurosurgicalsociety.lu\/#website\",\"url\":\"https:\/\/neurosurgicalsociety.lu\/\",\"name\":\"neurosurgicalsociety\",\"description\":\"neurosurgicalsociety\",\"potentialAction\":[{\"@type\":\"SearchAction\",\"target\":{\"@type\":\"EntryPoint\",\"urlTemplate\":\"https:\/\/neurosurgicalsociety.lu\/?s={search_term_string}\"},\"query-input\":{\"@type\":\"PropertyValueSpecification\",\"valueRequired\":true,\"valueName\":\"search_term_string\"}}],\"inLanguage\":\"fr-FR\"}]}<\/script>\n<!-- \/ Yoast SEO plugin. -->","yoast_head_json":{"title":"Formulaire d\u2019inscription - neurosurgicalsociety","robots":{"index":"index","follow":"follow","max-snippet":"max-snippet:-1","max-image-preview":"max-image-preview:large","max-video-preview":"max-video-preview:-1"},"canonical":"https:\/\/neurosurgicalsociety.lu\/fr\/les-membres\/formulaire-dinscription\/","og_locale":"fr_FR","og_type":"article","og_title":"Formulaire d\u2019inscription - neurosurgicalsociety","og_description":"[vc_section full_width=\u00a0\u00bbstretch_row\u00a0\u00bb min_height=\u00a0\u00bb289&Prime; css=\u00a0\u00bb.vc_custom_1734016874894{background-image: url(https:\/\/neurosurgicalsociety.lu\/wp-content\/uploads\/2024\/12\/Mask-Group-5.jpg?id=2) !important;background-position: center !important;background-repeat: no-repeat !important;background-size: cover !important;}\u00a0\u00bb][vc_row][vc_column][\/vc_column][\/vc_row][\/vc_section][vc_section full_width=\u00a0\u00bbstretch_row_content\u00a0\u00bb][vc_row full_width=\u00a0\u00bbstretch_row_content_no_spaces\u00a0\u00bb][vc_column width=\u00a0\u00bb2\/3&Prime; css=\u00a0\u00bb.vc_custom_1734118527335{background-color: #2B8899 !important;}\u00a0\u00bb el_class=\u00a0\u00bbmax-75-width\u00a0\u00bb][vc_column_text css=\u00a0\u00bb\u00a0\u00bb] L&rsquo;adh\u00e9sion [\/vc_column_text][\/vc_column][vc_column width=\u00a0\u00bb1\/3&Prime;][\/vc_column][\/vc_row][\/vc_section][vc_section css=\u00a0\u00bb.vc_custom_1737636891076{margin-top: 50px !important;margin-bottom: [\u2026]","og_url":"https:\/\/neurosurgicalsociety.lu\/fr\/les-membres\/formulaire-dinscription\/","og_site_name":"neurosurgicalsociety","article_modified_time":"2026-03-10T08:06:21+00:00","twitter_card":"summary_large_image","twitter_misc":{"Dur\u00e9e de lecture estim\u00e9e":"1 minute"},"schema":{"@context":"https:\/\/schema.org","@graph":[{"@type":"WebPage","@id":"https:\/\/neurosurgicalsociety.lu\/fr\/les-membres\/formulaire-dinscription\/","url":"https:\/\/neurosurgicalsociety.lu\/fr\/les-membres\/formulaire-dinscription\/","name":"Formulaire d\u2019inscription - neurosurgicalsociety","isPartOf":{"@id":"https:\/\/neurosurgicalsociety.lu\/#website"},"datePublished":"2025-01-23T12:35:59+00:00","dateModified":"2026-03-10T08:06:21+00:00","breadcrumb":{"@id":"https:\/\/neurosurgicalsociety.lu\/fr\/les-membres\/formulaire-dinscription\/#breadcrumb"},"inLanguage":"fr-FR","potentialAction":[{"@type":"ReadAction","target":["https:\/\/neurosurgicalsociety.lu\/fr\/les-membres\/formulaire-dinscription\/"]}]},{"@type":"BreadcrumbList","@id":"https:\/\/neurosurgicalsociety.lu\/fr\/les-membres\/formulaire-dinscription\/#breadcrumb","itemListElement":[{"@type":"ListItem","position":1,"name":"Home","item":"https:\/\/neurosurgicalsociety.lu\/fr\/"},{"@type":"ListItem","position":2,"name":"Les membres","item":"https:\/\/neurosurgicalsociety.lu\/fr\/les-membres\/"},{"@type":"ListItem","position":3,"name":"Formulaire d\u2019inscription"}]},{"@type":"WebSite","@id":"https:\/\/neurosurgicalsociety.lu\/#website","url":"https:\/\/neurosurgicalsociety.lu\/","name":"neurosurgicalsociety","description":"neurosurgicalsociety","potentialAction":[{"@type":"SearchAction","target":{"@type":"EntryPoint","urlTemplate":"https:\/\/neurosurgicalsociety.lu\/?s={search_term_string}"},"query-input":{"@type":"PropertyValueSpecification","valueRequired":true,"valueName":"search_term_string"}}],"inLanguage":"fr-FR"}]}},"_links":{"self":[{"href":"https:\/\/neurosurgicalsociety.lu\/fr\/wp-json\/wp\/v2\/pages\/413","targetHints":{"allow":["GET"]}}],"collection":[{"href":"https:\/\/neurosurgicalsociety.lu\/fr\/wp-json\/wp\/v2\/pages"}],"about":[{"href":"https:\/\/neurosurgicalsociety.lu\/fr\/wp-json\/wp\/v2\/types\/page"}],"author":[{"embeddable":true,"href":"https:\/\/neurosurgicalsociety.lu\/fr\/wp-json\/wp\/v2\/users\/1"}],"replies":[{"embeddable":true,"href":"https:\/\/neurosurgicalsociety.lu\/fr\/wp-json\/wp\/v2\/comments?post=413"}],"version-history":[{"count":7,"href":"https:\/\/neurosurgicalsociety.lu\/fr\/wp-json\/wp\/v2\/pages\/413\/revisions"}],"predecessor-version":[{"id":910,"href":"https:\/\/neurosurgicalsociety.lu\/fr\/wp-json\/wp\/v2\/pages\/413\/revisions\/910"}],"up":[{"embeddable":true,"href":"https:\/\/neurosurgicalsociety.lu\/fr\/wp-json\/wp\/v2\/pages\/216"}],"wp:featuredmedia":[{"embeddable":true,"href":"https:\/\/neurosurgicalsociety.lu\/fr\/wp-json\/"}],"wp:attachment":[{"href":"https:\/\/neurosurgicalsociety.lu\/fr\/wp-json\/wp\/v2\/media?parent=413"}],"curies":[{"name":"wp","href":"https:\/\/api.w.org\/{rel}","templated":true}]}}